 {"id":9444,"date":"2026-04-07T22:38:45","date_gmt":"2026-04-07T22:38:45","guid":{"rendered":"https:\/\/mtglawyers.com\/nj-personal-injury-claims-process\/"},"modified":"2026-04-10T18:52:48","modified_gmt":"2026-04-10T18:52:48","slug":"nj-personal-injury-claims-process","status":"publish","type":"page","link":"https:\/\/mtglawyers.com\/es\/nj-personal-injury-claims-process\/","title":{"rendered":"Proceso de Seguro y Reclamos por Lesiones Personales en NJ"},"content":{"rendered":"<p><strong>Proceso de reclamos por lesiones personales en NJ<\/strong> \u2014 los casos de reclamos por lesiones personales en Nueva Jersey requieren representaci\u00f3n legal experimentada. En Maxwell, Tassini &amp; Gardner, LLC en Spring Lake, ayudamos a clientes lesionados en los condados de Monmouth y Ocean a presentar sus reclamos. Si necesita un abogado que comprenda la ley de Nueva Jersey, llame al <a href=\"tel:+17322305003\">(732) 230-5003<\/a> para una consulta gratuita.<\/p>\n<h2>Proceso de Seguro y Reclamos por Lesiones Personales en NJ<\/h2>\n<p>Despu\u00e9s de una lesi\u00f3n personal en Nueva Jersey, navegar el proceso de reclamos de seguros puede ser abrumador. Desde presentar su reclamo inicial de PIP hasta negociar un acuerdo por lesiones corporales o presentar una demanda, cada paso tiene plazos, reglas y posibles errores que pueden reducir o eliminar su compensaci\u00f3n. MTG Lawyers gu\u00eda a las v\u00edctimas de accidentes en los condados de Monmouth y Ocean a trav\u00e9s de cada etapa del proceso de reclamos. A continuaci\u00f3n encontrar\u00e1 recursos detallados que cubren las preguntas m\u00e1s comunes que hacen nuestros clientes.<\/p>\n<h3>Datos Clave Sobre el Proceso de Reclamos en NJ<\/h3>\n<ul>\n<li>Nueva Jersey tiene un plazo de prescripci\u00f3n de dos a\u00f1os para la mayor\u00eda de los reclamos de lesiones personales (<strong>N.J.S.A. 2A:14-2<\/strong>).<\/li>\n<li>NJ sigue una regla de negligencia comparativa modificada \u2014 puede recuperar da\u00f1os siempre que no tenga m\u00e1s del 50% de culpa (<strong>N.J.S.A. 2A:15-5.1<\/strong>).<\/li>\n<li>Los ajustadores de seguros pueden usar declaraciones grabadas en su contra \u2014 consulte a un abogado antes de proporcionar una.<\/li>\n<li>La mayor\u00eda de los casos de lesiones personales en NJ se resuelven antes del juicio, pero tener un abogado dispuesto a ir a los tribunales fortalece su posici\u00f3n de negociaci\u00f3n.<\/li>\n<li>El valor del caso depende de las facturas m\u00e9dicas, salarios perdidos, gravedad de la lesi\u00f3n y el impacto en su vida diaria.<\/li>\n<\/ul>\n<h3>Explore Nuestros Recursos del Proceso de Reclamos<\/h3>\n<ul>\n<li><a href=\"https:\/\/mtglawyers.com\/es\/file-auto-insurance-claim-nj\/\">C\u00f3mo Presentar un Reclamo de Seguro de Auto en NJ<\/a><\/li>\n<li><a href=\"https:\/\/mtglawyers.com\/es\/recorded-statement-insurance-company-nj\/\">\u00bfDebo Dar una Declaraci\u00f3n Grabada?<\/a><\/li>\n<li><a href=\"https:\/\/mtglawyers.com\/es\/how-long-personal-injury-case-nj\/\">\u00bfCu\u00e1nto Tiempo Toma un Caso de Lesiones Personales?<\/a><\/li>\n<li><a href=\"https:\/\/mtglawyers.com\/es\/what-is-my-case-worth-nj\/\">\u00bfCu\u00e1nto Vale Mi Caso?<\/a><\/li>\n<li><a href=\"https:\/\/mtglawyers.com\/es\/insurance-company-denies-claim-nj\/\">\u00bfQu\u00e9 Pasa Si Mi Reclamo Es Denegado?<\/a><\/li>\n<li><a href=\"https:\/\/mtglawyers.com\/es\/statute-of-limitations-personal-injury-nj\/\">Plazo de Prescripci\u00f3n para Lesiones Personales<\/a><\/li>\n<li><a href=\"https:\/\/mtglawyers.com\/es\/settle-case-without-court-nj\/\">\u00bfPuedo Resolver Sin Ir a Juicio?<\/a><\/li>\n<li><a href=\"https:\/\/mtglawyers.com\/es\/mistakes-after-car-accident-nj\/\">Errores Comunes Despu\u00e9s de un Accidente de Auto<\/a><\/li>\n<\/ul>\n<h3>Comun\u00edquese con MTG Lawyers Hoy<\/h3>\n<p><strong>Maxwell, Tassini &amp; Gardner, LLC<\/strong><br \/>\n302 Washington Avenue, Suite 101<br \/>\nSpring Lake, NJ 07762<br \/>\nTel\u00e9fono: <a href=\"tel:+17322305003\">(732) 230-5003<\/a><br \/>\nSirviendo a los condados de Monmouth y Ocean<\/p>\n<p>Si result\u00f3 lesionado en un accidente en Nueva Jersey, puede tener un reclamo compensable. Llame a MTG Lawyers al <a href=\"tel:+17322305003\">(732) 230-5003<\/a> para una consulta gratuita y sin compromiso. Hablamos ingl\u00e9s y espa\u00f1ol. <em>Hablamos espa\u00f1ol.<\/em><\/p>\n<h2>El Cronograma de Reclamos por Lesiones Personales en NJ<\/h2>\n<p>Cada reclamo de lesiones personales en Nueva Jersey sigue una secuencia similar, pero el cronograma var\u00eda seg\u00fan la gravedad de la lesi\u00f3n, disputas de responsabilidad y t\u00e1cticas de las compa\u00f1\u00edas de seguros. Comprender el camino t\u00edpico le ayuda a establecer expectativas realistas y evitar errores comunes que reducen el valor del acuerdo.<\/p>\n<ul>\n<li><strong>Inmediatamente despu\u00e9s del accidente (D\u00eda 0-7):<\/strong> Busque atenci\u00f3n m\u00e9dica, reporte el accidente a su aseguradora, documente la escena y consulte a un abogado de lesiones personales antes de dar declaraciones grabadas.<\/li>\n<li><strong>Fase de tratamiento activo (Semanas 1-26):<\/strong> Siga todas las recomendaciones m\u00e9dicas, asista a cada cita y mantenga un diario de s\u00edntomas. No publique sobre el accidente en redes sociales.<\/li>\n<li><strong>Mejor\u00eda m\u00e9dica m\u00e1xima (MMI):<\/strong> Una vez que su m\u00e9dico determine que se ha recuperado tanto como podr\u00e1, podemos calcular con precisi\u00f3n los da\u00f1os incluyendo necesidades m\u00e9dicas futuras.<\/li>\n<li><strong>Carta de demanda:<\/strong> Su abogado env\u00eda a la aseguradora del culpable un paquete de demanda integral incluyendo registros m\u00e9dicos, facturas, documentaci\u00f3n de salarios perdidos y una demanda de acuerdo.<\/li>\n<li><strong>Negociaci\u00f3n:<\/strong> La mayor\u00eda de los reclamos se resuelven a trav\u00e9s de m\u00faltiples rondas de contraofertas. Esta fase t\u00edpicamente toma de 30 a 120 d\u00edas.<\/li>\n<li><strong>Litigio (si es necesario):<\/strong> Si la aseguradora rechaza una compensaci\u00f3n justa, presentamos demanda en el Tribunal Superior de NJ. La mayor\u00eda de los casos a\u00fan se resuelven durante el litigio, pero preparamos cada caso para juicio.<\/li>\n<\/ul>\n<p>El plazo de prescripci\u00f3n de NJ es generalmente de dos a\u00f1os desde la fecha del accidente bajo la <strong>N.J.S.A. 2A:14-2<\/strong>, por lo que es cr\u00edtico actuar mucho antes de esta fecha l\u00edmite.<\/p>\n<p>Comprender el proceso de reclamos por lesiones personales en NJ es esencial. Nuestros abogados manejan estos asuntos diariamente y saben c\u00f3mo maximizar su recuperaci\u00f3n. Un abogado en Maxwell, Tassini &amp; Gardner, LLC puede evaluar su reclamo durante una consulta gratuita.<\/p>\n<p><!-- MTG-SEO-TIER2-SECTION --><\/p>\n<h2>M\u00e1s Informaci\u00f3n Sobre el Proceso de Reclamos por Lesiones Personales en NJ<\/h2>\n<p>Para m\u00e1s informaci\u00f3n sobre el proceso de reclamos por lesiones personales en NJ, explore estos recursos relacionados:<\/p>\n<ul>\n<li><a href=\"https:\/\/mtglawyers.com\/es\/file-auto-insurance-claim-nj\/\">presentar reclamo de seguro de auto en NJ<\/a> \u2014 gu\u00eda relacionada de MTG Lawyers<\/li>\n<li><a href=\"https:\/\/mtglawyers.com\/es\/how-long-personal-injury-case-nj\/\">duraci\u00f3n de un caso de lesiones personales en NJ<\/a> \u2014 gu\u00eda relacionada de MTG Lawyers<\/li>\n<li><a href=\"https:\/\/mtglawyers.com\/es\/what-is-my-case-worth-nj\/\">valor de caso de lesiones personales en NJ<\/a> \u2014 gu\u00eda relacionada de MTG Lawyers<\/li>\n<li><a href=\"https:\/\/www.njcourts.gov\/self-help\" target=\"_blank\" rel=\"noopener\">recursos de autoayuda de los Tribunales de NJ<\/a> \u2014 recurso oficial de NJ<\/li>\n<\/ul>\n<p>Para orientaci\u00f3n personalizada sobre el proceso de reclamos por lesiones personales en NJ, comun\u00edquese con MTG Lawyers para una consulta gratuita. Llame al <a href=\"tel:+17322305003\">(732) 230-5003<\/a> o cont\u00e1ctenos en l\u00ednea hoy. Nuestros abogados de lesiones personales en NJ han ayudado a miles de v\u00edctimas de accidentes a recuperar la compensaci\u00f3n que merecen.<\/p>\n","protected":false},"excerpt":{"rendered":"<p>NJ personal injury claims process: Maxwell, Tassini &#038; Gardner in Spring Lake, NJ serves Monmouth and Ocean counties. Free consult. Call (732) 230-5003.<\/p>\n","protected":false},"author":1,"featured_media":2055,"parent":0,"menu_order":0,"comment_status":"closed","ping_status":"closed","template":"","meta":{"site-sidebar-layout":"default","site-content-layout":"","ast-site-content-layout":"default","site-content-style":"default","site-sidebar-style":"default","ast-global-header-display":"","ast-banner-title-visibility":"","ast-main-header-display":"","ast-hfb-above-header-display":"","ast-hfb-below-header-display":"","ast-hfb-mobile-header-display":"","site-post-title":"","ast-breadcrumbs-content":"","ast-featured-img":"","footer-sml-layout":"","ast-disable-related-posts":"","theme-transparent-header-meta":"default","adv-header-id-meta":"","stick-header-meta":"","header-above-stick-meta":"","header-main-stick-meta":"","header-below-stick-meta":"","astra-migrate-meta-layouts":"default","ast-page-background-enabled":"default","ast-page-background-meta":{"desktop":{"background-color":"var(--ast-global-color-5)","background-image":"","background-repeat":"repeat","background-position":"center center","background-size":"auto","background-attachment":"scroll","background-type":"","background-media":"","overlay-type":"","overlay-color":"","overlay-opacity":"","overlay-gradient":""},"tablet":{"background-color":"","background-image":"","background-repeat":"repeat","background-position":"center center","background-size":"auto","background-attachment":"scroll","background-type":"","background-media":"","overlay-type":"","overlay-color":"","overlay-opacity":"","overlay-gradient":""},"mobile":{"background-color":"","background-image":"","background-repeat":"repeat","background-position":"center center","background-size":"auto","background-attachment":"scroll","background-type":"","background-media":"","overlay-type":"","overlay-color":"","overlay-opacity":"","overlay-gradient":""}},"ast-content-background-meta":{"desktop":{"background-color":"var(--ast-global-color-4)","background-image":"","background-repeat":"repeat","background-position":"center center","background-size":"auto","background-attachment":"scroll","background-type":"","background-media":"","overlay-type":"","overlay-color":"","overlay-opacity":"","overlay-gradient":""},"tablet":{"background-color":"var(--ast-global-color-4)","background-image":"","background-repeat":"repeat","background-position":"center center","background-size":"auto","background-attachment":"scroll","background-type":"","background-media":"","overlay-type":"","overlay-color":"","overlay-opacity":"","overlay-gradient":""},"mobile":{"background-color":"var(--ast-global-color-4)","background-image":"","background-repeat":"repeat","background-position":"center center","background-size":"auto","background-attachment":"scroll","background-type":"","background-media":"","overlay-type":"","overlay-color":"","overlay-opacity":"","overlay-gradient":""}},"footnotes":""},"class_list":["post-9444","page","type-page","status-publish","has-post-thumbnail","hentry"],"_links":{"self":[{"href":"https:\/\/mtglawyers.com\/es\/wp-json\/wp\/v2\/pages\/9444","targetHints":{"allow":["GET"]}}],"collection":[{"href":"https:\/\/mtglawyers.com\/es\/wp-json\/wp\/v2\/pages"}],"about":[{"href":"https:\/\/mtglawyers.com\/es\/wp-json\/wp\/v2\/types\/page"}],"author":[{"embeddable":true,"href":"https:\/\/mtglawyers.com\/es\/wp-json\/wp\/v2\/users\/1"}],"replies":[{"embeddable":true,"href":"https:\/\/mtglawyers.com\/es\/wp-json\/wp\/v2\/comments?post=9444"}],"version-history":[{"count":2,"href":"https:\/\/mtglawyers.com\/es\/wp-json\/wp\/v2\/pages\/9444\/revisions"}],"predecessor-version":[{"id":9556,"href":"https:\/\/mtglawyers.com\/es\/wp-json\/wp\/v2\/pages\/9444\/revisions\/9556"}],"wp:featuredmedia":[{"embeddable":true,"href":"https:\/\/mtglawyers.com\/es\/wp-json\/wp\/v2\/media\/2055"}],"wp:attachment":[{"href":"https:\/\/mtglawyers.com\/es\/wp-json\/wp\/v2\/media?parent=9444"}],"curies":[{"name":"wp","href":"https:\/\/api.w.org\/{rel}","templated":true}]}}