 {"id":9439,"date":"2026-04-07T22:39:16","date_gmt":"2026-04-07T22:39:16","guid":{"rendered":"https:\/\/mtglawyers.com\/statute-of-limitations-personal-injury-nj\/"},"modified":"2026-04-10T18:49:07","modified_gmt":"2026-04-10T18:49:07","slug":"statute-of-limitations-personal-injury-nj","status":"publish","type":"page","link":"https:\/\/mtglawyers.com\/es\/statute-of-limitations-personal-injury-nj\/","title":{"rendered":"\u00bfCu\u00e1l Es el Plazo de Prescripci\u00f3n para Lesiones Personales en NJ?"},"content":{"rendered":"<p><strong>Plazo de prescripci\u00f3n de lesiones personales en NJ<\/strong> \u2014 los casos de plazos de prescripci\u00f3n en Nueva Jersey requieren representaci\u00f3n legal experimentada. En Maxwell, Tassini &amp; Gardner, LLC en Spring Lake, ayudamos a clientes lesionados en los condados de Monmouth y Ocean a presentar sus reclamos. Si necesita un abogado que comprenda la ley de Nueva Jersey, llame al <a href=\"tel:+17322305003\">(732) 230-5003<\/a> para una consulta gratuita.<\/p>\n<h2>\u00bfCu\u00e1l Es el Plazo de Prescripci\u00f3n para Lesiones Personales en NJ?<\/h2>\n<p>El plazo de prescripci\u00f3n es la fecha l\u00edmite legal para presentar una demanda. En Nueva Jersey, si no cumple con el plazo de prescripci\u00f3n para su reclamo de lesiones personales, pierde el derecho a demandar \u2014 sin importar cu\u00e1n fuerte pueda ser su caso. Comprender esta fecha l\u00edmite y cualquier excepci\u00f3n que pueda aplicar es uno de los aspectos m\u00e1s importantes de proteger sus derechos legales despu\u00e9s de un accidente.<\/p>\n<h3>La Regla General: Dos A\u00f1os<\/h3>\n<p>Bajo la <strong>N.J.S.A. 2A:14-2<\/strong>, el plazo de prescripci\u00f3n para la mayor\u00eda de los reclamos de lesiones personales en Nueva Jersey es de dos a\u00f1os desde la fecha del accidente. Esto significa que debe presentar su demanda en el tribunal dentro de los dos a\u00f1os posteriores a la fecha en que result\u00f3 lesionado. Si no presenta dentro de esta ventana, el tribunal casi con certeza desestimar\u00e1 su caso.<\/p>\n<h3>Excepciones y Circunstancias Especiales<\/h3>\n<p>Si bien la regla de dos a\u00f1os aplica a la mayor\u00eda de los casos, varias excepciones pueden extender o acortar el plazo:<\/p>\n<ul>\n<li><strong>Menores:<\/strong> Si la persona lesionada es menor de 18 a\u00f1os al momento del accidente, el reloj de dos a\u00f1os no comienza a correr hasta que cumpla 18 a\u00f1os. Esto significa que un menor tiene hasta su vig\u00e9simo cumplea\u00f1os para presentar una demanda.<\/li>\n<li><strong>Incapacidad mental:<\/strong> Si la persona lesionada est\u00e1 mentalmente incapacitada al momento de la lesi\u00f3n, el plazo puede ser suspendido hasta que la incapacidad termine.<\/li>\n<li><strong>Regla de descubrimiento:<\/strong> En casos raros donde la lesi\u00f3n no podr\u00eda haberse descubierto razonablemente al momento del accidente, el plazo puede comenzar a correr desde la fecha en que la lesi\u00f3n fue descubierta o deber\u00eda haber sido descubierta.<\/li>\n<li><strong>Entidades gubernamentales:<\/strong> Si su reclamo es contra una entidad gubernamental (por ejemplo, un autob\u00fas municipal, un departamento de autopistas estatal, un empleado p\u00fablico), debe presentar un aviso de reclamo por agravio dentro de los <strong>90 d\u00edas<\/strong> del accidente bajo la Ley de Reclamos por Agravio de Nueva Jersey (<strong>N.J.S.A. 59:8-8<\/strong>). La demanda real a\u00fan debe presentarse dentro de dos a\u00f1os, pero no cumplir con el requisito de aviso de 90 d\u00edas puede bloquear su reclamo por completo.<\/li>\n<li><strong>Muerte injusta:<\/strong> El plazo de prescripci\u00f3n para reclamos por muerte injusta es de dos a\u00f1os desde la fecha de la muerte (<strong>N.J.S.A. 2A:31-3<\/strong>), que puede diferir de la fecha del accidente si la v\u00edctima sobrevivi\u00f3 por un per\u00edodo antes de fallecer.<\/li>\n<\/ul>\n<h3>Por Qu\u00e9 No Debe Esperar<\/h3>\n<p>Aunque tiene dos a\u00f1os, esperar para presentar puede perjudicar seriamente su caso:<\/p>\n<ul>\n<li><strong>La evidencia se deteriora:<\/strong> Los testigos olvidan detalles, las grabaciones de vigilancia se sobrescriben y la evidencia f\u00edsica se pierde o destruye. Preservar la evidencia temprano es cr\u00edtico.<\/li>\n<li><strong>Los recuerdos se desvanecen:<\/strong> Cuanto m\u00e1s espere, menos confiable se vuelve el testimonio de los testigos.<\/li>\n<li><strong>Complicaciones de seguros:<\/strong> Los reclamos retrasados enfrentan mayor escrutinio y escepticismo de los ajustadores de seguros.<\/li>\n<li><strong>Brechas en la documentaci\u00f3n m\u00e9dica:<\/strong> Si no ha estado recibiendo tratamiento consistente, el retraso crea brechas que la defensa explotar\u00e1.<\/li>\n<\/ul>\n<h3>El Plazo de Prescripci\u00f3n y las Negociaciones de Acuerdo<\/h3>\n<p>Muchos casos de lesiones personales se resuelven a trav\u00e9s de un acuerdo antes de que se presente una demanda. Sin embargo, el plazo de prescripci\u00f3n crea una fecha l\u00edmite firme que a\u00f1ade urgencia a las negociaciones. Si las conversaciones de acuerdo se rompen y el plazo est\u00e1 por vencer, su abogado debe presentar una demanda para preservar su derecho a recuperar. Por eso es tan importante contratar a un abogado temprano en el proceso \u2014 mucho antes de la fecha l\u00edmite de dos a\u00f1os.<\/p>\n<h3>No Asuma que Tiene Tiempo<\/h3>\n<p>Si result\u00f3 lesionado en un accidente de auto, resbal\u00f3n y ca\u00edda, accidente de construcci\u00f3n o cualquier otro incidente en Nueva Jersey, consulte a un abogado de lesiones personales lo antes posible. El plazo de prescripci\u00f3n de dos a\u00f1os puede parecer generoso, pero el tiempo pasa r\u00e1pidamente \u2014 y ciertos reclamos, particularmente aquellos que involucran entidades gubernamentales, tienen plazos mucho m\u00e1s cortos.<\/p>\n<h3>Comun\u00edquese con MTG Lawyers Hoy<\/h3>\n<p><strong>Maxwell, Tassini &amp; Gardner, LLC<\/strong><br \/>\n302 Washington Avenue, Suite 101<br \/>\nSpring Lake, NJ 07762<br \/>\nTel\u00e9fono: <a href=\"tel:+17322305003\">(732) 230-5003<\/a><br \/>\nSirviendo a los condados de Monmouth y Ocean<\/p>\n<p>Si result\u00f3 lesionado en un accidente en Nueva Jersey, puede tener un reclamo compensable. Llame a MTG Lawyers al <a href=\"tel:+17322305003\">(732) 230-5003<\/a> para una consulta gratuita y sin compromiso. Hablamos ingl\u00e9s y espa\u00f1ol. <em>Hablamos espa\u00f1ol.<\/em><\/p>\n<p>Comprender el plazo de prescripci\u00f3n de lesiones personales en NJ es esencial. Nuestros abogados manejan estos asuntos diariamente y saben c\u00f3mo maximizar su recuperaci\u00f3n. Un abogado en Maxwell, Tassini &amp; Gardner, LLC puede evaluar su reclamo durante una consulta gratuita.<\/p>\n<p><!-- MTG-SEO-TIER2-SECTION --><\/p>\n<h2>M\u00e1s Informaci\u00f3n Sobre el Plazo de Prescripci\u00f3n de Lesiones Personales en NJ<\/h2>\n<p>Para m\u00e1s informaci\u00f3n sobre el plazo de prescripci\u00f3n de lesiones personales en NJ, explore estos recursos relacionados:<\/p>\n<ul>\n<li><a href=\"https:\/\/mtglawyers.com\/es\/why-hire-nj-personal-injury-lawyer\/\">por qu\u00e9 contratar un abogado de lesiones personales en NJ<\/a> \u2014 gu\u00eda relacionada de MTG Lawyers<\/li>\n<li><a href=\"https:\/\/mtglawyers.com\/es\/pip-claim-deadlines-nj\/\">plazos de reclamo PIP en NJ<\/a> \u2014 gu\u00eda relacionada de MTG Lawyers<\/li>\n<li><a href=\"https:\/\/mtglawyers.com\/es\/wrongful-death-claim-nj\/\">reclamo por muerte injusta en NJ<\/a> \u2014 gu\u00eda relacionada de MTG Lawyers<\/li>\n<li><a href=\"https:\/\/law.justia.com\/codes\/new-jersey\/title-2a\/section-2a-14-2\/\" target=\"_blank\" rel=\"noopener\">N.J.S.A. 2A:14-2<\/a> \u2014 recurso oficial de NJ<\/li>\n<\/ul>\n<p>Para orientaci\u00f3n personalizada sobre el plazo de prescripci\u00f3n de lesiones personales en NJ, comun\u00edquese con MTG Lawyers para una consulta gratuita. Llame al <a href=\"tel:+17322305003\">(732) 230-5003<\/a> o cont\u00e1ctenos en l\u00ednea hoy. Nuestros abogados de lesiones personales en NJ han ayudado a miles de v\u00edctimas de accidentes a recuperar la compensaci\u00f3n que merecen.<\/p>\n","protected":false},"excerpt":{"rendered":"<p>NJ personal injury statute of limitations: Maxwell, Tassini &#038; Gardner in Spring Lake, NJ serves Monmouth and Ocean counties. Free consult. Call (732) 230-5003.<\/p>\n","protected":false},"author":1,"featured_media":2054,"parent":0,"menu_order":0,"comment_status":"closed","ping_status":"closed","template":"","meta":{"site-sidebar-layout":"default","site-content-layout":"","ast-site-content-layout":"default","site-content-style":"default","site-sidebar-style":"default","ast-global-header-display":"","ast-banner-title-visibility":"","ast-main-header-display":"","ast-hfb-above-header-display":"","ast-hfb-below-header-display":"","ast-hfb-mobile-header-display":"","site-post-title":"","ast-breadcrumbs-content":"","ast-featured-img":"","footer-sml-layout":"","ast-disable-related-posts":"","theme-transparent-header-meta":"default","adv-header-id-meta":"","stick-header-meta":"","header-above-stick-meta":"","header-main-stick-meta":"","header-below-stick-meta":"","astra-migrate-meta-layouts":"default","ast-page-background-enabled":"default","ast-page-background-meta":{"desktop":{"background-color":"var(--ast-global-color-5)","background-image":"","background-repeat":"repeat","background-position":"center center","background-size":"auto","background-attachment":"scroll","background-type":"","background-media":"","overlay-type":"","overlay-color":"","overlay-opacity":"","overlay-gradient":""},"tablet":{"background-color":"","background-image":"","background-repeat":"repeat","background-position":"center center","background-size":"auto","background-attachment":"scroll","background-type":"","background-media":"","overlay-type":"","overlay-color":"","overlay-opacity":"","overlay-gradient":""},"mobile":{"background-color":"","background-image":"","background-repeat":"repeat","background-position":"center center","background-size":"auto","background-attachment":"scroll","background-type":"","background-media":"","overlay-type":"","overlay-color":"","overlay-opacity":"","overlay-gradient":""}},"ast-content-background-meta":{"desktop":{"background-color":"var(--ast-global-color-4)","background-image":"","background-repeat":"repeat","background-position":"center center","background-size":"auto","background-attachment":"scroll","background-type":"","background-media":"","overlay-type":"","overlay-color":"","overlay-opacity":"","overlay-gradient":""},"tablet":{"background-color":"var(--ast-global-color-4)","background-image":"","background-repeat":"repeat","background-position":"center center","background-size":"auto","background-attachment":"scroll","background-type":"","background-media":"","overlay-type":"","overlay-color":"","overlay-opacity":"","overlay-gradient":""},"mobile":{"background-color":"var(--ast-global-color-4)","background-image":"","background-repeat":"repeat","background-position":"center center","background-size":"auto","background-attachment":"scroll","background-type":"","background-media":"","overlay-type":"","overlay-color":"","overlay-opacity":"","overlay-gradient":""}},"footnotes":""},"class_list":["post-9439","page","type-page","status-publish","has-post-thumbnail","hentry"],"_links":{"self":[{"href":"https:\/\/mtglawyers.com\/es\/wp-json\/wp\/v2\/pages\/9439","targetHints":{"allow":["GET"]}}],"collection":[{"href":"https:\/\/mtglawyers.com\/es\/wp-json\/wp\/v2\/pages"}],"about":[{"href":"https:\/\/mtglawyers.com\/es\/wp-json\/wp\/v2\/types\/page"}],"author":[{"embeddable":true,"href":"https:\/\/mtglawyers.com\/es\/wp-json\/wp\/v2\/users\/1"}],"replies":[{"embeddable":true,"href":"https:\/\/mtglawyers.com\/es\/wp-json\/wp\/v2\/comments?post=9439"}],"version-history":[{"count":2,"href":"https:\/\/mtglawyers.com\/es\/wp-json\/wp\/v2\/pages\/9439\/revisions"}],"predecessor-version":[{"id":9551,"href":"https:\/\/mtglawyers.com\/es\/wp-json\/wp\/v2\/pages\/9439\/revisions\/9551"}],"wp:featuredmedia":[{"embeddable":true,"href":"https:\/\/mtglawyers.com\/es\/wp-json\/wp\/v2\/media\/2054"}],"wp:attachment":[{"href":"https:\/\/mtglawyers.com\/es\/wp-json\/wp\/v2\/media?parent=9439"}],"curies":[{"name":"wp","href":"https:\/\/api.w.org\/{rel}","templated":true}]}}