 {"id":9430,"date":"2026-04-07T22:39:22","date_gmt":"2026-04-07T22:39:22","guid":{"rendered":"https:\/\/mtglawyers.com\/how-long-personal-injury-case-nj\/"},"modified":"2026-04-10T18:36:45","modified_gmt":"2026-04-10T18:36:45","slug":"how-long-personal-injury-case-nj","status":"publish","type":"page","link":"https:\/\/mtglawyers.com\/es\/how-long-personal-injury-case-nj\/","title":{"rendered":"\u00bfCu\u00e1nto Tiempo Toma un Caso de Lesiones Personales en NJ?"},"content":{"rendered":"<p><strong>Duraci\u00f3n de un caso de lesiones personales en NJ<\/strong> \u2014 los casos de lesiones personales en Nueva Jersey requieren representaci\u00f3n legal experimentada. En Maxwell, Tassini &amp; Gardner, LLC en Spring Lake, ayudamos a clientes lesionados en los condados de Monmouth y Ocean a presentar sus reclamos. Si necesita un abogado que comprenda la ley de Nueva Jersey, llame al <a href=\"tel:+17322305003\">(732) 230-5003<\/a> para una consulta gratuita.<\/p>\n<h2>\u00bfCu\u00e1nto Tiempo Toma un Caso de Lesiones Personales en NJ?<\/h2>\n<p>Una de las primeras preguntas que hacen las v\u00edctimas de accidentes lesionadas es cu\u00e1nto tiempo tomar\u00e1 resolver su caso. Si bien cada caso es diferente, comprender las etapas y plazos t\u00edpicos de un caso de lesiones personales en Nueva Jersey puede ayudarle a establecer expectativas realistas y tomar decisiones informadas durante todo el proceso.<\/p>\n<h3>Factores que Afectan la Duraci\u00f3n del Caso<\/h3>\n<p>Varios factores determinan cu\u00e1nto tiempo tomar\u00e1 su caso:<\/p>\n<ul>\n<li><strong>Gravedad de las lesiones:<\/strong> Las lesiones m\u00e1s graves requieren un tratamiento m\u00e1s prolongado antes de que el caso pueda ser evaluado y resuelto. Un caso que involucra una lesi\u00f3n menor de tejidos blandos puede resolverse en 6 a 9 meses, mientras que un caso que involucra cirug\u00eda o una lesi\u00f3n cerebral traum\u00e1tica puede tomar de 2 a 4 a\u00f1os.<\/li>\n<li><strong>Duraci\u00f3n del tratamiento m\u00e9dico:<\/strong> Su caso no debe resolverse hasta que alcance la mejor\u00eda m\u00e9dica m\u00e1xima (MMI) \u2014 el punto en el que su condici\u00f3n se ha estabilizado.<\/li>\n<li><strong>Disputas de responsabilidad:<\/strong> Si la culpa es disputada o la negligencia comparativa est\u00e1 en cuesti\u00f3n, el caso puede tomar m\u00e1s tiempo en resolverse.<\/li>\n<li><strong>Cooperaci\u00f3n de la compa\u00f1\u00eda de seguros:<\/strong> Algunos aseguradores negocian de buena fe; otros retrasan, niegan y litigan agresivamente.<\/li>\n<li><strong>Si se presenta una demanda:<\/strong> Los casos que se resuelven durante la fase previa al litigio se resuelven m\u00e1s r\u00e1pido que aquellos que requieren una demanda formal.<\/li>\n<\/ul>\n<h3>Plazo T\u00edpico: Acuerdo Previo al Litigio<\/h3>\n<p>Muchos casos de lesiones personales en NJ se resuelven sin presentar una demanda. El plazo t\u00edpico previo al litigio es:<\/p>\n<ul>\n<li><strong>Meses 1-6:<\/strong> Tratamiento m\u00e9dico y recuperaci\u00f3n. Su abogado recopila registros, documenta da\u00f1os y monitorea su tratamiento.<\/li>\n<li><strong>Meses 6-12:<\/strong> Una vez que el tratamiento se completa o se alcanza el MMI, su abogado prepara un paquete de demanda integral y lo env\u00eda a la aseguradora del conductor culpable.<\/li>\n<li><strong>Meses 9-15:<\/strong> Fase de negociaci\u00f3n. La aseguradora responde con una contraoferta y las negociaciones de acuerdo proceden a trav\u00e9s de m\u00faltiples rondas.<\/li>\n<li><strong>Resoluci\u00f3n:<\/strong> Si se alcanza un acuerdo justo, el caso se cierra. Usted recibe su cheque de acuerdo dentro de 2 a 4 semanas despu\u00e9s de firmar la liberaci\u00f3n.<\/li>\n<\/ul>\n<h3>Plazo T\u00edpico: Litigio<\/h3>\n<p>Si las negociaciones previas al litigio fallan, su abogado presentar\u00e1 una demanda. El plazo de litigio en Nueva Jersey t\u00edpicamente se ve as\u00ed:<\/p>\n<ul>\n<li><strong>Presentaci\u00f3n y notificaci\u00f3n:<\/strong> La demanda se presenta en el Tribunal Superior y se notifica al demandado.<\/li>\n<li><strong>Descubrimiento (6-12 meses):<\/strong> Ambas partes intercambian documentos, toman deposiciones y contratan testigos expertos.<\/li>\n<li><strong>Mediaci\u00f3n o arbitraje:<\/strong> Muchos tribunales de NJ requieren o fomentan la resoluci\u00f3n alternativa de disputas antes del juicio.<\/li>\n<li><strong>Juicio:<\/strong> Si el caso no se resuelve en la mediaci\u00f3n, procede a juicio. Dependiendo del condado y el calendario del tribunal, el juicio puede ocurrir de 18 a 36 meses despu\u00e9s de que se presente la demanda.<\/li>\n<\/ul>\n<h3>Por Qu\u00e9 Importa la Paciencia<\/h3>\n<p>Resolver demasiado r\u00e1pido es uno de los mayores errores que cometen las v\u00edctimas de accidentes. Las compa\u00f1\u00edas de seguros saben que las personas lesionadas a menudo est\u00e1n bajo presi\u00f3n financiera y pueden aceptar una oferta baja para obtener dinero r\u00e1pido. Un acuerdo prematuro puede ser mucho menos de lo que su caso realmente vale. El trabajo de su abogado es equilibrar el deseo de una resoluci\u00f3n oportuna con la necesidad de maximizar su recuperaci\u00f3n.<\/p>\n<h3>El Plazo de Prescripci\u00f3n<\/h3>\n<p>En Nueva Jersey, generalmente tiene dos a\u00f1os desde la fecha del accidente para presentar una demanda por lesiones personales (<strong>N.J.S.A. 2A:14-2<\/strong>). Si bien dos a\u00f1os pueden parecer mucho tiempo, la fase de tratamiento m\u00e9dico, investigaci\u00f3n y negociaci\u00f3n previa al litigio pueden consumir la mayor parte de ese per\u00edodo. No espere hasta el \u00faltimo minuto para consultar a un abogado \u2014 comenzar temprano proporciona la mejor oportunidad para una investigaci\u00f3n exhaustiva y un caso s\u00f3lido.<\/p>\n<h3>Comun\u00edquese con MTG Lawyers Hoy<\/h3>\n<p><strong>Maxwell, Tassini &amp; Gardner, LLC<\/strong><br \/>\n302 Washington Avenue, Suite 101<br \/>\nSpring Lake, NJ 07762<br \/>\nTel\u00e9fono: <a href=\"tel:+17322305003\">(732) 230-5003<\/a><br \/>\nSirviendo a los condados de Monmouth y Ocean<\/p>\n<p>Si result\u00f3 lesionado en un accidente en Nueva Jersey, puede tener un reclamo compensable. Llame a MTG Lawyers al <a href=\"tel:+17322305003\">(732) 230-5003<\/a> para una consulta gratuita y sin compromiso. Hablamos ingl\u00e9s y espa\u00f1ol. <em>Hablamos espa\u00f1ol.<\/em><\/p>\n<p>Comprender la duraci\u00f3n de un caso de lesiones personales en NJ es esencial. Nuestros abogados manejan estos asuntos diariamente y saben c\u00f3mo maximizar su recuperaci\u00f3n. Un abogado en Maxwell, Tassini &amp; Gardner, LLC puede evaluar su reclamo durante una consulta gratuita.<\/p>\n<p><!-- MTG-SEO-TIER2-SECTION --><\/p>\n<h2>M\u00e1s Informaci\u00f3n Sobre la Duraci\u00f3n de Casos de Lesiones Personales en NJ<\/h2>\n<p>Para m\u00e1s informaci\u00f3n sobre la duraci\u00f3n de casos de lesiones personales en NJ, explore estos recursos relacionados:<\/p>\n<ul>\n<li><a href=\"https:\/\/mtglawyers.com\/es\/settle-injury-case-without-court-nj\/\">resolver caso de lesiones sin ir a juicio en NJ<\/a> \u2014 gu\u00eda relacionada de MTG Lawyers<\/li>\n<li><a href=\"https:\/\/mtglawyers.com\/es\/nj-personal-injury-case-value\/\">valor de caso de lesiones personales en NJ<\/a> \u2014 gu\u00eda relacionada de MTG Lawyers<\/li>\n<li><a href=\"https:\/\/mtglawyers.com\/es\/nj-personal-injury-statute-of-limitations\/\">plazo de prescripci\u00f3n de lesiones personales en NJ<\/a> \u2014 gu\u00eda relacionada de MTG Lawyers<\/li>\n<li><a href=\"https:\/\/www.njcourts.gov\/courts\/civil\" target=\"_blank\" rel=\"noopener\">Divisi\u00f3n Civil de los Tribunales de NJ<\/a> \u2014 recurso oficial de NJ<\/li>\n<\/ul>\n<p>Para orientaci\u00f3n personalizada sobre la duraci\u00f3n de su caso de lesiones personales en NJ, comun\u00edquese con MTG Lawyers para una consulta gratuita. Llame al <a href=\"tel:+17322305003\">(732) 230-5003<\/a> o cont\u00e1ctenos en l\u00ednea hoy. Nuestros abogados de lesiones personales en NJ han ayudado a miles de v\u00edctimas de accidentes a recuperar la compensaci\u00f3n que merecen.<\/p>\n","protected":false},"excerpt":{"rendered":"<p>NJ personal injury case length: Maxwell, Tassini &#038; Gardner, LLC in Spring Lake, NJ serves Monmouth and Ocean counties. Free consultation. Call (732) 230-5003.<\/p>\n","protected":false},"author":1,"featured_media":2054,"parent":0,"menu_order":0,"comment_status":"closed","ping_status":"closed","template":"","meta":{"site-sidebar-layout":"default","site-content-layout":"","ast-site-content-layout":"default","site-content-style":"default","site-sidebar-style":"default","ast-global-header-display":"","ast-banner-title-visibility":"","ast-main-header-display":"","ast-hfb-above-header-display":"","ast-hfb-below-header-display":"","ast-hfb-mobile-header-display":"","site-post-title":"","ast-breadcrumbs-content":"","ast-featured-img":"","footer-sml-layout":"","ast-disable-related-posts":"","theme-transparent-header-meta":"default","adv-header-id-meta":"","stick-header-meta":"","header-above-stick-meta":"","header-main-stick-meta":"","header-below-stick-meta":"","astra-migrate-meta-layouts":"default","ast-page-background-enabled":"default","ast-page-background-meta":{"desktop":{"background-color":"var(--ast-global-color-5)","background-image":"","background-repeat":"repeat","background-position":"center center","background-size":"auto","background-attachment":"scroll","background-type":"","background-media":"","overlay-type":"","overlay-color":"","overlay-opacity":"","overlay-gradient":""},"tablet":{"background-color":"","background-image":"","background-repeat":"repeat","background-position":"center center","background-size":"auto","background-attachment":"scroll","background-type":"","background-media":"","overlay-type":"","overlay-color":"","overlay-opacity":"","overlay-gradient":""},"mobile":{"background-color":"","background-image":"","background-repeat":"repeat","background-position":"center center","background-size":"auto","background-attachment":"scroll","background-type":"","background-media":"","overlay-type":"","overlay-color":"","overlay-opacity":"","overlay-gradient":""}},"ast-content-background-meta":{"desktop":{"background-color":"var(--ast-global-color-4)","background-image":"","background-repeat":"repeat","background-position":"center center","background-size":"auto","background-attachment":"scroll","background-type":"","background-media":"","overlay-type":"","overlay-color":"","overlay-opacity":"","overlay-gradient":""},"tablet":{"background-color":"var(--ast-global-color-4)","background-image":"","background-repeat":"repeat","background-position":"center center","background-size":"auto","background-attachment":"scroll","background-type":"","background-media":"","overlay-type":"","overlay-color":"","overlay-opacity":"","overlay-gradient":""},"mobile":{"background-color":"var(--ast-global-color-4)","background-image":"","background-repeat":"repeat","background-position":"center center","background-size":"auto","background-attachment":"scroll","background-type":"","background-media":"","overlay-type":"","overlay-color":"","overlay-opacity":"","overlay-gradient":""}},"footnotes":""},"class_list":["post-9430","page","type-page","status-publish","has-post-thumbnail","hentry"],"_links":{"self":[{"href":"https:\/\/mtglawyers.com\/es\/wp-json\/wp\/v2\/pages\/9430","targetHints":{"allow":["GET"]}}],"collection":[{"href":"https:\/\/mtglawyers.com\/es\/wp-json\/wp\/v2\/pages"}],"about":[{"href":"https:\/\/mtglawyers.com\/es\/wp-json\/wp\/v2\/types\/page"}],"author":[{"embeddable":true,"href":"https:\/\/mtglawyers.com\/es\/wp-json\/wp\/v2\/users\/1"}],"replies":[{"embeddable":true,"href":"https:\/\/mtglawyers.com\/es\/wp-json\/wp\/v2\/comments?post=9430"}],"version-history":[{"count":2,"href":"https:\/\/mtglawyers.com\/es\/wp-json\/wp\/v2\/pages\/9430\/revisions"}],"predecessor-version":[{"id":9542,"href":"https:\/\/mtglawyers.com\/es\/wp-json\/wp\/v2\/pages\/9430\/revisions\/9542"}],"wp:featuredmedia":[{"embeddable":true,"href":"https:\/\/mtglawyers.com\/es\/wp-json\/wp\/v2\/media\/2054"}],"wp:attachment":[{"href":"https:\/\/mtglawyers.com\/es\/wp-json\/wp\/v2\/media?parent=9430"}],"curies":[{"name":"wp","href":"https:\/\/api.w.org\/{rel}","templated":true}]}}