 {"id":9425,"date":"2026-04-07T22:39:26","date_gmt":"2026-04-07T22:39:26","guid":{"rendered":"https:\/\/mtglawyers.com\/pip-vs-bodily-injury-claims-nj\/"},"modified":"2026-04-10T18:23:20","modified_gmt":"2026-04-10T18:23:20","slug":"pip-vs-bodily-injury-claims-nj","status":"publish","type":"page","link":"https:\/\/mtglawyers.com\/es\/pip-vs-bodily-injury-claims-nj\/","title":{"rendered":"\u00bfCu\u00e1l Es la Diferencia Entre Reclamos de PIP y Lesiones Corporales?"},"content":{"rendered":"<p><strong>PIP vs. lesiones corporales en NJ<\/strong> \u2014 los casos de PIP vs. lesiones corporales en Nueva Jersey requieren representaci\u00f3n legal experimentada. En Maxwell, Tassini &amp; Gardner, LLC en Spring Lake, ayudamos a clientes lesionados en los condados de Monmouth y Ocean a presentar sus reclamos. Si necesita un abogado que comprenda la ley de Nueva Jersey, llame al <a href=\"tel:+17322305003\">(732) 230-5003<\/a> para una consulta gratuita.<\/p>\n<h2>\u00bfCu\u00e1l Es la Diferencia Entre Reclamos de PIP y Lesiones Corporales?<\/h2>\n<p>Despu\u00e9s de un accidente de auto en Nueva Jersey, las personas lesionadas a menudo escuchan dos t\u00e9rminos: reclamo PIP y reclamo por lesiones corporales. Estas son dos v\u00edas separadas y distintas para recuperar compensaci\u00f3n, y comprender la diferencia entre ellas es fundamental para maximizar su recuperaci\u00f3n total. Operan bajo reglas diferentes, cubren diferentes tipos de da\u00f1os y se presentan ante diferentes compa\u00f1\u00edas de seguros.<\/p>\n<h3>Reclamos PIP: Su Propio Seguro, Sin Importar la Culpa<\/h3>\n<p>Un reclamo PIP (Protecci\u00f3n contra Lesiones Personales) se presenta ante su propia compa\u00f1\u00eda de seguros de auto bajo el sistema sin culpa de Nueva Jersey (<strong>N.J.S.A. 39:6A-4<\/strong>). El PIP proporciona beneficios inmediatos sin importar qui\u00e9n caus\u00f3 el accidente. El PIP cubre:<\/p>\n<ul>\n<li>Gastos m\u00e9dicos (hasta el l\u00edmite de su p\u00f3liza \u2014 $250,000 est\u00e1ndar)<\/li>\n<li>Salarios perdidos (70% del ingreso bruto, hasta $700\/semana)<\/li>\n<li>Servicios esenciales ($12\/d\u00eda)<\/li>\n<li>Beneficios por fallecimiento ($10,000)<\/li>\n<\/ul>\n<p>El PIP <strong>no cubre<\/strong> dolor y sufrimiento, angustia emocional, p\u00e9rdida de disfrute de la vida ni incapacidad permanente. Est\u00e1 dise\u00f1ado para proporcionar cobertura r\u00e1pida y sin culpa solo para p\u00e9rdidas econ\u00f3micas.<\/p>\n<h3>Reclamos por Lesiones Corporales: Contra el Conductor Culpable<\/h3>\n<p>Un reclamo por lesiones corporales (BI) se presenta contra el seguro de responsabilidad del conductor culpable. A diferencia del PIP, un reclamo por lesiones corporales requiere prueba de negligencia \u2014 debe demostrar que el otro conductor caus\u00f3 el accidente. Un reclamo exitoso por lesiones corporales puede compensarle por:<\/p>\n<ul>\n<li>Gastos m\u00e9dicos m\u00e1s all\u00e1 de su cobertura PIP<\/li>\n<li>Tratamiento m\u00e9dico futuro y rehabilitaci\u00f3n<\/li>\n<li>Salarios perdidos completos y capacidad de ingresos perdida<\/li>\n<li>Dolor y sufrimiento<\/li>\n<li>Angustia emocional<\/li>\n<li>P\u00e9rdida de disfrute de la vida<\/li>\n<li>Incapacidad permanente y cicatrizaci\u00f3n<\/li>\n<\/ul>\n<h3>La Conexi\u00f3n del Umbral Verbal<\/h3>\n<p>Si seleccion\u00f3 el umbral verbal en su p\u00f3liza de auto, debe probar una lesi\u00f3n permanente para buscar dolor y sufrimiento en un reclamo por lesiones corporales. Si seleccion\u00f3 el derecho ilimitado de demandar, puede buscar dolor y sufrimiento por cualquier lesi\u00f3n. Este umbral solo afecta el reclamo por lesiones corporales \u2014 no tiene impacto en su reclamo PIP, que est\u00e1 disponible sin importar la gravedad de la lesi\u00f3n.<\/p>\n<h3>\u00bfPuedo Presentar Ambos?<\/h3>\n<p>S\u00ed. Los reclamos PIP y por lesiones corporales son separados y complementarios. Debe presentar su reclamo PIP inmediatamente para cubrir facturas m\u00e9dicas y salarios perdidos mientras su reclamo por lesiones corporales est\u00e1 siendo investigado y negociado. La mayor\u00eda de los reclamos por lesiones corporales no se resuelven hasta despu\u00e9s de que el tratamiento m\u00e9dico se complete (o casi se complete), lo cual puede tomar meses o a\u00f1os. El PIP cierra la brecha proporcionando beneficios mientras tanto.<\/p>\n<h3>C\u00f3mo Afectan Su Acuerdo<\/h3>\n<p>En muchos casos de lesiones personales en NJ, el acuerdo por lesiones corporales es donde ocurre la mayor recuperaci\u00f3n, particularmente en casos que involucran dolor y sufrimiento significativo. Sin embargo, su asegurador PIP puede hacer valer un gravamen o derecho de reembolso contra su acuerdo de lesiones corporales por los beneficios PIP ya pagados. Comprender esta interacci\u00f3n es esencial para maximizar su recuperaci\u00f3n neta.<\/p>\n<h3>Negligencia Comparativa<\/h3>\n<p>Mientras que el PIP paga sin importar la culpa, un reclamo por lesiones corporales est\u00e1 sujeto a negligencia comparativa (<strong>N.J.S.A. 2A:15-5.1<\/strong>). Si se determina que usted es parcialmente culpable, su recuperaci\u00f3n por lesiones corporales se reduce proporcionalmente. Si tiene m\u00e1s del 50% de culpa, no puede recuperar da\u00f1os por lesiones corporales en absoluto \u2014 pero a\u00fan puede cobrar beneficios PIP.<\/p>\n<h3>Comun\u00edquese con MTG Lawyers Hoy<\/h3>\n<p><strong>Maxwell, Tassini &amp; Gardner, LLC<\/strong><br \/>\n302 Washington Avenue, Suite 101<br \/>\nSpring Lake, NJ 07762<br \/>\nTel\u00e9fono: <a href=\"tel:+17322305003\">(732) 230-5003<\/a><br \/>\nSirviendo a los condados de Monmouth y Ocean<\/p>\n<p>Si result\u00f3 lesionado en un accidente en Nueva Jersey, puede tener un reclamo compensable. Llame a MTG Lawyers al <a href=\"tel:+17322305003\">(732) 230-5003<\/a> para una consulta gratuita y sin compromiso. Hablamos ingl\u00e9s y espa\u00f1ol. <em>Hablamos espa\u00f1ol.<\/em><\/p>\n<p>Comprender la diferencia entre PIP y lesiones corporales en NJ es esencial. Nuestros abogados manejan estos asuntos diariamente y saben c\u00f3mo maximizar su recuperaci\u00f3n. Un abogado en Maxwell, Tassini &amp; Gardner, LLC puede evaluar su reclamo durante una consulta gratuita.<\/p>\n<p><!-- MTG-SEO-TIER2-SECTION --><\/p>\n<h2>M\u00e1s Informaci\u00f3n Sobre PIP vs. Lesiones Corporales en NJ<\/h2>\n<p>Para m\u00e1s informaci\u00f3n sobre PIP vs. lesiones corporales en NJ, explore estos recursos relacionados:<\/p>\n<ul>\n<li><a href=\"https:\/\/mtglawyers.com\/es\/pip-no-fault-insurance-nj\/\">seguro PIP sin culpa en NJ<\/a> \u2014 gu\u00eda relacionada de MTG Lawyers<\/li>\n<li><a href=\"https:\/\/mtglawyers.com\/es\/verbal-threshold-lawsuit-threshold-nj\/\">umbral verbal en NJ<\/a> \u2014 gu\u00eda relacionada de MTG Lawyers<\/li>\n<li><a href=\"https:\/\/mtglawyers.com\/es\/nj-personal-injury-case-value\/\">valor de caso de lesiones personales en NJ<\/a> \u2014 gu\u00eda relacionada de MTG Lawyers<\/li>\n<li><a href=\"https:\/\/law.justia.com\/codes\/new-jersey\/title-39\/section-39-6a-8\/\" target=\"_blank\" rel=\"noopener\">N.J.S.A. 39:6A-8<\/a> \u2014 recurso oficial de NJ<\/li>\n<\/ul>\n<p>Para orientaci\u00f3n personalizada sobre PIP vs. lesiones corporales en NJ, comun\u00edquese con MTG Lawyers para una consulta gratuita. Llame al <a href=\"tel:+17322305003\">(732) 230-5003<\/a> o cont\u00e1ctenos en l\u00ednea hoy. Nuestros abogados de lesiones personales en NJ han ayudado a miles de v\u00edctimas de accidentes a recuperar la compensaci\u00f3n que merecen.<\/p>\n","protected":false},"excerpt":{"rendered":"<p>NJ PIP vs bodily injury: Maxwell, Tassini &#038; Gardner, LLC in Spring Lake, NJ serves Monmouth and Ocean counties. Free consultation. Call (732) 230-5003.<\/p>\n","protected":false},"author":1,"featured_media":2072,"parent":0,"menu_order":0,"comment_status":"closed","ping_status":"closed","template":"","meta":{"site-sidebar-layout":"default","site-content-layout":"","ast-site-content-layout":"default","site-content-style":"default","site-sidebar-style":"default","ast-global-header-display":"","ast-banner-title-visibility":"","ast-main-header-display":"","ast-hfb-above-header-display":"","ast-hfb-below-header-display":"","ast-hfb-mobile-header-display":"","site-post-title":"","ast-breadcrumbs-content":"","ast-featured-img":"","footer-sml-layout":"","ast-disable-related-posts":"","theme-transparent-header-meta":"default","adv-header-id-meta":"","stick-header-meta":"","header-above-stick-meta":"","header-main-stick-meta":"","header-below-stick-meta":"","astra-migrate-meta-layouts":"default","ast-page-background-enabled":"default","ast-page-background-meta":{"desktop":{"background-color":"var(--ast-global-color-5)","background-image":"","background-repeat":"repeat","background-position":"center center","background-size":"auto","background-attachment":"scroll","background-type":"","background-media":"","overlay-type":"","overlay-color":"","overlay-opacity":"","overlay-gradient":""},"tablet":{"background-color":"","background-image":"","background-repeat":"repeat","background-position":"center center","background-size":"auto","background-attachment":"scroll","background-type":"","background-media":"","overlay-type":"","overlay-color":"","overlay-opacity":"","overlay-gradient":""},"mobile":{"background-color":"","background-image":"","background-repeat":"repeat","background-position":"center center","background-size":"auto","background-attachment":"scroll","background-type":"","background-media":"","overlay-type":"","overlay-color":"","overlay-opacity":"","overlay-gradient":""}},"ast-content-background-meta":{"desktop":{"background-color":"var(--ast-global-color-4)","background-image":"","background-repeat":"repeat","background-position":"center center","background-size":"auto","background-attachment":"scroll","background-type":"","background-media":"","overlay-type":"","overlay-color":"","overlay-opacity":"","overlay-gradient":""},"tablet":{"background-color":"var(--ast-global-color-4)","background-image":"","background-repeat":"repeat","background-position":"center center","background-size":"auto","background-attachment":"scroll","background-type":"","background-media":"","overlay-type":"","overlay-color":"","overlay-opacity":"","overlay-gradient":""},"mobile":{"background-color":"var(--ast-global-color-4)","background-image":"","background-repeat":"repeat","background-position":"center center","background-size":"auto","background-attachment":"scroll","background-type":"","background-media":"","overlay-type":"","overlay-color":"","overlay-opacity":"","overlay-gradient":""}},"footnotes":""},"class_list":["post-9425","page","type-page","status-publish","has-post-thumbnail","hentry"],"_links":{"self":[{"href":"https:\/\/mtglawyers.com\/es\/wp-json\/wp\/v2\/pages\/9425","targetHints":{"allow":["GET"]}}],"collection":[{"href":"https:\/\/mtglawyers.com\/es\/wp-json\/wp\/v2\/pages"}],"about":[{"href":"https:\/\/mtglawyers.com\/es\/wp-json\/wp\/v2\/types\/page"}],"author":[{"embeddable":true,"href":"https:\/\/mtglawyers.com\/es\/wp-json\/wp\/v2\/users\/1"}],"replies":[{"embeddable":true,"href":"https:\/\/mtglawyers.com\/es\/wp-json\/wp\/v2\/comments?post=9425"}],"version-history":[{"count":2,"href":"https:\/\/mtglawyers.com\/es\/wp-json\/wp\/v2\/pages\/9425\/revisions"}],"predecessor-version":[{"id":9537,"href":"https:\/\/mtglawyers.com\/es\/wp-json\/wp\/v2\/pages\/9425\/revisions\/9537"}],"wp:featuredmedia":[{"embeddable":true,"href":"https:\/\/mtglawyers.com\/es\/wp-json\/wp\/v2\/media\/2072"}],"wp:attachment":[{"href":"https:\/\/mtglawyers.com\/es\/wp-json\/wp\/v2\/media?parent=9425"}],"curies":[{"name":"wp","href":"https:\/\/api.w.org\/{rel}","templated":true}]}}