 {"id":2091,"date":"2025-02-22T06:19:49","date_gmt":"2025-02-22T06:19:49","guid":{"rendered":"https:\/\/mtglawyers.com\/areas-de-practica\/lesiones-personales-accidentes-automovilisticos\/mordeduras-de-perro\/"},"modified":"2025-03-06T07:33:17","modified_gmt":"2025-03-06T07:33:17","slug":"mordeduras-de-perro","status":"publish","type":"page","link":"https:\/\/mtglawyers.com\/es\/areas-de-practica\/lesiones-personales-accidentes-automovilisticos\/mordeduras-de-perro\/","title":{"rendered":"Mordeduras de perro"},"content":{"rendered":"\t\t<div data-elementor-type=\"wp-page\" data-elementor-id=\"2091\" class=\"elementor elementor-2091 elementor-1250\" data-elementor-post-type=\"page\">\n\t\t\t\t<div class=\"elementor-element elementor-element-33fedad e-flex e-con-boxed e-con e-parent\" data-id=\"33fedad\" data-element_type=\"container\" data-e-type=\"container\" data-settings=\"{&quot;background_background&quot;:&quot;classic&quot;}\">\n\t\t\t\t\t<div class=\"e-con-inner\">\n\t\t\t\t<div class=\"elementor-element elementor-element-4e6ee4c elementor-widget__width-initial elementor-invisible elementor-widget elementor-widget-heading\" data-id=\"4e6ee4c\" data-element_type=\"widget\" data-e-type=\"widget\" data-settings=\"{&quot;_animation&quot;:&quot;fadeInUp&quot;}\" data-widget_type=\"heading.default\">\n\t\t\t\t<div class=\"elementor-widget-container\">\n\t\t\t\t\t<h2 class=\"elementor-heading-title elementor-size-default\">Maxwell, Tassini, &amp; Gardner, LLC<\/h2>\t\t\t\t<\/div>\n\t\t\t\t<\/div>\n\t\t\t\t<div class=\"elementor-element elementor-element-2d04457 elementor-view-stacked elementor-shape-circle elementor-invisible elementor-widget elementor-widget-icon\" data-id=\"2d04457\" data-element_type=\"widget\" data-e-type=\"widget\" id=\"start\" data-settings=\"{&quot;_animation&quot;:&quot;fadeInUp&quot;}\" data-widget_type=\"icon.default\">\n\t\t\t\t<div class=\"elementor-widget-container\">\n\t\t\t\t\t\t\t<div class=\"elementor-icon-wrapper\">\n\t\t\t<a class=\"elementor-icon elementor-animation-float\" href=\"#start\">\n\t\t\t<i aria-hidden=\"true\" class=\"icon icon-arrow-down\"><\/i>\t\t\t<\/a>\n\t\t<\/div>\n\t\t\t\t\t\t<\/div>\n\t\t\t\t<\/div>\n\t\t\t\t\t<\/div>\n\t\t\t\t<\/div>\n\t\t<div class=\"elementor-element elementor-element-89b4fab e-flex e-con-boxed e-con e-parent\" data-id=\"89b4fab\" data-element_type=\"container\" data-e-type=\"container\">\n\t\t\t\t\t<div class=\"e-con-inner\">\n\t\t<div class=\"elementor-element elementor-element-8b1005d e-con-full e-flex e-con e-child\" data-id=\"8b1005d\" data-element_type=\"container\" data-e-type=\"container\">\n\t\t\t\t<div class=\"elementor-element elementor-element-9bd5153 elementor-invisible elementor-widget elementor-widget-image\" data-id=\"9bd5153\" data-element_type=\"widget\" data-e-type=\"widget\" data-settings=\"{&quot;_animation&quot;:&quot;fadeInLeft&quot;}\" data-widget_type=\"image.default\">\n\t\t\t\t<div class=\"elementor-widget-container\">\n\t\t\t\t\t\t\t\t\t\t\t\t\t\t\t<img fetchpriority=\"high\" decoding=\"async\" width=\"640\" height=\"800\" src=\"https:\/\/mtglawyers.com\/wp-content\/uploads\/2025\/02\/David-Adams.png\" class=\"attachment-full size-full wp-image-2008\" alt=\"\" srcset=\"https:\/\/mtglawyers.com\/wp-content\/uploads\/2025\/02\/David-Adams.png 640w, https:\/\/mtglawyers.com\/wp-content\/uploads\/2025\/02\/David-Adams-240x300.png 240w\" sizes=\"(max-width: 640px) 100vw, 640px\" \/>\t\t\t\t\t\t\t\t\t\t\t\t\t\t\t<\/div>\n\t\t\t\t<\/div>\n\t\t\t\t<\/div>\n\t\t<div class=\"elementor-element elementor-element-b973f15 e-con-full e-flex e-con e-child\" data-id=\"b973f15\" data-element_type=\"container\" data-e-type=\"container\">\n\t\t\t\t<div class=\"elementor-element elementor-element-45c88ec elementor-invisible elementor-widget elementor-widget-heading\" data-id=\"45c88ec\" data-element_type=\"widget\" data-e-type=\"widget\" data-settings=\"{&quot;_animation&quot;:&quot;fadeInRight&quot;}\" data-widget_type=\"heading.default\">\n\t\t\t\t<div class=\"elementor-widget-container\">\n\t\t\t\t\t<h2 class=\"elementor-heading-title elementor-size-default\">David Adams <span style=\"color:#4A4A4A\">Gardner<\/span><\/h2>\t\t\t\t<\/div>\n\t\t\t\t<\/div>\n\t\t\t\t<div class=\"elementor-element elementor-element-c758f67 elementor-widget__width-initial elementor-invisible elementor-widget elementor-widget-text-editor\" data-id=\"c758f67\" data-element_type=\"widget\" data-e-type=\"widget\" data-settings=\"{&quot;_animation&quot;:&quot;fadeInRight&quot;}\" data-widget_type=\"text-editor.default\">\n\t\t\t\t<div class=\"elementor-widget-container\">\n\t\t\t\t\t\t\t\t\t<p>David Gardner ha representado con \u00e9xito a v\u00edctimas de lesiones relacionadas con animales en todo Nueva Jersey. Con una amplia experiencia en el manejo de disputas de seguros de propietarios y reclamos por lesiones personales, sabe c\u00f3mo: <\/p><ul><li>Hacer responsables a los due\u00f1os de perros negligentes por las lesiones causadas por sus mascotas.<\/li><li>Cuestionar las negaciones injustas de seguros y garantizar una compensaci\u00f3n completa para las v\u00edctimas.<\/li><li>Defensor de clientes lesionados que enfrentan tratamientos m\u00e9dicos a largo plazo, cicatrices o trauma emocional por ataques de perros.<\/li><\/ul><p><strong>Comun\u00edquese con David Gardner para obtener asistencia legal<\/strong><\/p><p>Si usted o un ser querido ha sufrido una lesi\u00f3n por mordedura de perro, es fundamental buscar representaci\u00f3n legal de inmediato. Las leyes de responsabilidad estricta est\u00e1n a su favor, pero las compa\u00f1\u00edas de seguros pueden intentar minimizar su reclamo. <\/p>\t\t\t\t\t\t\t\t<\/div>\n\t\t\t\t<\/div>\n\t\t\t\t<\/div>\n\t\t\t\t\t<\/div>\n\t\t\t\t<\/div>\n\t\t<div class=\"elementor-element elementor-element-c647ead e-flex e-con-boxed e-con e-parent\" data-id=\"c647ead\" data-element_type=\"container\" data-e-type=\"container\" data-settings=\"{&quot;background_background&quot;:&quot;classic&quot;}\">\n\t\t\t\t\t<div class=\"e-con-inner\">\n\t\t\t\t<div class=\"elementor-element elementor-element-ca1fd96 elementor-invisible elementor-widget elementor-widget-heading\" data-id=\"ca1fd96\" data-element_type=\"widget\" data-e-type=\"widget\" data-settings=\"{&quot;_animation&quot;:&quot;fadeInUp&quot;}\" data-widget_type=\"heading.default\">\n\t\t\t\t<div class=\"elementor-widget-container\">\n\t\t\t\t\t<h2 class=\"elementor-heading-title elementor-size-default\">Entender la responsabilidad por mordeduras de perros en New Jersey<\/h2>\t\t\t\t<\/div>\n\t\t\t\t<\/div>\n\t\t\t\t<div class=\"elementor-element elementor-element-bd9c589 elementor-widget__width-initial elementor-invisible elementor-widget elementor-widget-text-editor\" data-id=\"bd9c589\" data-element_type=\"widget\" data-e-type=\"widget\" data-settings=\"{&quot;_animation&quot;:&quot;fadeInRight&quot;}\" data-widget_type=\"text-editor.default\">\n\t\t\t\t<div class=\"elementor-widget-container\">\n\t\t\t\t\t\t\t\t\t<p><strong>Ley de responsabilidad estricta de New Jersey por mordeduras de perros<\/strong><\/p><p>Nueva Jersey tiene una ley de responsabilidad estricta por mordeduras de perros seg\u00fan N.J.S.A. 4:19-16, lo que significa que los due\u00f1os de perros son autom\u00e1ticamente responsables si su perro muerde a alguien, independientemente de si el perro ha mostrado agresividad en el pasado o si el due\u00f1o fue negligente. A diferencia de algunos estados que exigen pruebas del conocimiento del due\u00f1o sobre las tendencias peligrosas del perro, la ley de Nueva Jersey responsabiliza a los due\u00f1os de todos los incidentes de mordeduras de perros. <\/p>\t\t\t\t\t\t\t\t<\/div>\n\t\t\t\t<\/div>\n\t\t\t\t\t<\/div>\n\t\t\t\t<\/div>\n\t\t<div class=\"elementor-element elementor-element-a7e10b8 e-flex e-con-boxed e-con e-parent\" data-id=\"a7e10b8\" data-element_type=\"container\" data-e-type=\"container\">\n\t\t\t\t\t<div class=\"e-con-inner\">\n\t\t<div class=\"elementor-element elementor-element-9153526 e-con-full e-flex e-con e-child\" data-id=\"9153526\" data-element_type=\"container\" data-e-type=\"container\">\n\t\t\t\t<div class=\"elementor-element elementor-element-79ad609 elementor-invisible elementor-widget elementor-widget-image\" data-id=\"79ad609\" data-element_type=\"widget\" data-e-type=\"widget\" data-settings=\"{&quot;_animation&quot;:&quot;fadeInLeft&quot;}\" data-widget_type=\"image.default\">\n\t\t\t\t<div class=\"elementor-widget-container\">\n\t\t\t\t\t\t\t\t\t\t\t\t\t\t\t<img decoding=\"async\" src=\"https:\/\/mtglawyers.com\/wp-content\/uploads\/elementor\/thumbs\/Dog-Bite-Liability-Applies-On-and-Off-the-Owners-Property-r25vb6v1vxwt45urkpbowilpwd1d9n9ezfqqb8jnpm.png\" title=\"La responsabilidad por mordeduras de perros se aplica dentro y fuera de la propiedad del propietario\" alt=\"Mala praxis m\u00e9dica\" loading=\"lazy\" \/>\t\t\t\t\t\t\t\t\t\t\t\t\t\t\t<\/div>\n\t\t\t\t<\/div>\n\t\t\t\t<div class=\"elementor-element elementor-element-4bd8bd4 elementor-invisible elementor-widget elementor-widget-heading\" data-id=\"4bd8bd4\" data-element_type=\"widget\" data-e-type=\"widget\" data-settings=\"{&quot;_animation&quot;:&quot;fadeInLeft&quot;}\" data-widget_type=\"heading.default\">\n\t\t\t\t<div class=\"elementor-widget-container\">\n\t\t\t\t\t<h2 class=\"elementor-heading-title elementor-size-default\">La responsabilidad por mordeduras de perros se aplica dentro y fuera de la propiedad del <span style=\"color:#4A4A4A\">propietario<\/span><\/h2>\t\t\t\t<\/div>\n\t\t\t\t<\/div>\n\t\t\t\t<div class=\"elementor-element elementor-element-7a36b69 elementor-widget__width-initial elementor-invisible elementor-widget elementor-widget-text-editor\" data-id=\"7a36b69\" data-element_type=\"widget\" data-e-type=\"widget\" data-settings=\"{&quot;_animation&quot;:&quot;fadeInLeft&quot;}\" data-widget_type=\"text-editor.default\">\n\t\t\t\t<div class=\"elementor-widget-container\">\n\t\t\t\t\t\t\t\t\t<p>Uno de los aspectos m\u00e1s importantes de la ley de mordeduras de perros de Nueva Jersey es que se aplica independientemente de la ubicaci\u00f3n:<\/p><ul><li>Si un perro muerde a alguien en la propiedad de su due\u00f1o, el due\u00f1o es responsable.<\/li><li>Si un perro se escapa y muerde a alguien en un lugar p\u00fablico o en la propiedad de otra persona, el due\u00f1o sigue siendo totalmente responsable.<\/li><li>La v\u00edctima no necesita demostrar negligencia, s\u00f3lo que estaba legalmente presente cuando ocurri\u00f3 la mordedura.<\/li><\/ul><p><strong>Seguro de hogar y reclamaciones por mordeduras de perro<\/strong><\/p><p>La mayor\u00eda de las p\u00f3lizas de seguro para propietarios de viviendas en Nueva Jersey cubren las reclamaciones por mordeduras de perros, incluidas las que se producen fuera de la propiedad asegurada. Sin embargo, existen limitaciones importantes: <\/p><ul><li>Algunas p\u00f3lizas de seguro excluyen la cobertura por mordeduras de perros, en particular de razas consideradas de &#8220;alto riesgo&#8221; (por ejemplo, pitbulls, rottweilers).<\/li><li>Si el perro tiene antecedentes de agresi\u00f3n, la compa\u00f1\u00eda de seguros puede negar la cobertura o imponer primas m\u00e1s altas.<\/li><li>Si el perro estaba suelto debido a que el due\u00f1o viol\u00f3 las leyes locales sobre correa, la aseguradora puede disputar la cobertura.<\/li><\/ul><p><strong>Cu\u00e1ndo el seguro de vivienda puede no ser aplicable<\/strong><\/p><p>Si bien muchas p\u00f3lizas cubren reclamos por mordeduras de perros, hay situaciones en las que se puede denegar la cobertura:<\/p><ul><li>Restricciones de raza: Algunas p\u00f3lizas excluyen razas espec\u00edficas de la cobertura de responsabilidad.<\/li><li>Exclusiones de la p\u00f3liza para ataques fuera del hogar: algunas aseguradoras pueden negar la cobertura si la picadura ocurre fuera del hogar.<\/li><li>Negligencia al asegurar al perro: si se determina que un propietario ha actuado de manera extremadamente negligente (por ejemplo, si ha permitido repetidamente que un perro peligroso ande suelto), la cobertura puede ser impugnada.<\/li><\/ul>\t\t\t\t\t\t\t\t<\/div>\n\t\t\t\t<\/div>\n\t\t\t\t<\/div>\n\t\t<div class=\"elementor-element elementor-element-f427438 e-con-full e-flex e-con e-child\" data-id=\"f427438\" data-element_type=\"container\" data-e-type=\"container\">\n\t\t\t\t<div class=\"elementor-element elementor-element-1344f33 elementor-invisible elementor-widget elementor-widget-image\" data-id=\"1344f33\" data-element_type=\"widget\" data-e-type=\"widget\" data-settings=\"{&quot;_animation&quot;:&quot;fadeInRight&quot;}\" data-widget_type=\"image.default\">\n\t\t\t\t<div class=\"elementor-widget-container\">\n\t\t\t\t\t\t\t\t\t\t\t\t\t\t\t<img decoding=\"async\" src=\"https:\/\/mtglawyers.com\/wp-content\/uploads\/elementor\/thumbs\/The-90-Day-Notice-Requirement-for-Public-Property-Claims-r25vaflqdqvhrgyczvjie7hco6rq2f977otne7o2q2.jpg\" title=\"El requisito de notificaci\u00f3n con 90 d\u00edas de antelaci\u00f3n para reclamaciones de propiedad p\u00fablica\" alt=\"Desaf\u00edos en casos de responsabilidad civil por da\u00f1os materiales\" loading=\"lazy\" \/>\t\t\t\t\t\t\t\t\t\t\t\t\t\t\t<\/div>\n\t\t\t\t<\/div>\n\t\t\t\t<div class=\"elementor-element elementor-element-07874dc elementor-invisible elementor-widget elementor-widget-heading\" data-id=\"07874dc\" data-element_type=\"widget\" data-e-type=\"widget\" data-settings=\"{&quot;_animation&quot;:&quot;fadeInRight&quot;}\" data-widget_type=\"heading.default\">\n\t\t\t\t<div class=\"elementor-widget-container\">\n\t\t\t\t\t<h2 class=\"elementor-heading-title elementor-size-default\">Defensas legales en casos de mordeduras de <span style=\"color:#4A4A4A\">perros<\/span><\/h2>\t\t\t\t<\/div>\n\t\t\t\t<\/div>\n\t\t\t\t<div class=\"elementor-element elementor-element-06a4f42 elementor-widget__width-initial elementor-invisible elementor-widget elementor-widget-text-editor\" data-id=\"06a4f42\" data-element_type=\"widget\" data-e-type=\"widget\" data-settings=\"{&quot;_animation&quot;:&quot;fadeInRight&quot;}\" data-widget_type=\"text-editor.default\">\n\t\t\t\t<div class=\"elementor-widget-container\">\n\t\t\t\t\t\t\t\t\t<p>Si bien Nueva Jersey tiene una regla de responsabilidad estricta, existen defensas limitadas que los due\u00f1os de perros pueden plantear, entre ellas:<\/p><ul><li>Allanamiento: si la parte lesionada se encontraba ilegalmente en la propiedad del propietario cuando ocurri\u00f3 la mordedura, es posible que el propietario no sea responsable.<\/li><li>Provocaci\u00f3n: si la v\u00edctima provoc\u00f3 al perro (por ejemplo, burl\u00e1ndose o golpe\u00e1ndolo), el due\u00f1o puede argumentar que la mordedura fue una reacci\u00f3n justificada.<\/li><li>Perros policiales y militares: si la mordedura ocurri\u00f3 mientras un perro policial o militar estaba cumpliendo con sus funciones, el propietario no podr\u00e1 ser considerado responsable.<\/li><\/ul><p><strong>Otras lesiones causadas por perros<\/strong><\/p><p>Adem\u00e1s de las mordeduras, las lesiones relacionadas con perros (como cuando un perro atropella a alguien o provoca un accidente) pueden dar lugar a demandas por negligencia en lugar de demandas por responsabilidad estricta. En esos casos, las v\u00edctimas deben demostrar que el due\u00f1o no sujet\u00f3 o control\u00f3 adecuadamente al perro, lo que provoc\u00f3 la lesi\u00f3n. <\/p><p><strong>Pasos a seguir despu\u00e9s de una mordedura de perro<\/strong><\/p><p>Si le muerde un perro en New Jersey, debe:<\/p><ol><li>Busque atenci\u00f3n m\u00e9dica de inmediato: las mordeduras de perros pueden causar infecciones graves y cicatrices a largo plazo.<\/li><li>Reportar el incidente: presente un informe ante el control de animales local o la polic\u00eda.<\/li><li>Identifique al perro y al due\u00f1o: obtenga la informaci\u00f3n de contacto del due\u00f1o y verifique si el perro tiene vacunas contra la rabia.<\/li><li>Documente la lesi\u00f3n: tome fotograf\u00edas de la mordedura, registros m\u00e9dicos y declaraciones de testigos.<\/li><li>Comun\u00edquese con un abogado: un abogado especializado en lesiones personales puede ayudarle a determinar la cobertura del seguro y a obtener una compensaci\u00f3n por las facturas m\u00e9dicas, los salarios perdidos y el dolor y el sufrimiento.<\/li><\/ol>\t\t\t\t\t\t\t\t<\/div>\n\t\t\t\t<\/div>\n\t\t\t\t<\/div>\n\t\t\t\t\t<\/div>\n\t\t\t\t<\/div>\n\t\t<div class=\"elementor-element elementor-element-7b78195 e-flex e-con-boxed e-con e-parent\" data-id=\"7b78195\" data-element_type=\"container\" data-e-type=\"container\">\n\t\t\t\t\t<div class=\"e-con-inner\">\n\t\t<div class=\"elementor-element elementor-element-bb870a5 e-con-full e-flex elementor-invisible e-con e-child\" data-id=\"bb870a5\" data-element_type=\"container\" data-e-type=\"container\" data-settings=\"{&quot;background_background&quot;:&quot;classic&quot;,&quot;animation&quot;:&quot;fadeInUp&quot;}\">\n\t\t\t\t<div class=\"elementor-element elementor-element-b8f1a8f elementor-invisible elementor-widget elementor-widget-heading\" data-id=\"b8f1a8f\" data-element_type=\"widget\" data-e-type=\"widget\" data-settings=\"{&quot;_animation&quot;:&quot;fadeInUp&quot;}\" data-widget_type=\"heading.default\">\n\t\t\t\t<div class=\"elementor-widget-container\">\n\t\t\t\t\t<h2 class=\"elementor-heading-title elementor-size-default\">Comun\u00edquese con David Gardner hoy para una consulta gratuita y aseg\u00farese de que sus derechos est\u00e9n protegidos.<\/h2>\t\t\t\t<\/div>\n\t\t\t\t<\/div>\n\t\t\t\t<div class=\"elementor-element elementor-element-de6785b elementor-align-left elementor-mobile-align-center elementor-invisible elementor-widget elementor-widget-button\" data-id=\"de6785b\" data-element_type=\"widget\" data-e-type=\"widget\" data-settings=\"{&quot;_animation&quot;:&quot;fadeInUp&quot;}\" data-widget_type=\"button.default\">\n\t\t\t\t<div class=\"elementor-widget-container\">\n\t\t\t\t\t\t\t\t\t<div class=\"elementor-button-wrapper\">\n\t\t\t\t\t<a class=\"elementor-button elementor-button-link elementor-size-sm elementor-animation-float\" href=\"https:\/\/tawk.to\/mtglawyersespanol\" target=\"_blank\" rel=\"noopener\">\n\t\t\t\t\t\t<span class=\"elementor-button-content-wrapper\">\n\t\t\t\t\t\t<span class=\"elementor-button-icon\">\n\t\t\t\t<i aria-hidden=\"true\" class=\"icon icon-chat\"><\/i>\t\t\t<\/span>\n\t\t\t\t\t\t\t\t\t<span class=\"elementor-button-text\">Enviar un mensaje seguro<\/span>\n\t\t\t\t\t<\/span>\n\t\t\t\t\t<\/a>\n\t\t\t\t<\/div>\n\t\t\t\t\t\t\t\t<\/div>\n\t\t\t\t<\/div>\n\t\t\t\t<\/div>\n\t\t\t\t\t<\/div>\n\t\t\t\t<\/div>\n\t\t\t\t<\/div>\n\t\t","protected":false},"excerpt":{"rendered":"<p>Maxwell, Tassini, &amp; Gardner, LLC David Adams Gardner David Gardner ha representado con \u00e9xito a v\u00edctimas de lesiones relacionadas con [&hellip;]<\/p>\n","protected":false},"author":1,"featured_media":1939,"parent":2052,"menu_order":5,"comment_status":"closed","ping_status":"closed","template":"","meta":{"site-sidebar-layout":"no-sidebar","site-content-layout":"","ast-site-content-layout":"full-width-container","site-content-style":"default","site-sidebar-style":"default","ast-global-header-display":"","ast-banner-title-visibility":"","ast-main-header-display":"","ast-hfb-above-header-display":"","ast-hfb-below-header-display":"","ast-hfb-mobile-header-display":"","site-post-title":"disabled","ast-breadcrumbs-content":"","ast-featured-img":"disabled","footer-sml-layout":"","ast-disable-related-posts":"","theme-transparent-header-meta":"default","adv-header-id-meta":"","stick-header-meta":"","header-above-stick-meta":"","header-main-stick-meta":"","header-below-stick-meta":"","astra-migrate-meta-layouts":"default","ast-page-background-enabled":"default","ast-page-background-meta":{"desktop":{"background-color":"var(--ast-global-color-5)","background-image":"","background-repeat":"repeat","background-position":"center center","background-size":"auto","background-attachment":"scroll","background-type":"","background-media":"","overlay-type":"","overlay-color":"","overlay-opacity":"","overlay-gradient":""},"tablet":{"background-color":"","background-image":"","background-repeat":"repeat","background-position":"center center","background-size":"auto","background-attachment":"scroll","background-type":"","background-media":"","overlay-type":"","overlay-color":"","overlay-opacity":"","overlay-gradient":""},"mobile":{"background-color":"","background-image":"","background-repeat":"repeat","background-position":"center center","background-size":"auto","background-attachment":"scroll","background-type":"","background-media":"","overlay-type":"","overlay-color":"","overlay-opacity":"","overlay-gradient":""}},"ast-content-background-meta":{"desktop":{"background-color":"var(--ast-global-color-4)","background-image":"","background-repeat":"repeat","background-position":"center center","background-size":"auto","background-attachment":"scroll","background-type":"","background-media":"","overlay-type":"","overlay-color":"","overlay-opacity":"","overlay-gradient":""},"tablet":{"background-color":"var(--ast-global-color-4)","background-image":"","background-repeat":"repeat","background-position":"center center","background-size":"auto","background-attachment":"scroll","background-type":"","background-media":"","overlay-type":"","overlay-color":"","overlay-opacity":"","overlay-gradient":""},"mobile":{"background-color":"var(--ast-global-color-4)","background-image":"","background-repeat":"repeat","background-position":"center center","background-size":"auto","background-attachment":"scroll","background-type":"","background-media":"","overlay-type":"","overlay-color":"","overlay-opacity":"","overlay-gradient":""}},"footnotes":""},"class_list":["post-2091","page","type-page","status-publish","has-post-thumbnail","hentry"],"_links":{"self":[{"href":"https:\/\/mtglawyers.com\/es\/wp-json\/wp\/v2\/pages\/2091","targetHints":{"allow":["GET"]}}],"collection":[{"href":"https:\/\/mtglawyers.com\/es\/wp-json\/wp\/v2\/pages"}],"about":[{"href":"https:\/\/mtglawyers.com\/es\/wp-json\/wp\/v2\/types\/page"}],"author":[{"embeddable":true,"href":"https:\/\/mtglawyers.com\/es\/wp-json\/wp\/v2\/users\/1"}],"replies":[{"embeddable":true,"href":"https:\/\/mtglawyers.com\/es\/wp-json\/wp\/v2\/comments?post=2091"}],"version-history":[{"count":4,"href":"https:\/\/mtglawyers.com\/es\/wp-json\/wp\/v2\/pages\/2091\/revisions"}],"predecessor-version":[{"id":2156,"href":"https:\/\/mtglawyers.com\/es\/wp-json\/wp\/v2\/pages\/2091\/revisions\/2156"}],"up":[{"embeddable":true,"href":"https:\/\/mtglawyers.com\/es\/wp-json\/wp\/v2\/pages\/2052"}],"wp:featuredmedia":[{"embeddable":true,"href":"https:\/\/mtglawyers.com\/es\/wp-json\/wp\/v2\/media\/1939"}],"wp:attachment":[{"href":"https:\/\/mtglawyers.com\/es\/wp-json\/wp\/v2\/media?parent=2091"}],"curies":[{"name":"wp","href":"https:\/\/api.w.org\/{rel}","templated":true}]}}