 {"id":2086,"date":"2025-02-22T06:19:19","date_gmt":"2025-02-22T06:19:19","guid":{"rendered":"https:\/\/mtglawyers.com\/areas-de-practica\/lesiones-personales-accidentes-automovilisticos\/responsabilidad-civil-por-danos-a-las-instalaciones-resbalones-y-caidas\/"},"modified":"2025-03-06T07:32:08","modified_gmt":"2025-03-06T07:32:08","slug":"responsabilidad-civil-por-danos-a-las-instalaciones-resbalones-y-caidas","status":"publish","type":"page","link":"https:\/\/mtglawyers.com\/es\/areas-de-practica\/lesiones-personales-accidentes-automovilisticos\/responsabilidad-civil-por-danos-a-las-instalaciones-resbalones-y-caidas\/","title":{"rendered":"Responsabilidad civil por da\u00f1os a las instalaciones (resbalones y ca\u00eddas)"},"content":{"rendered":"\t\t<div data-elementor-type=\"wp-page\" data-elementor-id=\"2086\" class=\"elementor elementor-2086 elementor-1248\" data-elementor-post-type=\"page\">\n\t\t\t\t<div class=\"elementor-element elementor-element-9e8fafa e-flex e-con-boxed e-con e-parent\" data-id=\"9e8fafa\" data-element_type=\"container\" data-e-type=\"container\" data-settings=\"{&quot;background_background&quot;:&quot;classic&quot;}\">\n\t\t\t\t\t<div class=\"e-con-inner\">\n\t\t\t\t<div class=\"elementor-element elementor-element-9f1a682 elementor-widget__width-initial elementor-invisible elementor-widget elementor-widget-heading\" data-id=\"9f1a682\" data-element_type=\"widget\" data-e-type=\"widget\" data-settings=\"{&quot;_animation&quot;:&quot;fadeInUp&quot;}\" data-widget_type=\"heading.default\">\n\t\t\t\t<div class=\"elementor-widget-container\">\n\t\t\t\t\t<h2 class=\"elementor-heading-title elementor-size-default\">Maxwell, Tassini, &amp; Gardner, LLC<\/h2>\t\t\t\t<\/div>\n\t\t\t\t<\/div>\n\t\t\t\t<div class=\"elementor-element elementor-element-f2d01c8 elementor-view-stacked elementor-shape-circle elementor-invisible elementor-widget elementor-widget-icon\" data-id=\"f2d01c8\" data-element_type=\"widget\" data-e-type=\"widget\" id=\"start\" data-settings=\"{&quot;_animation&quot;:&quot;fadeInUp&quot;}\" data-widget_type=\"icon.default\">\n\t\t\t\t<div class=\"elementor-widget-container\">\n\t\t\t\t\t\t\t<div class=\"elementor-icon-wrapper\">\n\t\t\t<a class=\"elementor-icon elementor-animation-float\" href=\"#start\">\n\t\t\t<i aria-hidden=\"true\" class=\"icon icon-arrow-down\"><\/i>\t\t\t<\/a>\n\t\t<\/div>\n\t\t\t\t\t\t<\/div>\n\t\t\t\t<\/div>\n\t\t\t\t\t<\/div>\n\t\t\t\t<\/div>\n\t\t<div class=\"elementor-element elementor-element-ec438a2 e-flex e-con-boxed e-con e-parent\" data-id=\"ec438a2\" data-element_type=\"container\" data-e-type=\"container\">\n\t\t\t\t\t<div class=\"e-con-inner\">\n\t\t<div class=\"elementor-element elementor-element-98ce31e e-con-full e-flex e-con e-child\" data-id=\"98ce31e\" data-element_type=\"container\" data-e-type=\"container\">\n\t\t\t\t<div class=\"elementor-element elementor-element-0a95bcf elementor-invisible elementor-widget elementor-widget-image\" data-id=\"0a95bcf\" data-element_type=\"widget\" data-e-type=\"widget\" data-settings=\"{&quot;_animation&quot;:&quot;fadeInLeft&quot;}\" data-widget_type=\"image.default\">\n\t\t\t\t<div class=\"elementor-widget-container\">\n\t\t\t\t\t\t\t\t\t\t\t\t\t\t\t<img fetchpriority=\"high\" decoding=\"async\" width=\"640\" height=\"800\" src=\"https:\/\/mtglawyers.com\/wp-content\/uploads\/2025\/02\/David-Adams.png\" class=\"attachment-full size-full wp-image-2008\" alt=\"\" srcset=\"https:\/\/mtglawyers.com\/wp-content\/uploads\/2025\/02\/David-Adams.png 640w, https:\/\/mtglawyers.com\/wp-content\/uploads\/2025\/02\/David-Adams-240x300.png 240w\" sizes=\"(max-width: 640px) 100vw, 640px\" \/>\t\t\t\t\t\t\t\t\t\t\t\t\t\t\t<\/div>\n\t\t\t\t<\/div>\n\t\t\t\t<\/div>\n\t\t<div class=\"elementor-element elementor-element-aeb2047 e-con-full e-flex e-con e-child\" data-id=\"aeb2047\" data-element_type=\"container\" data-e-type=\"container\">\n\t\t\t\t<div class=\"elementor-element elementor-element-81a9f84 elementor-invisible elementor-widget elementor-widget-heading\" data-id=\"81a9f84\" data-element_type=\"widget\" data-e-type=\"widget\" data-settings=\"{&quot;_animation&quot;:&quot;fadeInRight&quot;}\" data-widget_type=\"heading.default\">\n\t\t\t\t<div class=\"elementor-widget-container\">\n\t\t\t\t\t<h2 class=\"elementor-heading-title elementor-size-default\">David Gardner: M\u00e1s de 15 a\u00f1os de experiencia en el manejo de casos de responsabilidad <span style=\"color:#4A4A4A\">civil<\/span><\/h2>\t\t\t\t<\/div>\n\t\t\t\t<\/div>\n\t\t\t\t<div class=\"elementor-element elementor-element-d26721f elementor-widget__width-initial elementor-invisible elementor-widget elementor-widget-text-editor\" data-id=\"d26721f\" data-element_type=\"widget\" data-e-type=\"widget\" data-settings=\"{&quot;_animation&quot;:&quot;fadeInRight&quot;}\" data-widget_type=\"text-editor.default\">\n\t\t\t\t<div class=\"elementor-widget-container\">\n\t\t\t\t\t\t\t\t\t<p>David Gardner tiene una amplia experiencia representando a v\u00edctimas lesionadas debido a condiciones de propiedad inseguras en todo New Jersey. Su firma ofrece una representaci\u00f3n agresiva para clientes lesionados en: <\/p><ul><li>Tiendas minoristas, centros comerciales y edificios de oficinas.<\/li><li>Propiedades en alquiler y complejos de apartamentos<\/li><li>Propiedades, aceras y espacios p\u00fablicos propiedad del gobierno<\/li><li>Estacionamientos, escaleras y pasillos mal mantenidos.<\/li><\/ul><p><strong>Act\u00fae r\u00e1pidamente para proteger sus derechos<\/strong><\/p><p>Si ha resultado lesionado debido a una condici\u00f3n peligrosa en la propiedad de otra persona, es esencial determinar el propietario de inmediato, especialmente si la propiedad es de propiedad p\u00fablica, ya que se aplican estrictos requisitos de notificaci\u00f3n de 90 d\u00edas.<\/p>\t\t\t\t\t\t\t\t<\/div>\n\t\t\t\t<\/div>\n\t\t\t\t<\/div>\n\t\t\t\t\t<\/div>\n\t\t\t\t<\/div>\n\t\t<div class=\"elementor-element elementor-element-6ec9b1a e-flex e-con-boxed e-con e-parent\" data-id=\"6ec9b1a\" data-element_type=\"container\" data-e-type=\"container\" data-settings=\"{&quot;background_background&quot;:&quot;classic&quot;}\">\n\t\t\t\t\t<div class=\"e-con-inner\">\n\t\t\t\t<div class=\"elementor-element elementor-element-ff7112d elementor-invisible elementor-widget elementor-widget-heading\" data-id=\"ff7112d\" data-element_type=\"widget\" data-e-type=\"widget\" data-settings=\"{&quot;_animation&quot;:&quot;fadeInUp&quot;}\" data-widget_type=\"heading.default\">\n\t\t\t\t<div class=\"elementor-widget-container\">\n\t\t\t\t\t<h2 class=\"elementor-heading-title elementor-size-default\">Entender la responsabilidad civil por da\u00f1os materiales en New Jersey<\/h2>\t\t\t\t<\/div>\n\t\t\t\t<\/div>\n\t\t\t\t<div class=\"elementor-element elementor-element-9a94c7f elementor-widget__width-initial elementor-invisible elementor-widget elementor-widget-text-editor\" data-id=\"9a94c7f\" data-element_type=\"widget\" data-e-type=\"widget\" data-settings=\"{&quot;_animation&quot;:&quot;fadeInRight&quot;}\" data-widget_type=\"text-editor.default\">\n\t\t\t\t<div class=\"elementor-widget-container\">\n\t\t\t\t\t\t\t\t\t<p><strong>Responsabilidad civil de las instalaciones y casos de &#8220;resbalones y ca\u00eddas&#8221;<\/strong><\/p><p>En Nueva Jersey, la ley de responsabilidad civil por da\u00f1os a las propiedades establece que los propietarios y ocupantes de propiedades son responsables de mantener condiciones seguras en sus propiedades. El t\u00e9rmino casos de \u201cresbalones y ca\u00eddas\u201d se utiliza com\u00fanmente para describir incidentes en los que una persona resulta herida debido a condiciones peligrosas en la propiedad de otra persona, pero la responsabilidad civil por da\u00f1os a las propiedades se extiende m\u00e1s all\u00e1 de los resbalones y ca\u00eddas e incluye peligros de tropiezos, seguridad inadecuada, ca\u00edda de objetos y otras condiciones peligrosas. <\/p>\t\t\t\t\t\t\t\t<\/div>\n\t\t\t\t<\/div>\n\t\t\t\t\t<\/div>\n\t\t\t\t<\/div>\n\t\t<div class=\"elementor-element elementor-element-57fbdbc e-flex e-con-boxed e-con e-parent\" data-id=\"57fbdbc\" data-element_type=\"container\" data-e-type=\"container\">\n\t\t\t\t\t<div class=\"e-con-inner\">\n\t\t<div class=\"elementor-element elementor-element-26bd695 e-con-full e-flex e-con e-child\" data-id=\"26bd695\" data-element_type=\"container\" data-e-type=\"container\">\n\t\t\t\t<div class=\"elementor-element elementor-element-bab1219 elementor-invisible elementor-widget elementor-widget-image\" data-id=\"bab1219\" data-element_type=\"widget\" data-e-type=\"widget\" data-settings=\"{&quot;_animation&quot;:&quot;fadeInLeft&quot;}\" data-widget_type=\"image.default\">\n\t\t\t\t<div class=\"elementor-widget-container\">\n\t\t\t\t\t\t\t\t\t\t\t\t\t\t\t<img decoding=\"async\" src=\"https:\/\/mtglawyers.com\/wp-content\/uploads\/elementor\/thumbs\/Different-Standards-of-Care-for-Property-Owners-r25va59iakhc7rddo92m4s3a4y6opr45i9nb463emi.jpg\" title=\"Diferentes est\u00e1ndares de atenci\u00f3n para los propietarios\" alt=\"Diferentes est\u00e1ndares de atenci\u00f3n para los propietarios\" loading=\"lazy\" \/>\t\t\t\t\t\t\t\t\t\t\t\t\t\t\t<\/div>\n\t\t\t\t<\/div>\n\t\t\t\t<div class=\"elementor-element elementor-element-733d89d elementor-invisible elementor-widget elementor-widget-heading\" data-id=\"733d89d\" data-element_type=\"widget\" data-e-type=\"widget\" data-settings=\"{&quot;_animation&quot;:&quot;fadeInLeft&quot;}\" data-widget_type=\"heading.default\">\n\t\t\t\t<div class=\"elementor-widget-container\">\n\t\t\t\t\t<h2 class=\"elementor-heading-title elementor-size-default\">La ley de New Jersey impone distintos deberes de cuidado a los propietarios y ocupantes de <span style=\"color:#4A4A4A\">propiedades<\/span> <\/h2>\t\t\t\t<\/div>\n\t\t\t\t<\/div>\n\t\t\t\t<div class=\"elementor-element elementor-element-320d7df elementor-widget__width-initial elementor-invisible elementor-widget elementor-widget-text-editor\" data-id=\"320d7df\" data-element_type=\"widget\" data-e-type=\"widget\" data-settings=\"{&quot;_animation&quot;:&quot;fadeInLeft&quot;}\" data-widget_type=\"text-editor.default\">\n\t\t\t\t<div class=\"elementor-widget-container\">\n\t\t\t\t\t\t\t\t\t<p>La ley de Nueva Jersey clasifica a los propietarios en diferentes clases, cada una con distintos niveles de responsabilidad legal dependiendo de si poseen propiedades comerciales, residenciales o p\u00fablicas:<\/p><ol><li><strong>Propietarios de propiedades comerciales<\/strong><\/li><\/ol><ul><li>Los propietarios de empresas y los propietarios comerciales tienen el mayor deber de cuidado hacia las personas que se encuentran legalmente en sus instalaciones.<\/li><li>Deben inspeccionar peri\u00f3dicamente su propiedad y abordar r\u00e1pidamente cualquier peligro que pueda causar lesiones.<\/li><li>Los reclamos m\u00e1s comunes incluyen pisos mojados, pasillos helados, mala iluminaci\u00f3n, escaleras defectuosas o peligros no marcados.<\/li><li>Si una parte lesionada puede demostrar que el propietario sab\u00eda (o deber\u00eda haber sabido) sobre la condici\u00f3n peligrosa y no la solucion\u00f3, el propietario de la propiedad puede ser considerado responsable.<\/li><\/ul><ol start=\"2\"><li><strong>Due\u00f1os de propiedades residenciales<\/strong><\/li><\/ol><ul><li>Los propietarios de viviendas privadas tienen un deber de cuidado menor que los propietarios de propiedades comerciales, pero a\u00fan as\u00ed deben mantener condiciones razonablemente seguras.<\/li><li>La responsabilidad generalmente se aplica si el propietario sab\u00eda acerca de la condici\u00f3n peligrosa y no advirti\u00f3 ni solucion\u00f3 el problema.<\/li><li>Los propietarios que alquilan propiedades tienen obligaciones adicionales, especialmente con respecto a las \u00e1reas comunes, la iluminaci\u00f3n y la seguridad estructural.<\/li><\/ul><ol start=\"3\"><li><strong>Propiedad p\u00fablica y locales de propiedad del gobierno<\/strong><\/li><\/ol><ul><li>Cuando ocurre una lesi\u00f3n en una propiedad p\u00fablica, como una acera, un edificio gubernamental o un parque, se aplican procedimientos legales espec\u00edficos.<\/li><li>La Ley de Reclamaciones por Agravios de Nueva Jersey (NJTCA) impone requisitos de notificaci\u00f3n estrictos a las partes lesionadas que deseen presentar un reclamo contra una entidad gubernamental.<\/li><\/ul>\t\t\t\t\t\t\t\t<\/div>\n\t\t\t\t<\/div>\n\t\t\t\t<\/div>\n\t\t<div class=\"elementor-element elementor-element-5f436a3 e-con-full e-flex e-con e-child\" data-id=\"5f436a3\" data-element_type=\"container\" data-e-type=\"container\">\n\t\t\t\t<div class=\"elementor-element elementor-element-e5395d1 elementor-invisible elementor-widget elementor-widget-image\" data-id=\"e5395d1\" data-element_type=\"widget\" data-e-type=\"widget\" data-settings=\"{&quot;_animation&quot;:&quot;fadeInRight&quot;}\" data-widget_type=\"image.default\">\n\t\t\t\t<div class=\"elementor-widget-container\">\n\t\t\t\t\t\t\t\t\t\t\t\t\t\t\t<img decoding=\"async\" src=\"https:\/\/mtglawyers.com\/wp-content\/uploads\/elementor\/thumbs\/The-90-Day-Notice-Requirement-for-Public-Property-Claims-r25vaflqdqvhrgyczvjie7hco6rq2f977otne7o2q2.jpg\" title=\"El requisito de notificaci\u00f3n con 90 d\u00edas de antelaci\u00f3n para reclamaciones de propiedad p\u00fablica\" alt=\"Desaf\u00edos en casos de responsabilidad civil por da\u00f1os materiales\" loading=\"lazy\" \/>\t\t\t\t\t\t\t\t\t\t\t\t\t\t\t<\/div>\n\t\t\t\t<\/div>\n\t\t\t\t<div class=\"elementor-element elementor-element-0447497 elementor-invisible elementor-widget elementor-widget-heading\" data-id=\"0447497\" data-element_type=\"widget\" data-e-type=\"widget\" data-settings=\"{&quot;_animation&quot;:&quot;fadeInRight&quot;}\" data-widget_type=\"heading.default\">\n\t\t\t\t<div class=\"elementor-widget-container\">\n\t\t\t\t\t<h2 class=\"elementor-heading-title elementor-size-default\">El requisito de notificaci\u00f3n con 90 d\u00edas de antelaci\u00f3n para reclamaciones de propiedad <span style=\"color:#4A4A4A\">p\u00fablica<\/span><\/h2>\t\t\t\t<\/div>\n\t\t\t\t<\/div>\n\t\t\t\t<div class=\"elementor-element elementor-element-d6e3e66 elementor-widget__width-initial elementor-invisible elementor-widget elementor-widget-text-editor\" data-id=\"d6e3e66\" data-element_type=\"widget\" data-e-type=\"widget\" data-settings=\"{&quot;_animation&quot;:&quot;fadeInRight&quot;}\" data-widget_type=\"text-editor.default\">\n\t\t\t\t<div class=\"elementor-widget-container\">\n\t\t\t\t\t\t\t\t\t<p>Uno de los aspectos m\u00e1s urgentes de las demandas por responsabilidad civil en Nueva Jersey es el requisito de identificar al propietario de la propiedad lo antes posible. Si la parte responsable es una entidad p\u00fablica, la parte perjudicada debe presentar una notificaci\u00f3n formal de demanda dentro de los 90 d\u00edas de conformidad con la Ley de demandas por agravios de Nueva Jersey (N.J.S.A. 59:8-8). <\/p><ul><li>No proporcionar este aviso dentro del plazo de 90 d\u00edas puede impedirle completamente a la persona lesionada recuperar la compensaci\u00f3n.<\/li><li>Este aviso debe incluir detalles del accidente, las lesiones sufridas y el reclamo que se presenta.<\/li><li>No cumplir con el plazo significa que la v\u00edctima pierde su derecho a demandar a la entidad gubernamental responsable de la condici\u00f3n peligrosa.<\/li><\/ul>\t\t\t\t\t\t\t\t<\/div>\n\t\t\t\t<\/div>\n\t\t\t\t<\/div>\n\t\t\t\t\t<\/div>\n\t\t\t\t<\/div>\n\t\t<div class=\"elementor-element elementor-element-977e82f e-flex e-con-boxed e-con e-parent\" data-id=\"977e82f\" data-element_type=\"container\" data-e-type=\"container\">\n\t\t\t\t\t<div class=\"e-con-inner\">\n\t\t<div class=\"elementor-element elementor-element-6eb5f9c e-con-full e-flex e-con e-child\" data-id=\"6eb5f9c\" data-element_type=\"container\" data-e-type=\"container\">\n\t\t\t\t<div class=\"elementor-element elementor-element-9129ced elementor-invisible elementor-widget elementor-widget-image\" data-id=\"9129ced\" data-element_type=\"widget\" data-e-type=\"widget\" data-settings=\"{&quot;_animation&quot;:&quot;fadeInLeft&quot;}\" data-widget_type=\"image.default\">\n\t\t\t\t<div class=\"elementor-widget-container\">\n\t\t\t\t\t\t\t\t\t\t\t\t\t\t\t<img decoding=\"async\" src=\"https:\/\/mtglawyers.com\/wp-content\/uploads\/elementor\/thumbs\/Challenges-in-Premises-Liability-Cases-r25van4fwf5sccnfrysiy5l1f9qns031wq1j8fcxca.jpg\" title=\"Desaf\u00edos en casos de responsabilidad civil por da\u00f1os materiales\" alt=\"Desaf\u00edos en casos de responsabilidad civil por da\u00f1os materiales\" loading=\"lazy\" \/>\t\t\t\t\t\t\t\t\t\t\t\t\t\t\t<\/div>\n\t\t\t\t<\/div>\n\t\t\t\t<div class=\"elementor-element elementor-element-aff702a elementor-invisible elementor-widget elementor-widget-heading\" data-id=\"aff702a\" data-element_type=\"widget\" data-e-type=\"widget\" data-settings=\"{&quot;_animation&quot;:&quot;fadeInLeft&quot;}\" data-widget_type=\"heading.default\">\n\t\t\t\t<div class=\"elementor-widget-container\">\n\t\t\t\t\t<h2 class=\"elementor-heading-title elementor-size-default\">Desaf\u00edos en casos de responsabilidad civil por da\u00f1os <span style=\"color:#4A4A4A\">materiales<\/span><\/h2>\t\t\t\t<\/div>\n\t\t\t\t<\/div>\n\t\t\t\t<div class=\"elementor-element elementor-element-9f0f3d4 elementor-widget__width-initial elementor-invisible elementor-widget elementor-widget-text-editor\" data-id=\"9f0f3d4\" data-element_type=\"widget\" data-e-type=\"widget\" data-settings=\"{&quot;_animation&quot;:&quot;fadeInLeft&quot;}\" data-widget_type=\"text-editor.default\">\n\t\t\t\t<div class=\"elementor-widget-container\">\n\t\t\t\t\t\t\t\t\t<p>Demostrar la culpa en un caso de responsabilidad civil puede ser complejo, ya que requiere evidencia de que:<\/p><ul><li>El propietario del inmueble sab\u00eda o deber\u00eda haber sabido de la condici\u00f3n peligrosa.<\/li><li>La situaci\u00f3n peligrosa no se solucion\u00f3 en un plazo razonable.<\/li><li>La lesi\u00f3n fue causada directamente por la negligencia del propietario.<\/li><li>La v\u00edctima se encontraba legalmente en el local (los intrusos tienen derechos limitados en estos casos).<\/li><\/ul><p>Las compa\u00f1\u00edas de seguros suelen disputar la responsabilidad argumentando que la v\u00edctima actu\u00f3 descuidadamente o que el peligro era \u201cabierto y obvio\u201d. Por eso es fundamental realizar una investigaci\u00f3n temprana, recopilar pruebas y representar a un abogado. <\/p>\t\t\t\t\t\t\t\t<\/div>\n\t\t\t\t<\/div>\n\t\t\t\t<\/div>\n\t\t\t\t\t<\/div>\n\t\t\t\t<\/div>\n\t\t<div class=\"elementor-element elementor-element-5b07ed8 e-flex e-con-boxed e-con e-parent\" data-id=\"5b07ed8\" data-element_type=\"container\" data-e-type=\"container\">\n\t\t\t\t\t<div class=\"e-con-inner\">\n\t\t<div class=\"elementor-element elementor-element-837730b e-con-full e-flex elementor-invisible e-con e-child\" data-id=\"837730b\" data-element_type=\"container\" data-e-type=\"container\" data-settings=\"{&quot;background_background&quot;:&quot;classic&quot;,&quot;animation&quot;:&quot;fadeInUp&quot;}\">\n\t\t\t\t<div class=\"elementor-element elementor-element-b77c9cd elementor-invisible elementor-widget elementor-widget-heading\" data-id=\"b77c9cd\" data-element_type=\"widget\" data-e-type=\"widget\" data-settings=\"{&quot;_animation&quot;:&quot;fadeInUp&quot;}\" data-widget_type=\"heading.default\">\n\t\t\t\t<div class=\"elementor-widget-container\">\n\t\t\t\t\t<h2 class=\"elementor-heading-title elementor-size-default\">Comun\u00edquese con David Gardner hoy para una consulta gratuita para asegurarse de cumplir con todos los plazos legales y obtener la compensaci\u00f3n que se merece.<\/h2>\t\t\t\t<\/div>\n\t\t\t\t<\/div>\n\t\t\t\t<div class=\"elementor-element elementor-element-be0b0d1 elementor-align-left elementor-mobile-align-center elementor-invisible elementor-widget elementor-widget-button\" data-id=\"be0b0d1\" data-element_type=\"widget\" data-e-type=\"widget\" data-settings=\"{&quot;_animation&quot;:&quot;fadeInUp&quot;}\" data-widget_type=\"button.default\">\n\t\t\t\t<div class=\"elementor-widget-container\">\n\t\t\t\t\t\t\t\t\t<div class=\"elementor-button-wrapper\">\n\t\t\t\t\t<a class=\"elementor-button elementor-button-link elementor-size-sm elementor-animation-float\" href=\"https:\/\/tawk.to\/mtglawyersespanol\" target=\"_blank\" rel=\"noopener\">\n\t\t\t\t\t\t<span class=\"elementor-button-content-wrapper\">\n\t\t\t\t\t\t<span class=\"elementor-button-icon\">\n\t\t\t\t<i aria-hidden=\"true\" class=\"icon icon-chat\"><\/i>\t\t\t<\/span>\n\t\t\t\t\t\t\t\t\t<span class=\"elementor-button-text\">Enviar un mensaje seguro<\/span>\n\t\t\t\t\t<\/span>\n\t\t\t\t\t<\/a>\n\t\t\t\t<\/div>\n\t\t\t\t\t\t\t\t<\/div>\n\t\t\t\t<\/div>\n\t\t\t\t<\/div>\n\t\t\t\t\t<\/div>\n\t\t\t\t<\/div>\n\t\t\t\t<\/div>\n\t\t","protected":false},"excerpt":{"rendered":"<p>Maxwell, Tassini, &amp; Gardner, LLC David Gardner: M\u00e1s de 15 a\u00f1os de experiencia en el manejo de casos de responsabilidad [&hellip;]<\/p>\n","protected":false},"author":1,"featured_media":1939,"parent":2052,"menu_order":4,"comment_status":"closed","ping_status":"closed","template":"","meta":{"site-sidebar-layout":"no-sidebar","site-content-layout":"","ast-site-content-layout":"full-width-container","site-content-style":"default","site-sidebar-style":"default","ast-global-header-display":"","ast-banner-title-visibility":"","ast-main-header-display":"","ast-hfb-above-header-display":"","ast-hfb-below-header-display":"","ast-hfb-mobile-header-display":"","site-post-title":"disabled","ast-breadcrumbs-content":"","ast-featured-img":"disabled","footer-sml-layout":"","ast-disable-related-posts":"","theme-transparent-header-meta":"default","adv-header-id-meta":"","stick-header-meta":"","header-above-stick-meta":"","header-main-stick-meta":"","header-below-stick-meta":"","astra-migrate-meta-layouts":"default","ast-page-background-enabled":"default","ast-page-background-meta":{"desktop":{"background-color":"var(--ast-global-color-5)","background-image":"","background-repeat":"repeat","background-position":"center center","background-size":"auto","background-attachment":"scroll","background-type":"","background-media":"","overlay-type":"","overlay-color":"","overlay-opacity":"","overlay-gradient":""},"tablet":{"background-color":"","background-image":"","background-repeat":"repeat","background-position":"center center","background-size":"auto","background-attachment":"scroll","background-type":"","background-media":"","overlay-type":"","overlay-color":"","overlay-opacity":"","overlay-gradient":""},"mobile":{"background-color":"","background-image":"","background-repeat":"repeat","background-position":"center center","background-size":"auto","background-attachment":"scroll","background-type":"","background-media":"","overlay-type":"","overlay-color":"","overlay-opacity":"","overlay-gradient":""}},"ast-content-background-meta":{"desktop":{"background-color":"var(--ast-global-color-4)","background-image":"","background-repeat":"repeat","background-position":"center center","background-size":"auto","background-attachment":"scroll","background-type":"","background-media":"","overlay-type":"","overlay-color":"","overlay-opacity":"","overlay-gradient":""},"tablet":{"background-color":"var(--ast-global-color-4)","background-image":"","background-repeat":"repeat","background-position":"center center","background-size":"auto","background-attachment":"scroll","background-type":"","background-media":"","overlay-type":"","overlay-color":"","overlay-opacity":"","overlay-gradient":""},"mobile":{"background-color":"var(--ast-global-color-4)","background-image":"","background-repeat":"repeat","background-position":"center center","background-size":"auto","background-attachment":"scroll","background-type":"","background-media":"","overlay-type":"","overlay-color":"","overlay-opacity":"","overlay-gradient":""}},"footnotes":""},"class_list":["post-2086","page","type-page","status-publish","has-post-thumbnail","hentry"],"_links":{"self":[{"href":"https:\/\/mtglawyers.com\/es\/wp-json\/wp\/v2\/pages\/2086","targetHints":{"allow":["GET"]}}],"collection":[{"href":"https:\/\/mtglawyers.com\/es\/wp-json\/wp\/v2\/pages"}],"about":[{"href":"https:\/\/mtglawyers.com\/es\/wp-json\/wp\/v2\/types\/page"}],"author":[{"embeddable":true,"href":"https:\/\/mtglawyers.com\/es\/wp-json\/wp\/v2\/users\/1"}],"replies":[{"embeddable":true,"href":"https:\/\/mtglawyers.com\/es\/wp-json\/wp\/v2\/comments?post=2086"}],"version-history":[{"count":4,"href":"https:\/\/mtglawyers.com\/es\/wp-json\/wp\/v2\/pages\/2086\/revisions"}],"predecessor-version":[{"id":2153,"href":"https:\/\/mtglawyers.com\/es\/wp-json\/wp\/v2\/pages\/2086\/revisions\/2153"}],"up":[{"embeddable":true,"href":"https:\/\/mtglawyers.com\/es\/wp-json\/wp\/v2\/pages\/2052"}],"wp:featuredmedia":[{"embeddable":true,"href":"https:\/\/mtglawyers.com\/es\/wp-json\/wp\/v2\/media\/1939"}],"wp:attachment":[{"href":"https:\/\/mtglawyers.com\/es\/wp-json\/wp\/v2\/media?parent=2086"}],"curies":[{"name":"wp","href":"https:\/\/api.w.org\/{rel}","templated":true}]}}