 {"id":2080,"date":"2025-02-22T06:18:55","date_gmt":"2025-02-22T06:18:55","guid":{"rendered":"https:\/\/mtglawyers.com\/areas-de-practica\/lesiones-personales-accidentes-automovilisticos\/accidentes-de-motocicleta\/"},"modified":"2025-03-06T07:30:36","modified_gmt":"2025-03-06T07:30:36","slug":"accidentes-de-motocicleta","status":"publish","type":"page","link":"https:\/\/mtglawyers.com\/es\/areas-de-practica\/lesiones-personales-accidentes-automovilisticos\/accidentes-de-motocicleta\/","title":{"rendered":"Accidentes de motocicleta"},"content":{"rendered":"\t\t<div data-elementor-type=\"wp-page\" data-elementor-id=\"2080\" class=\"elementor elementor-2080 elementor-1246\" data-elementor-post-type=\"page\">\n\t\t\t\t<div class=\"elementor-element elementor-element-c32452c e-flex e-con-boxed e-con e-parent\" data-id=\"c32452c\" data-element_type=\"container\" data-e-type=\"container\" data-settings=\"{&quot;background_background&quot;:&quot;classic&quot;}\">\n\t\t\t\t\t<div class=\"e-con-inner\">\n\t\t\t\t<div class=\"elementor-element elementor-element-7414b65 elementor-widget__width-initial elementor-invisible elementor-widget elementor-widget-heading\" data-id=\"7414b65\" data-element_type=\"widget\" data-e-type=\"widget\" data-settings=\"{&quot;_animation&quot;:&quot;fadeInUp&quot;}\" data-widget_type=\"heading.default\">\n\t\t\t\t<div class=\"elementor-widget-container\">\n\t\t\t\t\t<h2 class=\"elementor-heading-title elementor-size-default\">Maxwell, Tassini, &amp; Gardner, LLC<\/h2>\t\t\t\t<\/div>\n\t\t\t\t<\/div>\n\t\t\t\t<div class=\"elementor-element elementor-element-e663836 elementor-view-stacked elementor-shape-circle elementor-invisible elementor-widget elementor-widget-icon\" data-id=\"e663836\" data-element_type=\"widget\" data-e-type=\"widget\" id=\"start\" data-settings=\"{&quot;_animation&quot;:&quot;fadeInUp&quot;}\" data-widget_type=\"icon.default\">\n\t\t\t\t<div class=\"elementor-widget-container\">\n\t\t\t\t\t\t\t<div class=\"elementor-icon-wrapper\">\n\t\t\t<a class=\"elementor-icon elementor-animation-float\" href=\"#start\">\n\t\t\t<i aria-hidden=\"true\" class=\"icon icon-arrow-down\"><\/i>\t\t\t<\/a>\n\t\t<\/div>\n\t\t\t\t\t\t<\/div>\n\t\t\t\t<\/div>\n\t\t\t\t\t<\/div>\n\t\t\t\t<\/div>\n\t\t<div class=\"elementor-element elementor-element-64585e3 e-flex e-con-boxed e-con e-parent\" data-id=\"64585e3\" data-element_type=\"container\" data-e-type=\"container\" data-settings=\"{&quot;background_background&quot;:&quot;classic&quot;}\">\n\t\t\t\t\t<div class=\"e-con-inner\">\n\t\t\t\t<div class=\"elementor-element elementor-element-1a54e23 elementor-invisible elementor-widget elementor-widget-heading\" data-id=\"1a54e23\" data-element_type=\"widget\" data-e-type=\"widget\" data-settings=\"{&quot;_animation&quot;:&quot;fadeInUp&quot;}\" data-widget_type=\"heading.default\">\n\t\t\t\t<div class=\"elementor-widget-container\">\n\t\t\t\t\t<h2 class=\"elementor-heading-title elementor-size-default\">Comprender los accidentes de motocicleta en Nueva Jersey: complejidades legales y desaf\u00edos \u00fanicos<\/h2>\t\t\t\t<\/div>\n\t\t\t\t<\/div>\n\t\t\t\t\t<\/div>\n\t\t\t\t<\/div>\n\t\t<div class=\"elementor-element elementor-element-329de5b e-flex e-con-boxed e-con e-parent\" data-id=\"329de5b\" data-element_type=\"container\" data-e-type=\"container\">\n\t\t\t\t\t<div class=\"e-con-inner\">\n\t\t<div class=\"elementor-element elementor-element-d511e3e e-con-full e-flex e-con e-child\" data-id=\"d511e3e\" data-element_type=\"container\" data-e-type=\"container\">\n\t\t\t\t<div class=\"elementor-element elementor-element-5327a56 elementor-invisible elementor-widget elementor-widget-image\" data-id=\"5327a56\" data-element_type=\"widget\" data-e-type=\"widget\" data-settings=\"{&quot;_animation&quot;:&quot;fadeInLeft&quot;}\" data-widget_type=\"image.default\">\n\t\t\t\t<div class=\"elementor-widget-container\">\n\t\t\t\t\t\t\t\t\t\t\t\t\t\t\t<img decoding=\"async\" src=\"https:\/\/mtglawyers.com\/wp-content\/uploads\/elementor\/thumbs\/Why-Motorcycle-Accidents-Are-Different-from-Other-Vehicle-Collisions-r25v9c4iepdg7ujpeeh6hhfzq06b34wh29f98lalze.jpg\" title=\"Por qu\u00e9 los accidentes de motocicleta son diferentes a las colisiones de otros veh\u00edculos\" alt=\"Por qu\u00e9 los accidentes de motocicleta son diferentes a las colisiones de otros veh\u00edculos\" loading=\"lazy\" \/>\t\t\t\t\t\t\t\t\t\t\t\t\t\t\t<\/div>\n\t\t\t\t<\/div>\n\t\t\t\t<div class=\"elementor-element elementor-element-7b425df elementor-invisible elementor-widget elementor-widget-heading\" data-id=\"7b425df\" data-element_type=\"widget\" data-e-type=\"widget\" data-settings=\"{&quot;_animation&quot;:&quot;fadeInLeft&quot;}\" data-widget_type=\"heading.default\">\n\t\t\t\t<div class=\"elementor-widget-container\">\n\t\t\t\t\t<h2 class=\"elementor-heading-title elementor-size-default\">Por qu\u00e9 los accidentes de motocicleta son diferentes a las colisiones de otros <span style=\"color:#4A4A4A\">veh\u00edculos<\/span><\/h2>\t\t\t\t<\/div>\n\t\t\t\t<\/div>\n\t\t\t\t<div class=\"elementor-element elementor-element-03bdc05 elementor-widget__width-initial elementor-invisible elementor-widget elementor-widget-text-editor\" data-id=\"03bdc05\" data-element_type=\"widget\" data-e-type=\"widget\" data-settings=\"{&quot;_animation&quot;:&quot;fadeInLeft&quot;}\" data-widget_type=\"text-editor.default\">\n\t\t\t\t<div class=\"elementor-widget-container\">\n\t\t\t\t\t\t\t\t\t<p>Los accidentes de motocicleta difieren significativamente de los accidentes de autom\u00f3viles, camiones y autobuses est\u00e1ndar debido a la vulnerabilidad inherente de los motociclistas en la carretera. Los motociclistas carecen de la estructura protectora de un veh\u00edculo, lo que los deja expuestos a lesiones graves y, a menudo, catastr\u00f3ficas. Adem\u00e1s, las leyes de seguro de autom\u00f3viles sin culpa de Nueva Jersey no brindan beneficios de Protecci\u00f3n contra lesiones personales (PIP) a los motociclistas, lo que hace que la carga financiera de los gastos m\u00e9dicos sea m\u00e1s dif\u00edcil de manejar.  <\/p><p><strong>La gravedad de las lesiones en accidentes de motocicleta<\/strong><\/p><p>Debido a la falta de una carcasa protectora, los motociclistas corren un riesgo mucho mayor de sufrir lesiones graves que alteren la vida en comparaci\u00f3n con los ocupantes de autom\u00f3viles, camiones y autobuses. Las lesiones m\u00e1s comunes en accidentes de motocicleta incluyen: <\/p><ul><li>Lesiones cerebrales traum\u00e1ticas (LCT): incluso con casco, los motociclistas pueden sufrir lesiones cerebrales graves en colisiones de alto impacto.<\/li><li>Lesiones de la m\u00e9dula espinal: la par\u00e1lisis u otro da\u00f1o nervioso permanente es un riesgo importante.<\/li><li>Fracturas graves y amputaciones de extremidades: los accidentes a alta velocidad con frecuencia provocan fracturas de huesos y, en casos extremos, amputaciones.<\/li><li>Erupci\u00f3n en la carretera y da\u00f1os en los tejidos blandos: el contacto con el asfalto puede provocar abrasiones graves en la piel, infecciones y lesiones profundas en los tejidos.<\/li><li>Da\u00f1o en los \u00f3rganos internos: la fuerza del impacto a menudo provoca hemorragia interna y traumatismos en los \u00f3rganos, que pueden no ser evidentes inmediatamente.<\/li><\/ul><p><strong>Falta de cobertura PIP sin culpa para motociclistas en New Jersey<\/strong><\/p><p>A diferencia de los conductores de autom\u00f3viles y camiones, los motociclistas no tienen acceso a los beneficios de PIP bajo el sistema de seguro sin culpa de Nueva Jersey. Esto significa que: <\/p><ul><li>Los motociclistas lesionados deben confiar en su propio seguro de salud para cubrir los gastos m\u00e9dicos.<\/li><li>Las facturas m\u00e9dicas a menudo deben pagarse de bolsillo, especialmente si el conductor lesionado carece de cobertura m\u00e9dica integral.<\/li><li>Una reclamaci\u00f3n contra el conductor culpable es esencial para asegurar una compensaci\u00f3n, pero la recuperaci\u00f3n puede retrasarse debido a disputas con seguros.<\/li><li>Los salarios perdidos y los costos de atenci\u00f3n a largo plazo no est\u00e1n cubiertos autom\u00e1ticamente, lo que representa una presi\u00f3n financiera adicional para los pasajeros lesionados.<\/li><\/ul>\t\t\t\t\t\t\t\t<\/div>\n\t\t\t\t<\/div>\n\t\t\t\t<\/div>\n\t\t<div class=\"elementor-element elementor-element-93d759d e-con-full e-flex e-con e-child\" data-id=\"93d759d\" data-element_type=\"container\" data-e-type=\"container\">\n\t\t\t\t<div class=\"elementor-element elementor-element-bca8ca5 elementor-invisible elementor-widget elementor-widget-image\" data-id=\"bca8ca5\" data-element_type=\"widget\" data-e-type=\"widget\" data-settings=\"{&quot;_animation&quot;:&quot;fadeInRight&quot;}\" data-widget_type=\"image.default\">\n\t\t\t\t<div class=\"elementor-widget-container\">\n\t\t\t\t\t\t\t\t\t\t\t\t\t\t\t<img decoding=\"async\" src=\"https:\/\/mtglawyers.com\/wp-content\/uploads\/elementor\/thumbs\/How-Motorcycle-Accidents-Differ-from-Auto-and-Trucking-Accidents-r25v9kl247p14c7f104tlxb52h0m0eu23famk2y2fe.jpg\" title=\"En qu\u00e9 se diferencian los accidentes de motocicleta de los accidentes de autom\u00f3vil y de camiones\" alt=\"En qu\u00e9 se diferencian los accidentes de motocicleta de los accidentes de autom\u00f3vil y de camiones\" loading=\"lazy\" \/>\t\t\t\t\t\t\t\t\t\t\t\t\t\t\t<\/div>\n\t\t\t\t<\/div>\n\t\t\t\t<div class=\"elementor-element elementor-element-4a6f43e elementor-invisible elementor-widget elementor-widget-heading\" data-id=\"4a6f43e\" data-element_type=\"widget\" data-e-type=\"widget\" data-settings=\"{&quot;_animation&quot;:&quot;fadeInRight&quot;}\" data-widget_type=\"heading.default\">\n\t\t\t\t<div class=\"elementor-widget-container\">\n\t\t\t\t\t<h2 class=\"elementor-heading-title elementor-size-default\">En qu\u00e9 se diferencian los accidentes de motocicleta de los accidentes de autom\u00f3vil y de <span style=\"color:#4A4A4A\">camiones<\/span><\/h2>\t\t\t\t<\/div>\n\t\t\t\t<\/div>\n\t\t\t\t<div class=\"elementor-element elementor-element-3aef45c elementor-widget__width-initial elementor-invisible elementor-widget elementor-widget-text-editor\" data-id=\"3aef45c\" data-element_type=\"widget\" data-e-type=\"widget\" data-settings=\"{&quot;_animation&quot;:&quot;fadeInRight&quot;}\" data-widget_type=\"text-editor.default\">\n\t\t\t\t<div class=\"elementor-widget-container\">\n\t\t\t\t\t\t\t\t\t<p>Si bien los accidentes automovil\u00edsticos y de camiones implican amplias regulaciones de seguros y consideraciones de responsabilidad comercial, los accidentes de motocicleta a menudo presentan diferentes desaf\u00edos para demostrar la culpa y asegurar una compensaci\u00f3n:<\/p><ul><li>Prejuicios contra los motociclistas: Las compa\u00f1\u00edas de seguros y los abogados defensores frecuentemente argumentan que los motociclistas son imprudentes o tienen la culpa, incluso cuando no lo son.<\/li><li>Falta de beneficios PIP: a diferencia de los autom\u00f3viles y camiones, las motocicletas no califican para la cobertura autom\u00e1tica de gastos m\u00e9dicos, lo que hace que los reclamos por lesiones sean m\u00e1s cr\u00edticos.<\/li><li>Costos m\u00e9dicos m\u00e1s altos: debido a la gravedad de las lesiones, los accidentes de motocicleta tienden a resultar en facturas m\u00e9dicas m\u00e1s altas y costos de rehabilitaci\u00f3n a largo plazo.<\/li><li>Mayor riesgo de incidentes de atropello y fuga: los motociclistas tienen m\u00e1s probabilidades de ser ignorados en el tr\u00e1fico o de ser atropellados por conductores negligentes que huyen de la escena.<\/li><\/ul>\t\t\t\t\t\t\t\t<\/div>\n\t\t\t\t<\/div>\n\t\t\t\t<\/div>\n\t\t\t\t\t<\/div>\n\t\t\t\t<\/div>\n\t\t<div class=\"elementor-element elementor-element-8832fa0 e-flex e-con-boxed e-con e-parent\" data-id=\"8832fa0\" data-element_type=\"container\" data-e-type=\"container\">\n\t\t\t\t\t<div class=\"e-con-inner\">\n\t\t<div class=\"elementor-element elementor-element-2663a48 e-con-full e-flex e-con e-child\" data-id=\"2663a48\" data-element_type=\"container\" data-e-type=\"container\">\n\t\t\t\t<div class=\"elementor-element elementor-element-9287a07 elementor-invisible elementor-widget elementor-widget-image\" data-id=\"9287a07\" data-element_type=\"widget\" data-e-type=\"widget\" data-settings=\"{&quot;_animation&quot;:&quot;fadeInLeft&quot;}\" data-widget_type=\"image.default\">\n\t\t\t\t<div class=\"elementor-widget-container\">\n\t\t\t\t\t\t\t\t\t\t\t\t\t\t\t<img decoding=\"async\" src=\"https:\/\/mtglawyers.com\/wp-content\/uploads\/elementor\/thumbs\/Challenges-in-Recovering-Compensation-After-a-Motorcycle-Accident-r25v9q8397wr1zz842kl0vvwms8talgg477jfqppe2.jpeg\" title=\"Desaf\u00edos para recuperar la indemnizaci\u00f3n despu\u00e9s de un accidente de motocicleta\" alt=\"Desaf\u00edos para recuperar la indemnizaci\u00f3n despu\u00e9s de un accidente de motocicleta\" loading=\"lazy\" \/>\t\t\t\t\t\t\t\t\t\t\t\t\t\t\t<\/div>\n\t\t\t\t<\/div>\n\t\t\t\t<div class=\"elementor-element elementor-element-44c755e elementor-invisible elementor-widget elementor-widget-heading\" data-id=\"44c755e\" data-element_type=\"widget\" data-e-type=\"widget\" data-settings=\"{&quot;_animation&quot;:&quot;fadeInLeft&quot;}\" data-widget_type=\"heading.default\">\n\t\t\t\t<div class=\"elementor-widget-container\">\n\t\t\t\t\t<h2 class=\"elementor-heading-title elementor-size-default\">Desaf\u00edos para recuperar la indemnizaci\u00f3n despu\u00e9s de un accidente de <span style=\"color:#4A4A4A\">motocicleta<\/span><\/h2>\t\t\t\t<\/div>\n\t\t\t\t<\/div>\n\t\t\t\t<div class=\"elementor-element elementor-element-804efca elementor-widget__width-initial elementor-invisible elementor-widget elementor-widget-text-editor\" data-id=\"804efca\" data-element_type=\"widget\" data-e-type=\"widget\" data-settings=\"{&quot;_animation&quot;:&quot;fadeInLeft&quot;}\" data-widget_type=\"text-editor.default\">\n\t\t\t\t<div class=\"elementor-widget-container\">\n\t\t\t\t\t\t\t\t\t<p>Debido a la falta de cobertura de seguro sin culpa, los motociclistas deben presentar reclamos directamente contra la parte culpable. Sin embargo, este proceso puede resultar dif\u00edcil debido a: <\/p><ul><li>Disputas sobre culpa: Las aseguradoras pueden argumentar que el motociclista se dividi\u00f3 en carriles, condujo a exceso de velocidad o fue negligente de alguna otra manera.<\/li><li>Ofertas de liquidaci\u00f3n bajas: las compa\u00f1\u00edas de seguros a menudo subestiman los reclamos de motocicletas debido a la percepci\u00f3n de que los conductores asumen un mayor riesgo.<\/li><li>Preocupaciones por discapacidad a largo plazo: muchas v\u00edctimas de accidentes de motocicleta requieren atenci\u00f3n m\u00e9dica de por vida y equipos de adaptaci\u00f3n, lo que genera negociaciones y litigios de alto riesgo.<\/li><li>Problemas con conductores sin seguro o con seguro insuficiente: si el conductor culpable no tiene seguro suficiente, recuperar los da\u00f1os puede volverse extremadamente complicado.<\/li><\/ul>\t\t\t\t\t\t\t\t<\/div>\n\t\t\t\t<\/div>\n\t\t\t\t<\/div>\n\t\t<div class=\"elementor-element elementor-element-298577d e-con-full e-flex e-con e-child\" data-id=\"298577d\" data-element_type=\"container\" data-e-type=\"container\">\n\t\t\t\t<div class=\"elementor-element elementor-element-52d409f elementor-invisible elementor-widget elementor-widget-image\" data-id=\"52d409f\" data-element_type=\"widget\" data-e-type=\"widget\" data-settings=\"{&quot;_animation&quot;:&quot;fadeInRight&quot;}\" data-widget_type=\"image.default\">\n\t\t\t\t<div class=\"elementor-widget-container\">\n\t\t\t\t\t\t\t\t\t\t\t\t\t\t\t<img decoding=\"async\" src=\"https:\/\/mtglawyers.com\/wp-content\/uploads\/elementor\/thumbs\/Legal-Strategies-for-Motorcycle-Accident-Victims-r25v9wsyl25rb9po1nez0c84shcdsh6kh3rxsofy6i.jpeg\" title=\"Estrategias legales para v\u00edctimas de accidentes de motocicleta\" alt=\"Estrategias legales para v\u00edctimas de accidentes de motocicleta\" loading=\"lazy\" \/>\t\t\t\t\t\t\t\t\t\t\t\t\t\t\t<\/div>\n\t\t\t\t<\/div>\n\t\t\t\t<div class=\"elementor-element elementor-element-64e8cc3 elementor-invisible elementor-widget elementor-widget-heading\" data-id=\"64e8cc3\" data-element_type=\"widget\" data-e-type=\"widget\" data-settings=\"{&quot;_animation&quot;:&quot;fadeInRight&quot;}\" data-widget_type=\"heading.default\">\n\t\t\t\t<div class=\"elementor-widget-container\">\n\t\t\t\t\t<h2 class=\"elementor-heading-title elementor-size-default\">Estrategias legales para v\u00edctimas de accidentes de <span style=\"color:#4A4A4A\">motocicleta<\/span><\/h2>\t\t\t\t<\/div>\n\t\t\t\t<\/div>\n\t\t\t\t<div class=\"elementor-element elementor-element-b1812d0 elementor-widget__width-initial elementor-invisible elementor-widget elementor-widget-text-editor\" data-id=\"b1812d0\" data-element_type=\"widget\" data-e-type=\"widget\" data-settings=\"{&quot;_animation&quot;:&quot;fadeInRight&quot;}\" data-widget_type=\"text-editor.default\">\n\t\t\t\t<div class=\"elementor-widget-container\">\n\t\t\t\t\t\t\t\t\t<p>David Gardner tiene m\u00e1s de 15 a\u00f1os de experiencia representando a conductores lesionados en Nueva Jersey y comprende los desaf\u00edos legales particulares que enfrentan. Su firma se centra en: <\/p><ul><li>Probar la negligencia de los conductores culpables, incluida la conducci\u00f3n distra\u00edda, la falta de ceder el paso y el comportamiento imprudente.<\/li><li>Luchar contra los prejuicios de las compa\u00f1\u00edas de seguros contra los motociclistas para garantizar una compensaci\u00f3n justa.<\/li><li>Maximizar las recuperaciones por gastos m\u00e9dicos, salarios perdidos, dolor y sufrimiento, y necesidades de atenci\u00f3n a largo plazo.<\/li><li>Investigar reclamos que involucren a conductores sin seguro o con seguro insuficiente para buscar todas las fuentes de compensaci\u00f3n disponibles.<\/li><\/ul><p><strong>Contacte a David Gardner ahora<\/strong><\/p><p>Si usted o un ser querido ha resultado herido en un accidente de motocicleta, necesita un abogado que comprenda los desaf\u00edos legales y financieros particulares que enfrentan los motociclistas. El tiempo es fundamental en estos casos, ya que se deben preservar las pruebas y las reclamaciones de seguros se deben manejar con precisi\u00f3n. <\/p>\t\t\t\t\t\t\t\t<\/div>\n\t\t\t\t<\/div>\n\t\t\t\t<\/div>\n\t\t\t\t\t<\/div>\n\t\t\t\t<\/div>\n\t\t<div class=\"elementor-element elementor-element-6ab10a5 e-flex e-con-boxed e-con e-parent\" data-id=\"6ab10a5\" data-element_type=\"container\" data-e-type=\"container\">\n\t\t\t\t\t<div class=\"e-con-inner\">\n\t\t<div class=\"elementor-element elementor-element-1e146b0 e-con-full e-flex elementor-invisible e-con e-child\" data-id=\"1e146b0\" data-element_type=\"container\" data-e-type=\"container\" data-settings=\"{&quot;background_background&quot;:&quot;classic&quot;,&quot;animation&quot;:&quot;fadeInUp&quot;}\">\n\t\t\t\t<div class=\"elementor-element elementor-element-de403f5 elementor-invisible elementor-widget elementor-widget-heading\" data-id=\"de403f5\" data-element_type=\"widget\" data-e-type=\"widget\" data-settings=\"{&quot;_animation&quot;:&quot;fadeInUp&quot;}\" data-widget_type=\"heading.default\">\n\t\t\t\t<div class=\"elementor-widget-container\">\n\t\t\t\t\t<h2 class=\"elementor-heading-title elementor-size-default\">Comun\u00edquese con David Gardner hoy para una consulta gratuita y aseg\u00farese de que sus derechos est\u00e9n protegidos.<\/h2>\t\t\t\t<\/div>\n\t\t\t\t<\/div>\n\t\t\t\t<div class=\"elementor-element elementor-element-30c513e elementor-align-left elementor-mobile-align-center elementor-invisible elementor-widget elementor-widget-button\" data-id=\"30c513e\" data-element_type=\"widget\" data-e-type=\"widget\" data-settings=\"{&quot;_animation&quot;:&quot;fadeInUp&quot;}\" data-widget_type=\"button.default\">\n\t\t\t\t<div class=\"elementor-widget-container\">\n\t\t\t\t\t\t\t\t\t<div class=\"elementor-button-wrapper\">\n\t\t\t\t\t<a class=\"elementor-button elementor-button-link elementor-size-sm elementor-animation-float\" href=\"https:\/\/tawk.to\/mtglawyersespanol\" target=\"_blank\" rel=\"noopener\">\n\t\t\t\t\t\t<span class=\"elementor-button-content-wrapper\">\n\t\t\t\t\t\t<span class=\"elementor-button-icon\">\n\t\t\t\t<i aria-hidden=\"true\" class=\"icon icon-chat\"><\/i>\t\t\t<\/span>\n\t\t\t\t\t\t\t\t\t<span class=\"elementor-button-text\">Enviar un mensaje seguro<\/span>\n\t\t\t\t\t<\/span>\n\t\t\t\t\t<\/a>\n\t\t\t\t<\/div>\n\t\t\t\t\t\t\t\t<\/div>\n\t\t\t\t<\/div>\n\t\t\t\t<\/div>\n\t\t\t\t\t<\/div>\n\t\t\t\t<\/div>\n\t\t\t\t<\/div>\n\t\t","protected":false},"excerpt":{"rendered":"<p>Maxwell, Tassini, &amp; Gardner, LLC Comprender los accidentes de motocicleta en Nueva Jersey: complejidades legales y desaf\u00edos \u00fanicos Por qu\u00e9 [&hellip;]<\/p>\n","protected":false},"author":1,"featured_media":1939,"parent":2052,"menu_order":3,"comment_status":"closed","ping_status":"closed","template":"","meta":{"site-sidebar-layout":"no-sidebar","site-content-layout":"","ast-site-content-layout":"full-width-container","site-content-style":"default","site-sidebar-style":"default","ast-global-header-display":"","ast-banner-title-visibility":"","ast-main-header-display":"","ast-hfb-above-header-display":"","ast-hfb-below-header-display":"","ast-hfb-mobile-header-display":"","site-post-title":"disabled","ast-breadcrumbs-content":"","ast-featured-img":"disabled","footer-sml-layout":"","ast-disable-related-posts":"","theme-transparent-header-meta":"default","adv-header-id-meta":"","stick-header-meta":"","header-above-stick-meta":"","header-main-stick-meta":"","header-below-stick-meta":"","astra-migrate-meta-layouts":"default","ast-page-background-enabled":"default","ast-page-background-meta":{"desktop":{"background-color":"var(--ast-global-color-5)","background-image":"","background-repeat":"repeat","background-position":"center center","background-size":"auto","background-attachment":"scroll","background-type":"","background-media":"","overlay-type":"","overlay-color":"","overlay-opacity":"","overlay-gradient":""},"tablet":{"background-color":"","background-image":"","background-repeat":"repeat","background-position":"center center","background-size":"auto","background-attachment":"scroll","background-type":"","background-media":"","overlay-type":"","overlay-color":"","overlay-opacity":"","overlay-gradient":""},"mobile":{"background-color":"","background-image":"","background-repeat":"repeat","background-position":"center center","background-size":"auto","background-attachment":"scroll","background-type":"","background-media":"","overlay-type":"","overlay-color":"","overlay-opacity":"","overlay-gradient":""}},"ast-content-background-meta":{"desktop":{"background-color":"var(--ast-global-color-4)","background-image":"","background-repeat":"repeat","background-position":"center center","background-size":"auto","background-attachment":"scroll","background-type":"","background-media":"","overlay-type":"","overlay-color":"","overlay-opacity":"","overlay-gradient":""},"tablet":{"background-color":"var(--ast-global-color-4)","background-image":"","background-repeat":"repeat","background-position":"center center","background-size":"auto","background-attachment":"scroll","background-type":"","background-media":"","overlay-type":"","overlay-color":"","overlay-opacity":"","overlay-gradient":""},"mobile":{"background-color":"var(--ast-global-color-4)","background-image":"","background-repeat":"repeat","background-position":"center center","background-size":"auto","background-attachment":"scroll","background-type":"","background-media":"","overlay-type":"","overlay-color":"","overlay-opacity":"","overlay-gradient":""}},"footnotes":""},"class_list":["post-2080","page","type-page","status-publish","has-post-thumbnail","hentry"],"_links":{"self":[{"href":"https:\/\/mtglawyers.com\/es\/wp-json\/wp\/v2\/pages\/2080","targetHints":{"allow":["GET"]}}],"collection":[{"href":"https:\/\/mtglawyers.com\/es\/wp-json\/wp\/v2\/pages"}],"about":[{"href":"https:\/\/mtglawyers.com\/es\/wp-json\/wp\/v2\/types\/page"}],"author":[{"embeddable":true,"href":"https:\/\/mtglawyers.com\/es\/wp-json\/wp\/v2\/users\/1"}],"replies":[{"embeddable":true,"href":"https:\/\/mtglawyers.com\/es\/wp-json\/wp\/v2\/comments?post=2080"}],"version-history":[{"count":4,"href":"https:\/\/mtglawyers.com\/es\/wp-json\/wp\/v2\/pages\/2080\/revisions"}],"predecessor-version":[{"id":2150,"href":"https:\/\/mtglawyers.com\/es\/wp-json\/wp\/v2\/pages\/2080\/revisions\/2150"}],"up":[{"embeddable":true,"href":"https:\/\/mtglawyers.com\/es\/wp-json\/wp\/v2\/pages\/2052"}],"wp:featuredmedia":[{"embeddable":true,"href":"https:\/\/mtglawyers.com\/es\/wp-json\/wp\/v2\/media\/1939"}],"wp:attachment":[{"href":"https:\/\/mtglawyers.com\/es\/wp-json\/wp\/v2\/media?parent=2080"}],"curies":[{"name":"wp","href":"https:\/\/api.w.org\/{rel}","templated":true}]}}