 {"id":2068,"date":"2025-02-22T06:17:21","date_gmt":"2025-02-22T06:17:21","guid":{"rendered":"https:\/\/mtglawyers.com\/areas-de-practica\/lesiones-personales-accidentes-automovilisticos\/accidentes-automovilisticos\/"},"modified":"2025-03-06T07:27:39","modified_gmt":"2025-03-06T07:27:39","slug":"accidentes-automovilisticos","status":"publish","type":"page","link":"https:\/\/mtglawyers.com\/es\/areas-de-practica\/lesiones-personales-accidentes-automovilisticos\/accidentes-automovilisticos\/","title":{"rendered":"Accidentes Automovil\u00edsticos"},"content":{"rendered":"\t\t<div data-elementor-type=\"wp-page\" data-elementor-id=\"2068\" class=\"elementor elementor-2068 elementor-1242\" data-elementor-post-type=\"page\">\n\t\t\t\t<div class=\"elementor-element elementor-element-c346767 e-flex e-con-boxed e-con e-parent\" data-id=\"c346767\" data-element_type=\"container\" data-e-type=\"container\" data-settings=\"{&quot;background_background&quot;:&quot;classic&quot;}\">\n\t\t\t\t\t<div class=\"e-con-inner\">\n\t\t\t\t<div class=\"elementor-element elementor-element-10ccea7 elementor-widget__width-initial elementor-invisible elementor-widget elementor-widget-heading\" data-id=\"10ccea7\" data-element_type=\"widget\" data-e-type=\"widget\" data-settings=\"{&quot;_animation&quot;:&quot;fadeInUp&quot;}\" data-widget_type=\"heading.default\">\n\t\t\t\t<div class=\"elementor-widget-container\">\n\t\t\t\t\t<h2 class=\"elementor-heading-title elementor-size-default\">Maxwell, Tassini, &amp; Gardner, LLC<\/h2>\t\t\t\t<\/div>\n\t\t\t\t<\/div>\n\t\t\t\t<div class=\"elementor-element elementor-element-5327c5c elementor-view-stacked elementor-shape-circle elementor-invisible elementor-widget elementor-widget-icon\" data-id=\"5327c5c\" data-element_type=\"widget\" data-e-type=\"widget\" id=\"start\" data-settings=\"{&quot;_animation&quot;:&quot;fadeInUp&quot;}\" data-widget_type=\"icon.default\">\n\t\t\t\t<div class=\"elementor-widget-container\">\n\t\t\t\t\t\t\t<div class=\"elementor-icon-wrapper\">\n\t\t\t<a class=\"elementor-icon elementor-animation-float\" href=\"#start\">\n\t\t\t<i aria-hidden=\"true\" class=\"icon icon-arrow-down\"><\/i>\t\t\t<\/a>\n\t\t<\/div>\n\t\t\t\t\t\t<\/div>\n\t\t\t\t<\/div>\n\t\t\t\t\t<\/div>\n\t\t\t\t<\/div>\n\t\t<div class=\"elementor-element elementor-element-f3d3c65 e-flex e-con-boxed e-con e-parent\" data-id=\"f3d3c65\" data-element_type=\"container\" data-e-type=\"container\">\n\t\t\t\t\t<div class=\"e-con-inner\">\n\t\t<div class=\"elementor-element elementor-element-278c12d e-con-full e-flex e-con e-child\" data-id=\"278c12d\" data-element_type=\"container\" data-e-type=\"container\">\n\t\t\t\t<div class=\"elementor-element elementor-element-5659610 elementor-invisible elementor-widget elementor-widget-image\" data-id=\"5659610\" data-element_type=\"widget\" data-e-type=\"widget\" data-settings=\"{&quot;_animation&quot;:&quot;fadeInLeft&quot;}\" data-widget_type=\"image.default\">\n\t\t\t\t<div class=\"elementor-widget-container\">\n\t\t\t\t\t\t\t\t\t\t\t\t\t\t\t<img fetchpriority=\"high\" decoding=\"async\" width=\"640\" height=\"800\" src=\"https:\/\/mtglawyers.com\/wp-content\/uploads\/2025\/02\/David-Adams.png\" class=\"attachment-full size-full wp-image-2008\" alt=\"\" srcset=\"https:\/\/mtglawyers.com\/wp-content\/uploads\/2025\/02\/David-Adams.png 640w, https:\/\/mtglawyers.com\/wp-content\/uploads\/2025\/02\/David-Adams-240x300.png 240w\" sizes=\"(max-width: 640px) 100vw, 640px\" \/>\t\t\t\t\t\t\t\t\t\t\t\t\t\t\t<\/div>\n\t\t\t\t<\/div>\n\t\t\t\t<\/div>\n\t\t<div class=\"elementor-element elementor-element-270712a e-con-full e-flex e-con e-child\" data-id=\"270712a\" data-element_type=\"container\" data-e-type=\"container\">\n\t\t\t\t<div class=\"elementor-element elementor-element-2309eca elementor-invisible elementor-widget elementor-widget-heading\" data-id=\"2309eca\" data-element_type=\"widget\" data-e-type=\"widget\" data-settings=\"{&quot;_animation&quot;:&quot;fadeInRight&quot;}\" data-widget_type=\"heading.default\">\n\t\t\t\t<div class=\"elementor-widget-container\">\n\t\t\t\t\t<h2 class=\"elementor-heading-title elementor-size-default\">David Adams Gardner: M\u00e1s de 15 a\u00f1os de experiencia luchando por los automovilistas <span style=\"color:#4A4A4A\">lesionados<\/span><\/h2>\t\t\t\t<\/div>\n\t\t\t\t<\/div>\n\t\t\t\t<div class=\"elementor-element elementor-element-089c3e1 elementor-widget__width-initial elementor-invisible elementor-widget elementor-widget-text-editor\" data-id=\"089c3e1\" data-element_type=\"widget\" data-e-type=\"widget\" data-settings=\"{&quot;_animation&quot;:&quot;fadeInRight&quot;}\" data-widget_type=\"text-editor.default\">\n\t\t\t\t<div class=\"elementor-widget-container\">\n\t\t\t\t\t\t\t\t\t<p>David Gardner ha representado a conductores de Nueva Jersey lesionados en accidentes automovil\u00edsticos durante m\u00e1s de 15 a\u00f1os. Su amplia experiencia en el manejo de reclamos por accidentes automovil\u00edsticos le permite navegar de manera efectiva por las leyes de responsabilidad civil sin culpa, las regulaciones PIP y las estrategias de litigio de seguros de Nueva Jersey. Ha ayudado a los clientes a:  <\/p><ul><li>Cuestionar las negaciones injustas de seguros para obtener el tratamiento m\u00e9dico que necesitan.<\/li><li>Maximizar su recuperaci\u00f3n financiera, incluso cuando est\u00e9 sujeto a la selecci\u00f3n de &#8220;Limitaci\u00f3n de demanda&#8221;.<\/li><li>Litigar con \u00e9xito casos contra conductores negligentes, asegurando compensaci\u00f3n por gastos m\u00e9dicos, salarios perdidos y dolor y sufrimiento cuando sea legalmente permitido.<\/li><\/ul><p>Luchar contra las t\u00e1cticas de mala fe de las aseguradoras, garantizando que a las v\u00edctimas de accidentes no se les nieguen beneficios injustamente.<\/p>\t\t\t\t\t\t\t\t<\/div>\n\t\t\t\t<\/div>\n\t\t\t\t<\/div>\n\t\t\t\t\t<\/div>\n\t\t\t\t<\/div>\n\t\t<div class=\"elementor-element elementor-element-ab22864 e-flex e-con-boxed e-con e-parent\" data-id=\"ab22864\" data-element_type=\"container\" data-e-type=\"container\">\n\t\t\t\t\t<div class=\"e-con-inner\">\n\t\t<div class=\"elementor-element elementor-element-1307dbd e-con-full e-flex e-con e-child\" data-id=\"1307dbd\" data-element_type=\"container\" data-e-type=\"container\">\n\t\t\t\t<div class=\"elementor-element elementor-element-157bc8c elementor-invisible elementor-widget elementor-widget-image\" data-id=\"157bc8c\" data-element_type=\"widget\" data-e-type=\"widget\" data-settings=\"{&quot;_animation&quot;:&quot;fadeInLeft&quot;}\" data-widget_type=\"image.default\">\n\t\t\t\t<div class=\"elementor-widget-container\">\n\t\t\t\t\t\t\t\t\t\t\t\t\t\t\t<img decoding=\"async\" width=\"727\" height=\"385\" src=\"https:\/\/mtglawyers.com\/wp-content\/uploads\/2025\/02\/Recovering-compensation-after-accident.webp\" class=\"attachment-full size-full wp-image-2069\" alt=\"Recuperaci\u00f3n de la indemnizaci\u00f3n tras un accidente\" srcset=\"https:\/\/mtglawyers.com\/wp-content\/uploads\/2025\/02\/Recovering-compensation-after-accident.webp 727w, https:\/\/mtglawyers.com\/wp-content\/uploads\/2025\/02\/Recovering-compensation-after-accident-300x159.webp 300w\" sizes=\"(max-width: 727px) 100vw, 727px\" \/>\t\t\t\t\t\t\t\t\t\t\t\t\t\t\t<\/div>\n\t\t\t\t<\/div>\n\t\t\t\t<div class=\"elementor-element elementor-element-e6b5e30 elementor-invisible elementor-widget elementor-widget-heading\" data-id=\"e6b5e30\" data-element_type=\"widget\" data-e-type=\"widget\" data-settings=\"{&quot;_animation&quot;:&quot;fadeInLeft&quot;}\" data-widget_type=\"heading.default\">\n\t\t\t\t<div class=\"elementor-widget-container\">\n\t\t\t\t\t<h2 class=\"elementor-heading-title elementor-size-default\">Recuperaci\u00f3n de la indemnizaci\u00f3n despu\u00e9s de un <span style=\"color:#4A4A4A\">accidente<\/span> <\/h2>\t\t\t\t<\/div>\n\t\t\t\t<\/div>\n\t\t\t\t<div class=\"elementor-element elementor-element-6195f92 elementor-widget__width-initial elementor-invisible elementor-widget elementor-widget-text-editor\" data-id=\"6195f92\" data-element_type=\"widget\" data-e-type=\"widget\" data-settings=\"{&quot;_animation&quot;:&quot;fadeInLeft&quot;}\" data-widget_type=\"text-editor.default\">\n\t\t\t\t<div class=\"elementor-widget-container\">\n\t\t\t\t\t\t\t\t\t<p>Incluso cuando una v\u00edctima re\u00fane los requisitos para presentar una demanda, las compa\u00f1\u00edas de seguros luchan agresivamente contra las reclamaciones para limitar los pagos. Estas compa\u00f1\u00edas utilizan f\u00f3rmulas cient\u00edficas derivadas de un amplio trabajo en iniciativas de &#8220;reforma&#8221; pol\u00edtica y judicial que, durante los \u00faltimos 30 a\u00f1os, han logrado reducir con \u00e9xito las indemnizaciones de los conductores lesionados en Nueva Jersey, al tiempo que han aumentado las ganancias de la industria de seguros. Mediante el cabildeo y la influencia legislativa, las compa\u00f1\u00edas de seguros han endurecido las restricciones a las reclamaciones, lo que dificulta que las partes lesionadas reciban una compensaci\u00f3n justa. Los desaf\u00edos comunes incluyen:   <\/p><ul><li>Disputas sobre la gravedad de las lesiones (las aseguradoras argumentan que la lesi\u00f3n no es \u201cpermanente\u201d para evitar la responsabilidad bajo la regla de \u201cLimitaci\u00f3n de Demandas\u201d).<\/li><li>Ofertas de liquidaci\u00f3n bajas dise\u00f1adas para obligar a las v\u00edctimas de accidentes a aceptar menos de lo que merecen.<\/li><li>Retrasos en el procesamiento de reclamaciones, lo que provoca tensiones financieras en los conductores lesionados.<\/li><li>Negaciones de tratamiento m\u00e9dico debido a la restrictiva tarifa PIP de New Jersey.<\/li><\/ul>\t\t\t\t\t\t\t\t<\/div>\n\t\t\t\t<\/div>\n\t\t\t\t<\/div>\n\t\t<div class=\"elementor-element elementor-element-7408596 e-con-full e-flex e-con e-child\" data-id=\"7408596\" data-element_type=\"container\" data-e-type=\"container\">\n\t\t\t\t<div class=\"elementor-element elementor-element-b72d13d elementor-invisible elementor-widget elementor-widget-image\" data-id=\"b72d13d\" data-element_type=\"widget\" data-e-type=\"widget\" data-settings=\"{&quot;_animation&quot;:&quot;fadeInRight&quot;}\" data-widget_type=\"image.default\">\n\t\t\t\t<div class=\"elementor-widget-container\">\n\t\t\t\t\t\t\t\t\t\t\t\t\t\t\t<img decoding=\"async\" src=\"https:\/\/mtglawyers.com\/wp-content\/uploads\/elementor\/thumbs\/New-Jerseys-No-Fault-Auto-Insurance-System-r25v8lt13cdf6rlxo33mjo3337s13lzzmn5nsudmtm.jpg\" title=\"Sistema de seguro de autom\u00f3viles sin culpa de New Jersey\" alt=\"Sistema de seguro de autom\u00f3viles sin culpa de New Jersey\" loading=\"lazy\" \/>\t\t\t\t\t\t\t\t\t\t\t\t\t\t\t<\/div>\n\t\t\t\t<\/div>\n\t\t\t\t<div class=\"elementor-element elementor-element-f357ca4 elementor-invisible elementor-widget elementor-widget-heading\" data-id=\"f357ca4\" data-element_type=\"widget\" data-e-type=\"widget\" data-settings=\"{&quot;_animation&quot;:&quot;fadeInRight&quot;}\" data-widget_type=\"heading.default\">\n\t\t\t\t<div class=\"elementor-widget-container\">\n\t\t\t\t\t<h2 class=\"elementor-heading-title elementor-size-default\">Sistema de seguro de autom\u00f3viles sin culpa de <span style=\"color:#4A4A4A\">New Jersey<\/span><\/h2>\t\t\t\t<\/div>\n\t\t\t\t<\/div>\n\t\t\t\t<div class=\"elementor-element elementor-element-865f636 elementor-widget__width-initial elementor-invisible elementor-widget elementor-widget-text-editor\" data-id=\"865f636\" data-element_type=\"widget\" data-e-type=\"widget\" data-settings=\"{&quot;_animation&quot;:&quot;fadeInRight&quot;}\" data-widget_type=\"text-editor.default\">\n\t\t\t\t<div class=\"elementor-widget-container\">\n\t\t\t\t\t\t\t\t\t<p>New Jersey sigue un sistema de seguro de autom\u00f3vil sin culpa, lo que significa que si usted resulta herido en un accidente de tr\u00e1fico, su propio seguro de protecci\u00f3n contra lesiones personales (PIP) cubre sus gastos m\u00e9dicos, independientemente de qui\u00e9n haya tenido la culpa. Este sistema est\u00e1 dise\u00f1ado para garantizar que las v\u00edctimas de accidentes reciban un tratamiento m\u00e9dico r\u00e1pido sin necesidad de litigios prolongados sobre qui\u00e9n caus\u00f3 el accidente. <\/p><p>Sin embargo, este sistema tambi\u00e9n impone limitaciones estrictas a las opciones de tratamiento m\u00e9dico de una persona lesionada. La escala de tarifas del PIP de Nueva Jersey dicta cu\u00e1nto pueden cobrar los proveedores m\u00e9dicos por el tratamiento relacionado con lesiones por accidentes automovil\u00edsticos. Como resultado, cualquier residente de Nueva Jersey lesionado en un accidente automovil\u00edstico debe recibir tratamiento de proveedores dispuestos a aceptar el pago seg\u00fan las tarifas de reembolso del PIP de Nueva Jersey. Muchos proveedores se niegan a aceptar estos pagos, lo que restringe el acceso a ciertos especialistas y opciones de tratamiento.   <\/p>\t\t\t\t\t\t\t\t<\/div>\n\t\t\t\t<\/div>\n\t\t\t\t<\/div>\n\t\t\t\t\t<\/div>\n\t\t\t\t<\/div>\n\t\t<div class=\"elementor-element elementor-element-3eed35e e-flex e-con-boxed e-con e-parent\" data-id=\"3eed35e\" data-element_type=\"container\" data-e-type=\"container\">\n\t\t\t\t\t<div class=\"e-con-inner\">\n\t\t<div class=\"elementor-element elementor-element-14af45a e-con-full e-flex e-con e-child\" data-id=\"14af45a\" data-element_type=\"container\" data-e-type=\"container\">\n\t\t\t\t<div class=\"elementor-element elementor-element-a341371 elementor-invisible elementor-widget elementor-widget-image\" data-id=\"a341371\" data-element_type=\"widget\" data-e-type=\"widget\" data-settings=\"{&quot;_animation&quot;:&quot;fadeInLeft&quot;}\" data-widget_type=\"image.default\">\n\t\t\t\t<div class=\"elementor-widget-container\">\n\t\t\t\t\t\t\t\t\t\t\t\t\t\t\t<img decoding=\"async\" src=\"https:\/\/mtglawyers.com\/wp-content\/uploads\/elementor\/thumbs\/Limitation-on-Lawsuit-r22kt3ixq7xync1yobjd5n3snnx24dky0tkwfzc1b8.webp\" title=\"Limitaci\u00f3n de la demanda\" alt=\"Limitaci\u00f3n de la demanda\" loading=\"lazy\" \/>\t\t\t\t\t\t\t\t\t\t\t\t\t\t\t<\/div>\n\t\t\t\t<\/div>\n\t\t\t\t<div class=\"elementor-element elementor-element-3656790 elementor-invisible elementor-widget elementor-widget-heading\" data-id=\"3656790\" data-element_type=\"widget\" data-e-type=\"widget\" data-settings=\"{&quot;_animation&quot;:&quot;fadeInLeft&quot;}\" data-widget_type=\"heading.default\">\n\t\t\t\t<div class=\"elementor-widget-container\">\n\t\t\t\t\t<h2 class=\"elementor-heading-title elementor-size-default\">La opci\u00f3n de \u201climitaci\u00f3n de la demanda\u201d: \u200b\u200bc\u00f3mo afecta sus <span style=\"color:#4A4A4A\">derechos<\/span> <\/h2>\t\t\t\t<\/div>\n\t\t\t\t<\/div>\n\t\t\t\t<div class=\"elementor-element elementor-element-aebeec7 elementor-widget__width-initial elementor-invisible elementor-widget elementor-widget-text-editor\" data-id=\"aebeec7\" data-element_type=\"widget\" data-e-type=\"widget\" data-settings=\"{&quot;_animation&quot;:&quot;fadeInLeft&quot;}\" data-widget_type=\"text-editor.default\">\n\t\t\t\t<div class=\"elementor-widget-container\">\n\t\t\t\t\t\t\t\t\t<p>Al comprar un seguro de autom\u00f3vil en Nueva Jersey, los conductores deben seleccionar entre la opci\u00f3n &#8220;Limitaci\u00f3n de demanda&#8221; y la opci\u00f3n &#8220;Sin limitaci\u00f3n de demanda&#8221;.<\/p><p>La mayor\u00eda de los conductores preocupados por los costos eligen la opci\u00f3n de &#8220;limitaci\u00f3n de demanda&#8221; para reducir sus primas de seguro, sin comprender completamente sus consecuencias. Esta opci\u00f3n afecta significativamente la capacidad de una persona lesionada de recuperar los da\u00f1os del conductor culpable. <\/p><p>Bajo la opci\u00f3n de &#8220;Limitaci\u00f3n de demanda&#8221;, un automovilista lesionado solo puede demandar a la parte culpable si sufre uno de los siguientes tipos de lesiones:<\/p><ul><li>Muerte<\/li><li>Desmembramiento (p\u00e9rdida de una parte del cuerpo)<\/li><li>Desfiguraci\u00f3n o cicatrizaci\u00f3n significativa<\/li><li>Fractura<\/li><li>P\u00e9rdida de un feto<\/li><li>Lesi\u00f3n permanente (una lesi\u00f3n que no se ha curado para funcionar normalmente y no se espera que lo haga)<\/li><\/ul><p>Si su lesi\u00f3n no entra en una de estas categor\u00edas, no puede recuperar da\u00f1os por dolor y sufrimiento, incluso si el accidente fue completamente culpa del otro conductor.<\/p><p>Por el contrario, los conductores que seleccionan la opci\u00f3n &#8220;Sin limitaci\u00f3n de demanda&#8221; conservan todos los derechos para demandar al conductor culpable por todos los da\u00f1os, incluido el dolor y el sufrimiento, independientemente del tipo de lesi\u00f3n sufrida.<\/p>\t\t\t\t\t\t\t\t<\/div>\n\t\t\t\t<\/div>\n\t\t\t\t<\/div>\n\t\t<div class=\"elementor-element elementor-element-f6a436d e-con-full e-flex e-con e-child\" data-id=\"f6a436d\" data-element_type=\"container\" data-e-type=\"container\">\n\t\t\t\t<div class=\"elementor-element elementor-element-90f3519 elementor-invisible elementor-widget elementor-widget-image\" data-id=\"90f3519\" data-element_type=\"widget\" data-e-type=\"widget\" data-settings=\"{&quot;_animation&quot;:&quot;fadeInRight&quot;}\" data-widget_type=\"image.default\">\n\t\t\t\t<div class=\"elementor-widget-container\">\n\t\t\t\t\t\t\t\t\t\t\t\t\t\t\t<img decoding=\"async\" src=\"https:\/\/mtglawyers.com\/wp-content\/uploads\/elementor\/thumbs\/Know-Your-Rights-After-a-Motor-Vehicle-Collision-r25v8w596irkqh6wzpkit3h5mgd2ga51c2c02vyax6.jpg\" title=\"Conozca sus derechos despu\u00e9s de una colisi\u00f3n de veh\u00edculos de motor\" alt=\"Conozca sus derechos despu\u00e9s de una colisi\u00f3n de veh\u00edculos de motor\" loading=\"lazy\" \/>\t\t\t\t\t\t\t\t\t\t\t\t\t\t\t<\/div>\n\t\t\t\t<\/div>\n\t\t\t\t<div class=\"elementor-element elementor-element-7b71a63 elementor-invisible elementor-widget elementor-widget-heading\" data-id=\"7b71a63\" data-element_type=\"widget\" data-e-type=\"widget\" data-settings=\"{&quot;_animation&quot;:&quot;fadeInRight&quot;}\" data-widget_type=\"heading.default\">\n\t\t\t\t<div class=\"elementor-widget-container\">\n\t\t\t\t\t<h2 class=\"elementor-heading-title elementor-size-default\">Conozca sus derechos despu\u00e9s de una colisi\u00f3n de veh\u00edculos de <span style=\"color:#4A4A4A\">motor<\/span><\/h2>\t\t\t\t<\/div>\n\t\t\t\t<\/div>\n\t\t\t\t<div class=\"elementor-element elementor-element-8b75fec elementor-widget__width-initial elementor-invisible elementor-widget elementor-widget-text-editor\" data-id=\"8b75fec\" data-element_type=\"widget\" data-e-type=\"widget\" data-settings=\"{&quot;_animation&quot;:&quot;fadeInRight&quot;}\" data-widget_type=\"text-editor.default\">\n\t\t\t\t<div class=\"elementor-widget-container\">\n\t\t\t\t\t\t\t\t\t<p>Es fundamental comprender c\u00f3mo el sistema de seguro sin culpa de Nueva Jersey y las limitaciones de las demandas afectan sus opciones legales despu\u00e9s de un accidente. Si usted o un ser querido ha sufrido lesiones en un accidente automovil\u00edstico, necesita un abogado que sepa c\u00f3mo superar los obst\u00e1culos del seguro y luchar por sus derechos. <\/p>\t\t\t\t\t\t\t\t<\/div>\n\t\t\t\t<\/div>\n\t\t\t\t<\/div>\n\t\t\t\t\t<\/div>\n\t\t\t\t<\/div>\n\t\t<div class=\"elementor-element elementor-element-c371bee e-flex e-con-boxed e-con e-parent\" data-id=\"c371bee\" data-element_type=\"container\" data-e-type=\"container\">\n\t\t\t\t\t<div class=\"e-con-inner\">\n\t\t<div class=\"elementor-element elementor-element-ab7aac9 e-con-full e-flex elementor-invisible e-con e-child\" data-id=\"ab7aac9\" data-element_type=\"container\" data-e-type=\"container\" data-settings=\"{&quot;background_background&quot;:&quot;classic&quot;,&quot;animation&quot;:&quot;fadeInUp&quot;}\">\n\t\t\t\t<div class=\"elementor-element elementor-element-9f3859e elementor-invisible elementor-widget elementor-widget-heading\" data-id=\"9f3859e\" data-element_type=\"widget\" data-e-type=\"widget\" data-settings=\"{&quot;_animation&quot;:&quot;fadeInUp&quot;}\" data-widget_type=\"heading.default\">\n\t\t\t\t<div class=\"elementor-widget-container\">\n\t\t\t\t\t<h2 class=\"elementor-heading-title elementor-size-default\">Comun\u00edquese con David Adams Gardner hoy para una consulta y aseg\u00farese de recibir la compensaci\u00f3n que merece. <\/h2>\t\t\t\t<\/div>\n\t\t\t\t<\/div>\n\t\t\t\t<div class=\"elementor-element elementor-element-8e3f9d7 elementor-align-left elementor-mobile-align-center elementor-invisible elementor-widget elementor-widget-button\" data-id=\"8e3f9d7\" data-element_type=\"widget\" data-e-type=\"widget\" data-settings=\"{&quot;_animation&quot;:&quot;fadeInUp&quot;}\" data-widget_type=\"button.default\">\n\t\t\t\t<div class=\"elementor-widget-container\">\n\t\t\t\t\t\t\t\t\t<div class=\"elementor-button-wrapper\">\n\t\t\t\t\t<a class=\"elementor-button elementor-button-link elementor-size-sm elementor-animation-float\" href=\"https:\/\/tawk.to\/mtglawyersespanol\" target=\"_blank\" rel=\"noopener\">\n\t\t\t\t\t\t<span class=\"elementor-button-content-wrapper\">\n\t\t\t\t\t\t<span class=\"elementor-button-icon\">\n\t\t\t\t<i aria-hidden=\"true\" class=\"icon icon-chat\"><\/i>\t\t\t<\/span>\n\t\t\t\t\t\t\t\t\t<span class=\"elementor-button-text\">Enviar un mensaje seguro<\/span>\n\t\t\t\t\t<\/span>\n\t\t\t\t\t<\/a>\n\t\t\t\t<\/div>\n\t\t\t\t\t\t\t\t<\/div>\n\t\t\t\t<\/div>\n\t\t\t\t<\/div>\n\t\t\t\t\t<\/div>\n\t\t\t\t<\/div>\n\t\t\t\t<\/div>\n\t\t","protected":false},"excerpt":{"rendered":"<p>Maxwell, Tassini, &amp; Gardner, LLC David Adams Gardner: M\u00e1s de 15 a\u00f1os de experiencia luchando por los automovilistas lesionados David [&hellip;]<\/p>\n","protected":false},"author":1,"featured_media":1939,"parent":2052,"menu_order":1,"comment_status":"closed","ping_status":"closed","template":"","meta":{"site-sidebar-layout":"no-sidebar","site-content-layout":"","ast-site-content-layout":"full-width-container","site-content-style":"default","site-sidebar-style":"default","ast-global-header-display":"","ast-banner-title-visibility":"","ast-main-header-display":"","ast-hfb-above-header-display":"","ast-hfb-below-header-display":"","ast-hfb-mobile-header-display":"","site-post-title":"disabled","ast-breadcrumbs-content":"","ast-featured-img":"disabled","footer-sml-layout":"","ast-disable-related-posts":"","theme-transparent-header-meta":"default","adv-header-id-meta":"","stick-header-meta":"","header-above-stick-meta":"","header-main-stick-meta":"","header-below-stick-meta":"","astra-migrate-meta-layouts":"default","ast-page-background-enabled":"default","ast-page-background-meta":{"desktop":{"background-color":"var(--ast-global-color-5)","background-image":"","background-repeat":"repeat","background-position":"center center","background-size":"auto","background-attachment":"scroll","background-type":"","background-media":"","overlay-type":"","overlay-color":"","overlay-opacity":"","overlay-gradient":""},"tablet":{"background-color":"","background-image":"","background-repeat":"repeat","background-position":"center center","background-size":"auto","background-attachment":"scroll","background-type":"","background-media":"","overlay-type":"","overlay-color":"","overlay-opacity":"","overlay-gradient":""},"mobile":{"background-color":"","background-image":"","background-repeat":"repeat","background-position":"center center","background-size":"auto","background-attachment":"scroll","background-type":"","background-media":"","overlay-type":"","overlay-color":"","overlay-opacity":"","overlay-gradient":""}},"ast-content-background-meta":{"desktop":{"background-color":"var(--ast-global-color-4)","background-image":"","background-repeat":"repeat","background-position":"center center","background-size":"auto","background-attachment":"scroll","background-type":"","background-media":"","overlay-type":"","overlay-color":"","overlay-opacity":"","overlay-gradient":""},"tablet":{"background-color":"var(--ast-global-color-4)","background-image":"","background-repeat":"repeat","background-position":"center center","background-size":"auto","background-attachment":"scroll","background-type":"","background-media":"","overlay-type":"","overlay-color":"","overlay-opacity":"","overlay-gradient":""},"mobile":{"background-color":"var(--ast-global-color-4)","background-image":"","background-repeat":"repeat","background-position":"center center","background-size":"auto","background-attachment":"scroll","background-type":"","background-media":"","overlay-type":"","overlay-color":"","overlay-opacity":"","overlay-gradient":""}},"footnotes":""},"class_list":["post-2068","page","type-page","status-publish","has-post-thumbnail","hentry"],"_links":{"self":[{"href":"https:\/\/mtglawyers.com\/es\/wp-json\/wp\/v2\/pages\/2068","targetHints":{"allow":["GET"]}}],"collection":[{"href":"https:\/\/mtglawyers.com\/es\/wp-json\/wp\/v2\/pages"}],"about":[{"href":"https:\/\/mtglawyers.com\/es\/wp-json\/wp\/v2\/types\/page"}],"author":[{"embeddable":true,"href":"https:\/\/mtglawyers.com\/es\/wp-json\/wp\/v2\/users\/1"}],"replies":[{"embeddable":true,"href":"https:\/\/mtglawyers.com\/es\/wp-json\/wp\/v2\/comments?post=2068"}],"version-history":[{"count":4,"href":"https:\/\/mtglawyers.com\/es\/wp-json\/wp\/v2\/pages\/2068\/revisions"}],"predecessor-version":[{"id":2144,"href":"https:\/\/mtglawyers.com\/es\/wp-json\/wp\/v2\/pages\/2068\/revisions\/2144"}],"up":[{"embeddable":true,"href":"https:\/\/mtglawyers.com\/es\/wp-json\/wp\/v2\/pages\/2052"}],"wp:featuredmedia":[{"embeddable":true,"href":"https:\/\/mtglawyers.com\/es\/wp-json\/wp\/v2\/media\/1939"}],"wp:attachment":[{"href":"https:\/\/mtglawyers.com\/es\/wp-json\/wp\/v2\/media?parent=2068"}],"curies":[{"name":"wp","href":"https:\/\/api.w.org\/{rel}","templated":true}]}}