 {"id":2052,"date":"2025-01-31T06:44:38","date_gmt":"2025-01-31T06:44:38","guid":{"rendered":"https:\/\/mtglawyers.com\/areas-de-practica\/lesiones-personales-accidentes-automovilisticos\/"},"modified":"2025-03-06T07:26:27","modified_gmt":"2025-03-06T07:26:27","slug":"lesiones-personales-accidentes-automovilisticos","status":"publish","type":"page","link":"https:\/\/mtglawyers.com\/es\/areas-de-practica\/lesiones-personales-accidentes-automovilisticos\/","title":{"rendered":"Lesiones personales\/Accidentes automovil\u00edsticos"},"content":{"rendered":"\t\t<div data-elementor-type=\"wp-page\" data-elementor-id=\"2052\" class=\"elementor elementor-2052 elementor-658\" data-elementor-post-type=\"page\">\n\t\t\t\t<div class=\"elementor-element elementor-element-34cec1b e-flex e-con-boxed e-con e-parent\" data-id=\"34cec1b\" data-element_type=\"container\" data-e-type=\"container\" data-settings=\"{&quot;background_background&quot;:&quot;classic&quot;}\">\n\t\t\t\t\t<div class=\"e-con-inner\">\n\t\t\t\t<div class=\"elementor-element elementor-element-a9611dc elementor-widget__width-initial elementor-invisible elementor-widget elementor-widget-heading\" data-id=\"a9611dc\" data-element_type=\"widget\" data-e-type=\"widget\" data-settings=\"{&quot;_animation&quot;:&quot;fadeInUp&quot;}\" data-widget_type=\"heading.default\">\n\t\t\t\t<div class=\"elementor-widget-container\">\n\t\t\t\t\t<h2 class=\"elementor-heading-title elementor-size-default\">Maxwell, Tassini, &amp; Gardner, LLC<\/h2>\t\t\t\t<\/div>\n\t\t\t\t<\/div>\n\t\t\t\t<div class=\"elementor-element elementor-element-b8982d2 elementor-view-stacked elementor-shape-circle elementor-invisible elementor-widget elementor-widget-icon\" data-id=\"b8982d2\" data-element_type=\"widget\" data-e-type=\"widget\" id=\"start\" data-settings=\"{&quot;_animation&quot;:&quot;fadeInUp&quot;}\" data-widget_type=\"icon.default\">\n\t\t\t\t<div class=\"elementor-widget-container\">\n\t\t\t\t\t\t\t<div class=\"elementor-icon-wrapper\">\n\t\t\t<a class=\"elementor-icon elementor-animation-float\" href=\"#start\">\n\t\t\t<i aria-hidden=\"true\" class=\"icon icon-arrow-down\"><\/i>\t\t\t<\/a>\n\t\t<\/div>\n\t\t\t\t\t\t<\/div>\n\t\t\t\t<\/div>\n\t\t\t\t\t<\/div>\n\t\t\t\t<\/div>\n\t\t<div class=\"elementor-element elementor-element-19bc8d0 e-flex e-con-boxed e-con e-parent\" data-id=\"19bc8d0\" data-element_type=\"container\" data-e-type=\"container\">\n\t\t\t\t\t<div class=\"e-con-inner\">\n\t\t<div class=\"elementor-element elementor-element-377aff2 e-con-full e-flex e-con e-child\" data-id=\"377aff2\" data-element_type=\"container\" data-e-type=\"container\">\n\t\t\t\t<div class=\"elementor-element elementor-element-3204fa3 elementor-invisible elementor-widget elementor-widget-image\" data-id=\"3204fa3\" data-element_type=\"widget\" data-e-type=\"widget\" data-settings=\"{&quot;_animation&quot;:&quot;fadeInLeft&quot;}\" data-widget_type=\"image.default\">\n\t\t\t\t<div class=\"elementor-widget-container\">\n\t\t\t\t\t\t\t\t\t\t\t\t\t\t\t<img fetchpriority=\"high\" decoding=\"async\" width=\"640\" height=\"800\" src=\"https:\/\/mtglawyers.com\/wp-content\/uploads\/2025\/02\/David-Adams.png\" class=\"attachment-full size-full wp-image-2008\" alt=\"\" srcset=\"https:\/\/mtglawyers.com\/wp-content\/uploads\/2025\/02\/David-Adams.png 640w, https:\/\/mtglawyers.com\/wp-content\/uploads\/2025\/02\/David-Adams-240x300.png 240w\" sizes=\"(max-width: 640px) 100vw, 640px\" \/>\t\t\t\t\t\t\t\t\t\t\t\t\t\t\t<\/div>\n\t\t\t\t<\/div>\n\t\t\t\t<\/div>\n\t\t<div class=\"elementor-element elementor-element-3fb5c07 e-con-full e-flex e-con e-child\" data-id=\"3fb5c07\" data-element_type=\"container\" data-e-type=\"container\">\n\t\t\t\t<div class=\"elementor-element elementor-element-79f93ae elementor-invisible elementor-widget elementor-widget-heading\" data-id=\"79f93ae\" data-element_type=\"widget\" data-e-type=\"widget\" data-settings=\"{&quot;_animation&quot;:&quot;fadeInRight&quot;}\" data-widget_type=\"heading.default\">\n\t\t\t\t<div class=\"elementor-widget-container\">\n\t\t\t\t\t<h2 class=\"elementor-heading-title elementor-size-default\">Monmouth y Ocean County Abogado de lesiones <span style=\"color:#4A4A4A\">personales<\/span><\/h2>\t\t\t\t<\/div>\n\t\t\t\t<\/div>\n\t\t\t\t<div class=\"elementor-element elementor-element-4c92561 elementor-widget__width-initial elementor-invisible elementor-widget elementor-widget-text-editor\" data-id=\"4c92561\" data-element_type=\"widget\" data-e-type=\"widget\" data-settings=\"{&quot;_animation&quot;:&quot;fadeInRight&quot;}\" data-widget_type=\"text-editor.default\">\n\t\t\t\t<div class=\"elementor-widget-container\">\n\t\t\t\t\t\t\t\t\t<p>Nuestro objetivo es proteger sus derechos e intereses. En Maxwell, Tassini, &amp; Gardner LLC, luchamos por usted. Si ha sufrido una lesi\u00f3n, usted y su familia pueden tener derecho a una indemnizaci\u00f3n basada en los gastos m\u00e9dicos presentes y futuros, el dolor y el sufrimiento f\u00edsicos, la angustia mental, el deterioro f\u00edsico, la desfiguraci\u00f3n, la p\u00e9rdida de salarios y la p\u00e9rdida de la capacidad de generar ingresos.  <br><br>Ciertas lesiones pueden dejar efectos devastadores y duraderos. Si usted es v\u00edctima de un accidente, tiene derechos. Podemos ayudarle a proteger esos derechos si ha sufrido lesiones. Nuestra firma ofrece asesoramiento especializado en lesiones personales en cualquiera de las siguientes situaciones de lesiones personales:   <\/p><ul><li>Accidentes\/choques automovil\u00edsticos<\/li><li>Accidentes\/choques de camiones<\/li><li>Responsabilidad civil (resbalones, tropiezos y ca\u00eddas)<\/li><li>Accidentes de ascensor<\/li><li>Accidentes en obras de construcci\u00f3n<\/li><li>Responsabilidad de productos<\/li><li>Lesiones laborales\/en el lugar de trabajo<\/li><\/ul><p>Si ha resultado herido debido a la negligencia de otra persona, debe hablar con un abogado especializado en lesiones personales de Nueva Jersey de inmediato. Necesita un abogado con experiencia que le ayude a obtener la compensaci\u00f3n que merece. Presentaremos demandas contra todas las partes negligentes responsables de las cargas f\u00edsicas y financieras que enfrenta. Estamos aqu\u00ed para escuchar sus reclamos por lesiones personales, investigar exhaustivamente y reclamarle da\u00f1os y perjuicios. Realizamos visitas a domicilio si su horario o lesi\u00f3n no le permiten visitarnos en nuestra oficina en Spring Lake, condado de Monmouth, New Jersey.    <br><br>Independientemente del tipo de lesi\u00f3n que haya sufrido, como abogados con experiencia en accidentes por lesiones personales, estamos listos para brindarle asesoramiento legal eficiente y eficaz, para que pueda concentrarse en reconstruir su vida.<\/p>\t\t\t\t\t\t\t\t<\/div>\n\t\t\t\t<\/div>\n\t\t\t\t<\/div>\n\t\t\t\t\t<\/div>\n\t\t\t\t<\/div>\n\t\t<div class=\"elementor-element elementor-element-5e1f5bb e-flex e-con-boxed e-con e-parent\" data-id=\"5e1f5bb\" data-element_type=\"container\" data-e-type=\"container\" data-settings=\"{&quot;background_background&quot;:&quot;classic&quot;}\">\n\t\t\t\t\t<div class=\"e-con-inner\">\n\t\t\t\t<div class=\"elementor-element elementor-element-8a1045c elementor-invisible elementor-widget elementor-widget-heading\" data-id=\"8a1045c\" data-element_type=\"widget\" data-e-type=\"widget\" data-settings=\"{&quot;_animation&quot;:&quot;fadeInUp&quot;}\" data-widget_type=\"heading.default\">\n\t\t\t\t<div class=\"elementor-widget-container\">\n\t\t\t\t\t<h2 class=\"elementor-heading-title elementor-size-default\">Estamos aqu\u00ed para resolver las cosas para usted.\n<\/h2>\t\t\t\t<\/div>\n\t\t\t\t<\/div>\n\t\t\t\t\t<\/div>\n\t\t\t\t<\/div>\n\t\t<div class=\"elementor-element elementor-element-53b03e7 e-flex e-con-boxed e-con e-parent\" data-id=\"53b03e7\" data-element_type=\"container\" data-e-type=\"container\">\n\t\t\t\t\t<div class=\"e-con-inner\">\n\t\t\t\t<div class=\"elementor-element elementor-element-7e3faf6 elementor-position-left elementor-vertical-align-middle elementor-invisible elementor-widget elementor-widget-image-box\" data-id=\"7e3faf6\" data-element_type=\"widget\" data-e-type=\"widget\" data-settings=\"{&quot;_animation&quot;:&quot;fadeInLeft&quot;}\" data-widget_type=\"image-box.default\">\n\t\t\t\t<div class=\"elementor-widget-container\">\n\t\t\t\t\t<div class=\"elementor-image-box-wrapper\"><figure class=\"elementor-image-box-img\"><img decoding=\"async\" width=\"740\" height=\"493\" src=\"https:\/\/mtglawyers.com\/wp-content\/uploads\/2025\/02\/personal-injury-law.jpg\" class=\"attachment-full size-full wp-image-2054\" alt=\"derecho de lesiones personales\" srcset=\"https:\/\/mtglawyers.com\/wp-content\/uploads\/2025\/02\/personal-injury-law.jpg 740w, https:\/\/mtglawyers.com\/wp-content\/uploads\/2025\/02\/personal-injury-law-300x200.jpg 300w\" sizes=\"(max-width: 740px) 100vw, 740px\" \/><\/figure><div class=\"elementor-image-box-content\"><h3 class=\"elementor-image-box-title\"><p>Descripci\u00f3n general<span style=\"color:#4A4A4A\"><\/span><\/p><\/h3><p class=\"elementor-image-box-description\">Aunque las demandas suelen nombrar a una persona espec\u00edfica como demandada, las reclamaciones por lesiones personales suelen proceder contra una compa\u00f1\u00eda de seguros, obligada a defenderse en virtud de un contrato de seguro. Las compa\u00f1\u00edas de seguros son, sin lugar a dudas, empresas poderosas e influyentes que luchan vigorosamente para dar forma a la opini\u00f3n p\u00fablica, la ley y la pol\u00edtica p\u00fablica con el fin de obtener una ventaja sobre TODOS los que reclaman beneficios en virtud de sus p\u00f3lizas. Un esfuerzo multigeneracional por parte de la industria de seguros ha dado lugar a un movimiento conocido como \"reforma de responsabilidad civil\", que no es m\u00e1s que un movimiento pol\u00edtico y social destinado a aumentar las ganancias de los seguros al prohibir las reclamaciones de indemnizaci\u00f3n en circunstancias cada vez m\u00e1s graves. Un ejemplo de este movimiento en la pr\u00e1ctica es evidente en Nueva Jersey y, seg\u00fan la ley de este estado, un hospital solo puede ser responsable de $ 250,000.00 por una lesi\u00f3n causada de manera concluyente por su propia negligencia. Esto significa que si un hospital es responsable de amputar negligentemente la pierna de alguien, puede ofrecer a esa persona $ 250,000.00 y nunca estar obligado a pagar ni un centavo m\u00e1s. Parece que no pasa un mes sin que alg\u00fan legislador promueva una ley de \u201creducci\u00f3n de costos\u201d o \u201casequibilidad\u201d, que de alguna manera limita la capacidad de quienes sufren da\u00f1os de presentar reclamos en los tribunales o establece un l\u00edmite m\u00e1ximo a la responsabilidad por dichos da\u00f1os.     \n<\/p><\/div><\/div>\t\t\t\t<\/div>\n\t\t\t\t<\/div>\n\t\t\t\t<div class=\"elementor-element elementor-element-15ec527 elementor-position-right elementor-vertical-align-middle elementor-invisible elementor-widget elementor-widget-image-box\" data-id=\"15ec527\" data-element_type=\"widget\" data-e-type=\"widget\" data-settings=\"{&quot;_animation&quot;:&quot;fadeInRight&quot;}\" data-widget_type=\"image-box.default\">\n\t\t\t\t<div class=\"elementor-widget-container\">\n\t\t\t\t\t<div class=\"elementor-image-box-wrapper\"><figure class=\"elementor-image-box-img\"><img decoding=\"async\" width=\"500\" height=\"333\" src=\"https:\/\/mtglawyers.com\/wp-content\/uploads\/2025\/02\/Personal-Injury-Lawyer.jpg\" class=\"attachment-full size-full wp-image-2055\" alt=\"Valor de caso de lesiones con cirug\u00eda en NJ - abogado de lesiones personales\" srcset=\"https:\/\/mtglawyers.com\/wp-content\/uploads\/2025\/02\/Personal-Injury-Lawyer.jpg 500w, https:\/\/mtglawyers.com\/wp-content\/uploads\/2025\/02\/Personal-Injury-Lawyer-300x200.jpg 300w\" sizes=\"(max-width: 500px) 100vw, 500px\" \/><\/figure><div class=\"elementor-image-box-content\"><h3 class=\"elementor-image-box-title\"><p>Progreso: antes de la <span style=\"color:#4A4A4A\">demanda<\/span><\/p><\/h3><p class=\"elementor-image-box-description\">Conservar las pruebas relacionadas con sus reclamaciones y explorar todos los aspectos de su caso son esenciales de inmediato. Abordamos estos aspectos de un caso de lesiones con cuidado y atenci\u00f3n al detalle. Descubrimos que el trabajo duro al principio conduce a una mayor eficiencia en el transcurso del proceso.  <\/p><\/div><\/div>\t\t\t\t<\/div>\n\t\t\t\t<\/div>\n\t\t\t\t<div class=\"elementor-element elementor-element-93b4b9f elementor-position-left elementor-vertical-align-middle elementor-invisible elementor-widget elementor-widget-image-box\" data-id=\"93b4b9f\" data-element_type=\"widget\" data-e-type=\"widget\" data-settings=\"{&quot;_animation&quot;:&quot;fadeInLeft&quot;}\" data-widget_type=\"image-box.default\">\n\t\t\t\t<div class=\"elementor-widget-container\">\n\t\t\t\t\t<div class=\"elementor-image-box-wrapper\"><figure class=\"elementor-image-box-img\"><img decoding=\"async\" src=\"https:\/\/mtglawyers.com\/wp-content\/uploads\/elementor\/thumbs\/Court-Room-r22kszri7c0xow2k0fl0vortmz62qrlimk2gfp54s0.webp\" title=\"Sala del tribunal\" alt=\"Sala del tribunal\" loading=\"lazy\" \/><\/figure><div class=\"elementor-image-box-content\"><h3 class=\"elementor-image-box-title\"><p>Litigios: descubrimiento, negociaci\u00f3n y <span style=\"color:#4A4A4A\">juicio<\/span><\/p><\/h3><p class=\"elementor-image-box-description\">Despu\u00e9s de haber presentado una demanda en su nombre, nos involucramos en el proceso de descubrimiento de pruebas con las otras partes. Esto nos permite determinar todos los hechos pertinentes a la mano. Tambi\u00e9n se realizar\u00e1n negociaciones sobre posibles acuerdos. Construir el caso m\u00e1s s\u00f3lido es la mejor manera de aumentar la posibilidad de obtener una compensaci\u00f3n justa y equitativa. Si el caso no se resuelve, se llevar\u00e1 a cabo un juicio, generalmente un juicio con jurado. Al comenzar nuestro arduo trabajo de defensa de sus intereses desde el primer d\u00eda, estaremos listos, dispuestos y capacitados para llevar su caso a juicio.     <\/p><\/div><\/div>\t\t\t\t<\/div>\n\t\t\t\t<\/div>\n\t\t\t\t\t<\/div>\n\t\t\t\t<\/div>\n\t\t<div class=\"elementor-element elementor-element-c4e46fb e-flex e-con-boxed e-con e-parent\" data-id=\"c4e46fb\" data-element_type=\"container\" data-e-type=\"container\">\n\t\t\t\t\t<div class=\"e-con-inner\">\n\t\t<div class=\"elementor-element elementor-element-7ee9c89 e-con-full e-flex elementor-invisible e-con e-child\" data-id=\"7ee9c89\" data-element_type=\"container\" data-e-type=\"container\" data-settings=\"{&quot;background_background&quot;:&quot;classic&quot;,&quot;animation&quot;:&quot;fadeInUp&quot;}\">\n\t\t\t\t<div class=\"elementor-element elementor-element-b9755e0 elementor-invisible elementor-widget elementor-widget-heading\" data-id=\"b9755e0\" data-element_type=\"widget\" data-e-type=\"widget\" data-settings=\"{&quot;_animation&quot;:&quot;fadeInUp&quot;}\" data-widget_type=\"heading.default\">\n\t\t\t\t<div class=\"elementor-widget-container\">\n\t\t\t\t\t<h2 class=\"elementor-heading-title elementor-size-default\"> Cont\u00e1ctenos a continuaci\u00f3n con sus asuntos legales, estamos aqu\u00ed para servirle con todas sus necesidades legales. <\/h2>\t\t\t\t<\/div>\n\t\t\t\t<\/div>\n\t\t\t\t<div class=\"elementor-element elementor-element-412726a elementor-align-left elementor-mobile-align-center elementor-invisible elementor-widget elementor-widget-button\" data-id=\"412726a\" data-element_type=\"widget\" data-e-type=\"widget\" data-settings=\"{&quot;_animation&quot;:&quot;fadeInUp&quot;}\" data-widget_type=\"button.default\">\n\t\t\t\t<div class=\"elementor-widget-container\">\n\t\t\t\t\t\t\t\t\t<div class=\"elementor-button-wrapper\">\n\t\t\t\t\t<a class=\"elementor-button elementor-button-link elementor-size-sm elementor-animation-float\" href=\"https:\/\/tawk.to\/mtglawyersespanol\" target=\"_blank\" rel=\"noopener\">\n\t\t\t\t\t\t<span class=\"elementor-button-content-wrapper\">\n\t\t\t\t\t\t<span class=\"elementor-button-icon\">\n\t\t\t\t<i aria-hidden=\"true\" class=\"icon icon-chat\"><\/i>\t\t\t<\/span>\n\t\t\t\t\t\t\t\t\t<span class=\"elementor-button-text\">Enviar un mensaje seguro<\/span>\n\t\t\t\t\t<\/span>\n\t\t\t\t\t<\/a>\n\t\t\t\t<\/div>\n\t\t\t\t\t\t\t\t<\/div>\n\t\t\t\t<\/div>\n\t\t\t\t<\/div>\n\t\t\t\t\t<\/div>\n\t\t\t\t<\/div>\n\t\t\t\t<\/div>\n\t\t","protected":false},"excerpt":{"rendered":"<p>Maxwell, Tassini, &amp; Gardner, LLC Monmouth y Ocean County Abogado de lesiones personales Nuestro objetivo es proteger sus derechos e [&hellip;]<\/p>\n","protected":false},"author":1,"featured_media":1939,"parent":1957,"menu_order":6,"comment_status":"closed","ping_status":"closed","template":"","meta":{"site-sidebar-layout":"no-sidebar","site-content-layout":"","ast-site-content-layout":"full-width-container","site-content-style":"default","site-sidebar-style":"default","ast-global-header-display":"","ast-banner-title-visibility":"","ast-main-header-display":"","ast-hfb-above-header-display":"","ast-hfb-below-header-display":"","ast-hfb-mobile-header-display":"","site-post-title":"disabled","ast-breadcrumbs-content":"","ast-featured-img":"disabled","footer-sml-layout":"","ast-disable-related-posts":"","theme-transparent-header-meta":"default","adv-header-id-meta":"","stick-header-meta":"","header-above-stick-meta":"","header-main-stick-meta":"","header-below-stick-meta":"","astra-migrate-meta-layouts":"default","ast-page-background-enabled":"default","ast-page-background-meta":{"desktop":{"background-color":"var(--ast-global-color-5)","background-image":"","background-repeat":"repeat","background-position":"center center","background-size":"auto","background-attachment":"scroll","background-type":"","background-media":"","overlay-type":"","overlay-color":"","overlay-opacity":"","overlay-gradient":""},"tablet":{"background-color":"","background-image":"","background-repeat":"repeat","background-position":"center center","background-size":"auto","background-attachment":"scroll","background-type":"","background-media":"","overlay-type":"","overlay-color":"","overlay-opacity":"","overlay-gradient":""},"mobile":{"background-color":"","background-image":"","background-repeat":"repeat","background-position":"center center","background-size":"auto","background-attachment":"scroll","background-type":"","background-media":"","overlay-type":"","overlay-color":"","overlay-opacity":"","overlay-gradient":""}},"ast-content-background-meta":{"desktop":{"background-color":"var(--ast-global-color-4)","background-image":"","background-repeat":"repeat","background-position":"center center","background-size":"auto","background-attachment":"scroll","background-type":"","background-media":"","overlay-type":"","overlay-color":"","overlay-opacity":"","overlay-gradient":""},"tablet":{"background-color":"var(--ast-global-color-4)","background-image":"","background-repeat":"repeat","background-position":"center center","background-size":"auto","background-attachment":"scroll","background-type":"","background-media":"","overlay-type":"","overlay-color":"","overlay-opacity":"","overlay-gradient":""},"mobile":{"background-color":"var(--ast-global-color-4)","background-image":"","background-repeat":"repeat","background-position":"center center","background-size":"auto","background-attachment":"scroll","background-type":"","background-media":"","overlay-type":"","overlay-color":"","overlay-opacity":"","overlay-gradient":""}},"footnotes":""},"class_list":["post-2052","page","type-page","status-publish","has-post-thumbnail","hentry"],"_links":{"self":[{"href":"https:\/\/mtglawyers.com\/es\/wp-json\/wp\/v2\/pages\/2052","targetHints":{"allow":["GET"]}}],"collection":[{"href":"https:\/\/mtglawyers.com\/es\/wp-json\/wp\/v2\/pages"}],"about":[{"href":"https:\/\/mtglawyers.com\/es\/wp-json\/wp\/v2\/types\/page"}],"author":[{"embeddable":true,"href":"https:\/\/mtglawyers.com\/es\/wp-json\/wp\/v2\/users\/1"}],"replies":[{"embeddable":true,"href":"https:\/\/mtglawyers.com\/es\/wp-json\/wp\/v2\/comments?post=2052"}],"version-history":[{"count":7,"href":"https:\/\/mtglawyers.com\/es\/wp-json\/wp\/v2\/pages\/2052\/revisions"}],"predecessor-version":[{"id":2141,"href":"https:\/\/mtglawyers.com\/es\/wp-json\/wp\/v2\/pages\/2052\/revisions\/2141"}],"up":[{"embeddable":true,"href":"https:\/\/mtglawyers.com\/es\/wp-json\/wp\/v2\/pages\/1957"}],"wp:featuredmedia":[{"embeddable":true,"href":"https:\/\/mtglawyers.com\/es\/wp-json\/wp\/v2\/media\/1939"}],"wp:attachment":[{"href":"https:\/\/mtglawyers.com\/es\/wp-json\/wp\/v2\/media?parent=2052"}],"curies":[{"name":"wp","href":"https:\/\/api.w.org\/{rel}","templated":true}]}}