 {"id":2043,"date":"2025-01-31T06:28:37","date_gmt":"2025-01-31T06:28:37","guid":{"rendered":"https:\/\/mtglawyers.com\/areas-de-practica\/derecho-de-familia-y-divorcio\/"},"modified":"2025-03-06T07:23:23","modified_gmt":"2025-03-06T07:23:23","slug":"derecho-de-familia-y-divorcio","status":"publish","type":"page","link":"https:\/\/mtglawyers.com\/es\/areas-de-practica\/derecho-de-familia-y-divorcio\/","title":{"rendered":"Derecho de familia y divorcio"},"content":{"rendered":"\t\t<div data-elementor-type=\"wp-page\" data-elementor-id=\"2043\" class=\"elementor elementor-2043 elementor-654\" data-elementor-post-type=\"page\">\n\t\t\t\t<div class=\"elementor-element elementor-element-604084f e-flex e-con-boxed e-con e-parent\" data-id=\"604084f\" data-element_type=\"container\" data-e-type=\"container\" data-settings=\"{&quot;background_background&quot;:&quot;classic&quot;}\">\n\t\t\t\t\t<div class=\"e-con-inner\">\n\t\t\t\t<div class=\"elementor-element elementor-element-e731fbd elementor-widget__width-initial elementor-invisible elementor-widget elementor-widget-heading\" data-id=\"e731fbd\" data-element_type=\"widget\" data-e-type=\"widget\" data-settings=\"{&quot;_animation&quot;:&quot;fadeInUp&quot;}\" data-widget_type=\"heading.default\">\n\t\t\t\t<div class=\"elementor-widget-container\">\n\t\t\t\t\t<h2 class=\"elementor-heading-title elementor-size-default\">Maxwell, Tassini, &amp; Gardner, LLC<\/h2>\t\t\t\t<\/div>\n\t\t\t\t<\/div>\n\t\t\t\t<div class=\"elementor-element elementor-element-ae50745 elementor-view-stacked elementor-shape-circle elementor-invisible elementor-widget elementor-widget-icon\" data-id=\"ae50745\" data-element_type=\"widget\" data-e-type=\"widget\" id=\"start\" data-settings=\"{&quot;_animation&quot;:&quot;fadeInUp&quot;}\" data-widget_type=\"icon.default\">\n\t\t\t\t<div class=\"elementor-widget-container\">\n\t\t\t\t\t\t\t<div class=\"elementor-icon-wrapper\">\n\t\t\t<a class=\"elementor-icon elementor-animation-float\" href=\"#start\">\n\t\t\t<i aria-hidden=\"true\" class=\"icon icon-arrow-down\"><\/i>\t\t\t<\/a>\n\t\t<\/div>\n\t\t\t\t\t\t<\/div>\n\t\t\t\t<\/div>\n\t\t\t\t\t<\/div>\n\t\t\t\t<\/div>\n\t\t<div class=\"elementor-element elementor-element-65c821b e-flex e-con-boxed e-con e-parent\" data-id=\"65c821b\" data-element_type=\"container\" data-e-type=\"container\" id=\"start\">\n\t\t\t\t\t<div class=\"e-con-inner\">\n\t\t<div class=\"elementor-element elementor-element-dff689f e-grid e-con-full elementor-invisible e-con e-child\" data-id=\"dff689f\" data-element_type=\"container\" data-e-type=\"container\" data-settings=\"{&quot;animation&quot;:&quot;fadeInUp&quot;}\">\n\t\t\t\t<div class=\"elementor-element elementor-element-352684b elementor-widget elementor-widget-image\" data-id=\"352684b\" data-element_type=\"widget\" data-e-type=\"widget\" data-widget_type=\"image.default\">\n\t\t\t\t<div class=\"elementor-widget-container\">\n\t\t\t\t\t\t\t\t\t\t\t\t\t\t\t<img fetchpriority=\"high\" decoding=\"async\" width=\"473\" height=\"473\" src=\"https:\/\/mtglawyers.com\/wp-content\/uploads\/2025\/01\/Maxwell.jpeg\" class=\"attachment-full size-full wp-image-1928\" alt=\"\" srcset=\"https:\/\/mtglawyers.com\/wp-content\/uploads\/2025\/01\/Maxwell.jpeg 473w, https:\/\/mtglawyers.com\/wp-content\/uploads\/2025\/01\/Maxwell-300x300.jpeg 300w, https:\/\/mtglawyers.com\/wp-content\/uploads\/2025\/01\/Maxwell-150x150.jpeg 150w\" sizes=\"(max-width: 473px) 100vw, 473px\" \/>\t\t\t\t\t\t\t\t\t\t\t\t\t\t\t<\/div>\n\t\t\t\t<\/div>\n\t\t\t\t<div class=\"elementor-element elementor-element-452c35a elementor-widget elementor-widget-image\" data-id=\"452c35a\" data-element_type=\"widget\" data-e-type=\"widget\" data-widget_type=\"image.default\">\n\t\t\t\t<div class=\"elementor-widget-container\">\n\t\t\t\t\t\t\t\t\t\t\t\t\t\t\t<img decoding=\"async\" src=\"https:\/\/mtglawyers.com\/wp-content\/uploads\/elementor\/thumbs\/David-Adams-r25wgfzyqsb95gwwao62jkit5o3qnp18gl8k9zhhoa.png\" title=\"David Adams\" alt=\"David Adams\" loading=\"lazy\" \/>\t\t\t\t\t\t\t\t\t\t\t\t\t\t\t<\/div>\n\t\t\t\t<\/div>\n\t\t\t\t<div class=\"elementor-element elementor-element-8163cc8 elementor-widget elementor-widget-image\" data-id=\"8163cc8\" data-element_type=\"widget\" data-e-type=\"widget\" data-widget_type=\"image.default\">\n\t\t\t\t<div class=\"elementor-widget-container\">\n\t\t\t\t\t\t\t\t\t\t\t\t\t\t\t<img decoding=\"async\" src=\"https:\/\/mtglawyers.com\/wp-content\/uploads\/elementor\/thumbs\/Gardner-I-r25uz5jd9xd0xcbkh4wioin0q8rl9gh2stqjs8i0fu.jpeg\" title=\"Tassini\" alt=\"Tassini\" loading=\"lazy\" \/>\t\t\t\t\t\t\t\t\t\t\t\t\t\t\t<\/div>\n\t\t\t\t<\/div>\n\t\t\t\t<\/div>\n\t\t<div class=\"elementor-element elementor-element-b9a22f4 e-con-full e-flex e-con e-child\" data-id=\"b9a22f4\" data-element_type=\"container\" data-e-type=\"container\">\n\t\t\t\t<div class=\"elementor-element elementor-element-20efdae elementor-invisible elementor-widget elementor-widget-heading\" data-id=\"20efdae\" data-element_type=\"widget\" data-e-type=\"widget\" data-settings=\"{&quot;_animation&quot;:&quot;fadeInUp&quot;,&quot;_animation_tablet&quot;:&quot;fadeInUp&quot;}\" data-widget_type=\"heading.default\">\n\t\t\t\t<div class=\"elementor-widget-container\">\n\t\t\t\t\t<h2 class=\"elementor-heading-title elementor-size-default\">Derecho de familia del condado de Monmouth y el condado de <span style=\"color:#4A4A4A\">Ocean<\/span><\/h2>\t\t\t\t<\/div>\n\t\t\t\t<\/div>\n\t\t\t\t<div class=\"elementor-element elementor-element-9e632bb elementor-invisible elementor-widget elementor-widget-text-editor\" data-id=\"9e632bb\" data-element_type=\"widget\" data-e-type=\"widget\" data-settings=\"{&quot;_animation&quot;:&quot;fadeInUp&quot;,&quot;_animation_tablet&quot;:&quot;fadeInUp&quot;}\" data-widget_type=\"text-editor.default\">\n\t\t\t\t<div class=\"elementor-widget-container\">\n\t\t\t\t\t\t\t\t\t<p><span style=\"color: #000000;\">En Maxwell, Tassini, &amp; Gardner LLC, en Spring Lake, condado de Monmouth, Nueva Jersey, brindamos asesoramiento y representaci\u00f3n en todas las \u00e1reas del derecho de familia, incluidos:<\/span><\/p><ul><li><span style=\"color: #000000;\"><a style=\"color: #000000;\" href=\"http:\/\/tubmanlaw.com\/practice\/family-law\/divorce\/\" target=\"_blank\" rel=\"noopener\">Divorcio<\/a>: Nuestro objetivo es resolver los diversos problemas que surgen del divorcio de tal manera que permita a nuestros clientes seguir adelante con sus vidas de manera positiva.<\/span><\/li><li><span style=\"color: #000000;\"><a style=\"color: #000000;\" href=\"http:\/\/tubmanlaw.com\/practice\/family-law\/child-custody\/\" target=\"_blank\" rel=\"noopener\">Custodia de los hijos<\/a>: De todos los asuntos que conlleva un divorcio, los de visitas y custodia de los hijos son los m\u00e1s emotivos.<\/span><\/li><li><span style=\"color: #000000;\"><a style=\"color: #000000;\" href=\"http:\/\/tubmanlaw.com\/practice\/family-law\/child-support\/\" target=\"_blank\" rel=\"noopener\">Manutenci\u00f3n de los hijos<\/a>: En Nueva Jersey, los pagos de manutenci\u00f3n de los hijos dependen de varios factores, incluidos los ingresos de los padres y el tiempo que el ni\u00f1o pasa con cada padre y, en el caso de los hijos mayores, en lo que respecta a cuestiones relacionadas con la universidad.<\/span><\/li><li><span style=\"color: #000000;\"><a style=\"color: #000000;\" href=\"http:\/\/tubmanlaw.com\/practice\/family-law\/property-settlements\/\" target=\"_blank\" rel=\"noopener\">Divisi\u00f3n de bienes<\/a>: Uno de los pasos m\u00e1s importantes durante el proceso de divorcio es lograr una divisi\u00f3n equitativa de los bienes conyugales para facilitar la vida financiera despu\u00e9s del divorcio.<\/span><\/li><li><span style=\"color: #000000;\"><a style=\"color: #000000;\" href=\"http:\/\/tubmanlaw.com\/practice\/family-law\/spousal-support-alimony\/\" target=\"_blank\" rel=\"noopener\">Pensi\u00f3n alimenticia<\/a>: En determinadas circunstancias, la pensi\u00f3n alimenticia (a veces llamada manutenci\u00f3n o manutenci\u00f3n del c\u00f3nyuge) puede ser parte del acuerdo de divorcio, pero debe realizarse correctamente.<\/span><\/li><li><span style=\"color: #000000;\"><a style=\"color: #000000;\" href=\"http:\/\/tubmanlaw.com\/practice\/family-law\/domestic-violence-and-protection-orders\/\" target=\"_blank\" rel=\"noopener\">Violencia dom\u00e9stica y \u00f3rdenes de protecci\u00f3n<\/a>: La violencia dom\u00e9stica, la amenaza de violencia dom\u00e9stica o abuso conyugal, o falsas acusaciones de violencia pueden ocurrir en todo tipo de hogares y familias.<\/span><\/li><li><span style=\"color: #000000;\"><a style=\"color: #000000;\" href=\"http:\/\/tubmanlaw.com\/practice\/family-law\/modifications\/\" target=\"_blank\" rel=\"noopener\">Modificaciones de custodia y manutenci\u00f3n de menores<\/a>: Ayudamos a los clientes a modificar los acuerdos existentes de tiempo de crianza y manutenci\u00f3n de menores para satisfacer sus necesidades cambiantes y los mejores intereses de sus hijos.<\/span><\/li><li><span style=\"color: #000000;\"><a style=\"color: #000000;\" href=\"http:\/\/tubmanlaw.com\/practice\/family-law\/child-relocation-after-divorce\/\" target=\"_blank\" rel=\"noopener\">Reubicaci\u00f3n de ni\u00f1os<\/a>: si desea mudarse con su hijo o si desea impugnar la reubicaci\u00f3n, es esencial que obtenga asesoramiento legal de un abogado experimentado.<\/span><\/li><li><span style=\"color: #000000;\"><a style=\"color: #000000;\" href=\"http:\/\/tubmanlaw.com\/practice\/family-law\/premarital-agreements\/\" target=\"_blank\" rel=\"noopener\">Acuerdos prematrimoniales<\/a>: Ayudamos a nuestros clientes a crear y negociar todo tipo de contratos prematrimoniales, incluidos acuerdos prenupciales.<\/span><\/li><\/ul>\t\t\t\t\t\t\t\t<\/div>\n\t\t\t\t<\/div>\n\t\t\t\t<\/div>\n\t\t\t\t\t<\/div>\n\t\t\t\t<\/div>\n\t\t<div class=\"elementor-element elementor-element-3ea6156 e-flex e-con-boxed e-con e-parent\" data-id=\"3ea6156\" data-element_type=\"container\" data-e-type=\"container\" data-settings=\"{&quot;background_background&quot;:&quot;classic&quot;}\">\n\t\t\t\t\t<div class=\"e-con-inner\">\n\t\t\t\t<div class=\"elementor-element elementor-element-dd30929 elementor-invisible elementor-widget elementor-widget-heading\" data-id=\"dd30929\" data-element_type=\"widget\" data-e-type=\"widget\" data-settings=\"{&quot;_animation&quot;:&quot;fadeInUp&quot;}\" data-widget_type=\"heading.default\">\n\t\t\t\t<div class=\"elementor-widget-container\">\n\t\t\t\t\t<h2 class=\"elementor-heading-title elementor-size-default\">Representaci\u00f3n en derecho de familia y divorcio\n<\/h2>\t\t\t\t<\/div>\n\t\t\t\t<\/div>\n\t\t\t\t\t<\/div>\n\t\t\t\t<\/div>\n\t\t<div class=\"elementor-element elementor-element-325e4e8 e-flex e-con-boxed e-con e-parent\" data-id=\"325e4e8\" data-element_type=\"container\" data-e-type=\"container\">\n\t\t\t\t\t<div class=\"e-con-inner\">\n\t\t\t\t<div class=\"elementor-element elementor-element-d7d6027 elementor-position-left elementor-vertical-align-middle elementor-invisible elementor-widget elementor-widget-image-box\" data-id=\"d7d6027\" data-element_type=\"widget\" data-e-type=\"widget\" data-settings=\"{&quot;_animation&quot;:&quot;fadeInLeft&quot;}\" data-widget_type=\"image-box.default\">\n\t\t\t\t<div class=\"elementor-widget-container\">\n\t\t\t\t\t<div class=\"elementor-image-box-wrapper\"><figure class=\"elementor-image-box-img\"><img decoding=\"async\" width=\"531\" height=\"400\" src=\"https:\/\/mtglawyers.com\/wp-content\/uploads\/2025\/02\/Documentation.jpg\" class=\"attachment-full size-full wp-image-2045\" alt=\"Documentaci\u00f3n\" srcset=\"https:\/\/mtglawyers.com\/wp-content\/uploads\/2025\/02\/Documentation.jpg 531w, https:\/\/mtglawyers.com\/wp-content\/uploads\/2025\/02\/Documentation-300x226.jpg 300w\" sizes=\"(max-width: 531px) 100vw, 531px\" \/><\/figure><div class=\"elementor-image-box-content\"><h3 class=\"elementor-image-box-title\"><p>Informaci\u00f3n<span style=\"color:#4A4A4A\"><\/span><span style=\"font-size: 1.5rem;font-style: inherit;background-color: var(--ast-global-color-4)\"><\/span><\/p><\/h3><p class=\"elementor-image-box-description\">Antes de reunirse con uno de nuestros abogados con respecto a su problema de derecho de familia, es fundamental que tenga lista la mayor cantidad de informaci\u00f3n posible para proporcionarnos, incluida toda la informaci\u00f3n y documentaci\u00f3n financiera disponible.<\/p><\/div><\/div>\t\t\t\t<\/div>\n\t\t\t\t<\/div>\n\t\t\t\t<div class=\"elementor-element elementor-element-ce5dbe5 elementor-position-right elementor-vertical-align-middle elementor-invisible elementor-widget elementor-widget-image-box\" data-id=\"ce5dbe5\" data-element_type=\"widget\" data-e-type=\"widget\" data-settings=\"{&quot;_animation&quot;:&quot;fadeInRight&quot;}\" data-widget_type=\"image-box.default\">\n\t\t\t\t<div class=\"elementor-widget-container\">\n\t\t\t\t\t<div class=\"elementor-image-box-wrapper\"><figure class=\"elementor-image-box-img\"><img decoding=\"async\" width=\"360\" height=\"249\" src=\"https:\/\/mtglawyers.com\/wp-content\/uploads\/2025\/02\/Financial-Family-Law.jpeg\" class=\"attachment-full size-full wp-image-2046\" alt=\"Derecho de familia financiero\" srcset=\"https:\/\/mtglawyers.com\/wp-content\/uploads\/2025\/02\/Financial-Family-Law.jpeg 360w, https:\/\/mtglawyers.com\/wp-content\/uploads\/2025\/02\/Financial-Family-Law-300x208.jpeg 300w\" sizes=\"(max-width: 360px) 100vw, 360px\" \/><\/figure><div class=\"elementor-image-box-content\"><h3 class=\"elementor-image-box-title\"><p>Evaluaci\u00f3n<span style=\"color:#4A4A4A\"><\/span><\/p><\/h3><p class=\"elementor-image-box-description\">Evaluaremos su situaci\u00f3n, incluidos los aspectos financieros, teniendo en cuenta su situaci\u00f3n actual y su situaci\u00f3n actual. Para ello, utilizamos software de derecho de familia financiero. \n<\/p><\/div><\/div>\t\t\t\t<\/div>\n\t\t\t\t<\/div>\n\t\t\t\t<div class=\"elementor-element elementor-element-3d220a4 elementor-position-left elementor-vertical-align-middle elementor-invisible elementor-widget elementor-widget-image-box\" data-id=\"3d220a4\" data-element_type=\"widget\" data-e-type=\"widget\" data-settings=\"{&quot;_animation&quot;:&quot;fadeInLeft&quot;}\" data-widget_type=\"image-box.default\">\n\t\t\t\t<div class=\"elementor-widget-container\">\n\t\t\t\t\t<div class=\"elementor-image-box-wrapper\"><figure class=\"elementor-image-box-img\"><img loading=\"lazy\" decoding=\"async\" width=\"1000\" height=\"667\" src=\"https:\/\/mtglawyers.com\/wp-content\/uploads\/2025\/02\/Action.jpg\" class=\"attachment-full size-full wp-image-2047\" alt=\"Acci\u00f3n\" srcset=\"https:\/\/mtglawyers.com\/wp-content\/uploads\/2025\/02\/Action.jpg 1000w, https:\/\/mtglawyers.com\/wp-content\/uploads\/2025\/02\/Action-300x200.jpg 300w, https:\/\/mtglawyers.com\/wp-content\/uploads\/2025\/02\/Action-768x512.jpg 768w\" sizes=\"(max-width: 1000px) 100vw, 1000px\" \/><\/figure><div class=\"elementor-image-box-content\"><h3 class=\"elementor-image-box-title\"><p>Acci\u00f3n<span style=\"color:#4A4A4A\"><\/span><\/p><\/h3><p class=\"elementor-image-box-description\">Desarrollar un plan de acci\u00f3n concreto es la prioridad inicial n\u00famero uno del bufete en un asunto de derecho de familia. Cuanto m\u00e1s espec\u00edficos sean los objetivos desde el principio, m\u00e1s probabilidades tendremos de alcanzarlos de manera eficiente. Si avanzamos con ese plan tan pronto como se establezcan los objetivos, lograremos un mayor control y eficiencia.  <\/p><\/div><\/div>\t\t\t\t<\/div>\n\t\t\t\t<\/div>\n\t\t\t\t\t<\/div>\n\t\t\t\t<\/div>\n\t\t<div class=\"elementor-element elementor-element-9fd820b e-flex e-con-boxed e-con e-parent\" data-id=\"9fd820b\" data-element_type=\"container\" data-e-type=\"container\">\n\t\t\t\t\t<div class=\"e-con-inner\">\n\t\t<div class=\"elementor-element elementor-element-2c16d3d e-con-full e-flex elementor-invisible e-con e-child\" data-id=\"2c16d3d\" data-element_type=\"container\" data-e-type=\"container\" data-settings=\"{&quot;background_background&quot;:&quot;classic&quot;,&quot;animation&quot;:&quot;fadeInUp&quot;}\">\n\t\t\t\t<div class=\"elementor-element elementor-element-ff70ca9 elementor-invisible elementor-widget elementor-widget-heading\" data-id=\"ff70ca9\" data-element_type=\"widget\" data-e-type=\"widget\" data-settings=\"{&quot;_animation&quot;:&quot;fadeInUp&quot;}\" data-widget_type=\"heading.default\">\n\t\t\t\t<div class=\"elementor-widget-container\">\n\t\t\t\t\t<h2 class=\"elementor-heading-title elementor-size-default\"> Cont\u00e1ctenos a continuaci\u00f3n con sus asuntos legales, estamos aqu\u00ed para servirle con todas sus necesidades legales. <\/h2>\t\t\t\t<\/div>\n\t\t\t\t<\/div>\n\t\t\t\t<div class=\"elementor-element elementor-element-4e59906 elementor-align-left elementor-mobile-align-center elementor-invisible elementor-widget elementor-widget-button\" data-id=\"4e59906\" data-element_type=\"widget\" data-e-type=\"widget\" data-settings=\"{&quot;_animation&quot;:&quot;fadeInUp&quot;}\" data-widget_type=\"button.default\">\n\t\t\t\t<div class=\"elementor-widget-container\">\n\t\t\t\t\t\t\t\t\t<div class=\"elementor-button-wrapper\">\n\t\t\t\t\t<a class=\"elementor-button elementor-button-link elementor-size-sm elementor-animation-float\" href=\"https:\/\/tawk.to\/mtglawyersespanol\" target=\"_blank\" rel=\"noopener\">\n\t\t\t\t\t\t<span class=\"elementor-button-content-wrapper\">\n\t\t\t\t\t\t<span class=\"elementor-button-icon\">\n\t\t\t\t<i aria-hidden=\"true\" class=\"icon icon-chat\"><\/i>\t\t\t<\/span>\n\t\t\t\t\t\t\t\t\t<span class=\"elementor-button-text\">Enviar un mensaje seguro<\/span>\n\t\t\t\t\t<\/span>\n\t\t\t\t\t<\/a>\n\t\t\t\t<\/div>\n\t\t\t\t\t\t\t\t<\/div>\n\t\t\t\t<\/div>\n\t\t\t\t<\/div>\n\t\t\t\t\t<\/div>\n\t\t\t\t<\/div>\n\t\t\t\t<\/div>\n\t\t","protected":false},"excerpt":{"rendered":"<p>Maxwell, Tassini, &amp; Gardner, LLC Derecho de familia del condado de Monmouth y el condado de Ocean En Maxwell, Tassini, [&hellip;]<\/p>\n","protected":false},"author":1,"featured_media":1939,"parent":1957,"menu_order":4,"comment_status":"closed","ping_status":"closed","template":"","meta":{"site-sidebar-layout":"no-sidebar","site-content-layout":"","ast-site-content-layout":"full-width-container","site-content-style":"default","site-sidebar-style":"default","ast-global-header-display":"","ast-banner-title-visibility":"","ast-main-header-display":"","ast-hfb-above-header-display":"","ast-hfb-below-header-display":"","ast-hfb-mobile-header-display":"","site-post-title":"disabled","ast-breadcrumbs-content":"","ast-featured-img":"disabled","footer-sml-layout":"","ast-disable-related-posts":"","theme-transparent-header-meta":"default","adv-header-id-meta":"","stick-header-meta":"","header-above-stick-meta":"","header-main-stick-meta":"","header-below-stick-meta":"","astra-migrate-meta-layouts":"default","ast-page-background-enabled":"default","ast-page-background-meta":{"desktop":{"background-color":"var(--ast-global-color-5)","background-image":"","background-repeat":"repeat","background-position":"center center","background-size":"auto","background-attachment":"scroll","background-type":"","background-media":"","overlay-type":"","overlay-color":"","overlay-opacity":"","overlay-gradient":""},"tablet":{"background-color":"","background-image":"","background-repeat":"repeat","background-position":"center center","background-size":"auto","background-attachment":"scroll","background-type":"","background-media":"","overlay-type":"","overlay-color":"","overlay-opacity":"","overlay-gradient":""},"mobile":{"background-color":"","background-image":"","background-repeat":"repeat","background-position":"center center","background-size":"auto","background-attachment":"scroll","background-type":"","background-media":"","overlay-type":"","overlay-color":"","overlay-opacity":"","overlay-gradient":""}},"ast-content-background-meta":{"desktop":{"background-color":"var(--ast-global-color-4)","background-image":"","background-repeat":"repeat","background-position":"center center","background-size":"auto","background-attachment":"scroll","background-type":"","background-media":"","overlay-type":"","overlay-color":"","overlay-opacity":"","overlay-gradient":""},"tablet":{"background-color":"var(--ast-global-color-4)","background-image":"","background-repeat":"repeat","background-position":"center center","background-size":"auto","background-attachment":"scroll","background-type":"","background-media":"","overlay-type":"","overlay-color":"","overlay-opacity":"","overlay-gradient":""},"mobile":{"background-color":"var(--ast-global-color-4)","background-image":"","background-repeat":"repeat","background-position":"center center","background-size":"auto","background-attachment":"scroll","background-type":"","background-media":"","overlay-type":"","overlay-color":"","overlay-opacity":"","overlay-gradient":""}},"footnotes":""},"class_list":["post-2043","page","type-page","status-publish","has-post-thumbnail","hentry"],"_links":{"self":[{"href":"https:\/\/mtglawyers.com\/es\/wp-json\/wp\/v2\/pages\/2043","targetHints":{"allow":["GET"]}}],"collection":[{"href":"https:\/\/mtglawyers.com\/es\/wp-json\/wp\/v2\/pages"}],"about":[{"href":"https:\/\/mtglawyers.com\/es\/wp-json\/wp\/v2\/types\/page"}],"author":[{"embeddable":true,"href":"https:\/\/mtglawyers.com\/es\/wp-json\/wp\/v2\/users\/1"}],"replies":[{"embeddable":true,"href":"https:\/\/mtglawyers.com\/es\/wp-json\/wp\/v2\/comments?post=2043"}],"version-history":[{"count":4,"href":"https:\/\/mtglawyers.com\/es\/wp-json\/wp\/v2\/pages\/2043\/revisions"}],"predecessor-version":[{"id":2132,"href":"https:\/\/mtglawyers.com\/es\/wp-json\/wp\/v2\/pages\/2043\/revisions\/2132"}],"up":[{"embeddable":true,"href":"https:\/\/mtglawyers.com\/es\/wp-json\/wp\/v2\/pages\/1957"}],"wp:featuredmedia":[{"embeddable":true,"href":"https:\/\/mtglawyers.com\/es\/wp-json\/wp\/v2\/media\/1939"}],"wp:attachment":[{"href":"https:\/\/mtglawyers.com\/es\/wp-json\/wp\/v2\/media?parent=2043"}],"curies":[{"name":"wp","href":"https:\/\/api.w.org\/{rel}","templated":true}]}}