 {"id":2038,"date":"2025-01-31T06:28:13","date_gmt":"2025-01-31T06:28:13","guid":{"rendered":"https:\/\/mtglawyers.com\/areas-de-practica\/bienes-raices\/comprar-o-vender-una-casa-el-proceso\/"},"modified":"2025-03-06T07:21:54","modified_gmt":"2025-03-06T07:21:54","slug":"comprar-o-vender-una-casa-el-proceso","status":"publish","type":"page","link":"https:\/\/mtglawyers.com\/es\/areas-de-practica\/bienes-raices\/comprar-o-vender-una-casa-el-proceso\/","title":{"rendered":"Comprar o vender una casa: el proceso"},"content":{"rendered":"\t\t<div data-elementor-type=\"wp-page\" data-elementor-id=\"2038\" class=\"elementor elementor-2038 elementor-652\" data-elementor-post-type=\"page\">\n\t\t\t\t<div class=\"elementor-element elementor-element-d757517 e-flex e-con-boxed e-con e-parent\" data-id=\"d757517\" data-element_type=\"container\" data-e-type=\"container\" data-settings=\"{&quot;background_background&quot;:&quot;classic&quot;}\">\n\t\t\t\t\t<div class=\"e-con-inner\">\n\t\t\t\t<div class=\"elementor-element elementor-element-cdd3d48 elementor-widget__width-initial elementor-invisible elementor-widget elementor-widget-heading\" data-id=\"cdd3d48\" data-element_type=\"widget\" data-e-type=\"widget\" data-settings=\"{&quot;_animation&quot;:&quot;fadeInUp&quot;}\" data-widget_type=\"heading.default\">\n\t\t\t\t<div class=\"elementor-widget-container\">\n\t\t\t\t\t<h2 class=\"elementor-heading-title elementor-size-default\">Maxwell, Tassini, &amp; Gardner, LLC<\/h2>\t\t\t\t<\/div>\n\t\t\t\t<\/div>\n\t\t\t\t<div class=\"elementor-element elementor-element-d28a3d3 elementor-view-stacked elementor-shape-circle elementor-invisible elementor-widget elementor-widget-icon\" data-id=\"d28a3d3\" data-element_type=\"widget\" data-e-type=\"widget\" id=\"start\" data-settings=\"{&quot;_animation&quot;:&quot;fadeInUp&quot;}\" data-widget_type=\"icon.default\">\n\t\t\t\t<div class=\"elementor-widget-container\">\n\t\t\t\t\t\t\t<div class=\"elementor-icon-wrapper\">\n\t\t\t<a class=\"elementor-icon elementor-animation-float\" href=\"#start\">\n\t\t\t<i aria-hidden=\"true\" class=\"icon icon-arrow-down\"><\/i>\t\t\t<\/a>\n\t\t<\/div>\n\t\t\t\t\t\t<\/div>\n\t\t\t\t<\/div>\n\t\t\t\t\t<\/div>\n\t\t\t\t<\/div>\n\t\t<div class=\"elementor-element elementor-element-42372be e-flex e-con-boxed e-con e-parent\" data-id=\"42372be\" data-element_type=\"container\" data-e-type=\"container\">\n\t\t\t\t\t<div class=\"e-con-inner\">\n\t\t<div class=\"elementor-element elementor-element-9bb5660 e-con-full e-flex e-con e-child\" data-id=\"9bb5660\" data-element_type=\"container\" data-e-type=\"container\">\n\t\t\t\t<div class=\"elementor-element elementor-element-9e6a9c8 elementor-invisible elementor-widget elementor-widget-image\" data-id=\"9e6a9c8\" data-element_type=\"widget\" data-e-type=\"widget\" data-settings=\"{&quot;_animation&quot;:&quot;fadeInLeft&quot;}\" data-widget_type=\"image.default\">\n\t\t\t\t<div class=\"elementor-widget-container\">\n\t\t\t\t\t\t\t\t\t\t\t\t\t\t\t<img fetchpriority=\"high\" decoding=\"async\" width=\"473\" height=\"473\" src=\"https:\/\/mtglawyers.com\/wp-content\/uploads\/2025\/01\/Maxwell.jpeg\" class=\"attachment-full size-full wp-image-1928\" alt=\"\" srcset=\"https:\/\/mtglawyers.com\/wp-content\/uploads\/2025\/01\/Maxwell.jpeg 473w, https:\/\/mtglawyers.com\/wp-content\/uploads\/2025\/01\/Maxwell-300x300.jpeg 300w, https:\/\/mtglawyers.com\/wp-content\/uploads\/2025\/01\/Maxwell-150x150.jpeg 150w\" sizes=\"(max-width: 473px) 100vw, 473px\" \/>\t\t\t\t\t\t\t\t\t\t\t\t\t\t\t<\/div>\n\t\t\t\t<\/div>\n\t\t\t\t<\/div>\n\t\t<div class=\"elementor-element elementor-element-503f00a e-con-full e-flex e-con e-child\" data-id=\"503f00a\" data-element_type=\"container\" data-e-type=\"container\">\n\t\t\t\t<div class=\"elementor-element elementor-element-a1fc18d elementor-invisible elementor-widget elementor-widget-heading\" data-id=\"a1fc18d\" data-element_type=\"widget\" data-e-type=\"widget\" data-settings=\"{&quot;_animation&quot;:&quot;fadeInRight&quot;}\" data-widget_type=\"heading.default\">\n\t\t\t\t<div class=\"elementor-widget-container\">\n\t\t\t\t\t<h2 class=\"elementor-heading-title elementor-size-default\">Bienes <span style=\"color:#4A4A4A\">ra\u00edces<\/span><\/h2>\t\t\t\t<\/div>\n\t\t\t\t<\/div>\n\t\t\t\t<div class=\"elementor-element elementor-element-1ea917d elementor-widget__width-initial elementor-invisible elementor-widget elementor-widget-text-editor\" data-id=\"1ea917d\" data-element_type=\"widget\" data-e-type=\"widget\" data-settings=\"{&quot;_animation&quot;:&quot;fadeInRight&quot;}\" data-widget_type=\"text-editor.default\">\n\t\t\t\t<div class=\"elementor-widget-container\">\n\t\t\t\t\t\t\t\t\t<p>Ayudamos a nuestros clientes con todos los aspectos de las transacciones inmobiliarias, incluidos: hipotecas, refinanciaci\u00f3n, grav\u00e1menes, acciones de partici\u00f3n, disputas sobre derechos de propiedad, reclamos equitativos, cuestiones y disputas contractuales, disputas de t\u00edtulos y reclamos en competencia.<\/p>\t\t\t\t\t\t\t\t<\/div>\n\t\t\t\t<\/div>\n\t\t\t\t<\/div>\n\t\t\t\t\t<\/div>\n\t\t\t\t<\/div>\n\t\t<div class=\"elementor-element elementor-element-23945fa e-flex e-con-boxed e-con e-parent\" data-id=\"23945fa\" data-element_type=\"container\" data-e-type=\"container\" data-settings=\"{&quot;background_background&quot;:&quot;classic&quot;}\">\n\t\t\t\t\t<div class=\"e-con-inner\">\n\t\t\t\t<div class=\"elementor-element elementor-element-b87a4b0 elementor-invisible elementor-widget elementor-widget-heading\" data-id=\"b87a4b0\" data-element_type=\"widget\" data-e-type=\"widget\" data-settings=\"{&quot;_animation&quot;:&quot;fadeInUp&quot;}\" data-widget_type=\"heading.default\">\n\t\t\t\t<div class=\"elementor-widget-container\">\n\t\t\t\t\t<h2 class=\"elementor-heading-title elementor-size-default\">Estamos aqu\u00ed para resolver las cosas para usted.\n<\/h2>\t\t\t\t<\/div>\n\t\t\t\t<\/div>\n\t\t\t\t\t<\/div>\n\t\t\t\t<\/div>\n\t\t<div class=\"elementor-element elementor-element-0092b4c e-flex e-con-boxed e-con e-parent\" data-id=\"0092b4c\" data-element_type=\"container\" data-e-type=\"container\">\n\t\t\t\t\t<div class=\"e-con-inner\">\n\t\t\t\t<div class=\"elementor-element elementor-element-5e80870 elementor-position-left elementor-vertical-align-middle elementor-invisible elementor-widget elementor-widget-image-box\" data-id=\"5e80870\" data-element_type=\"widget\" data-e-type=\"widget\" data-settings=\"{&quot;_animation&quot;:&quot;fadeInLeft&quot;}\" data-widget_type=\"image-box.default\">\n\t\t\t\t<div class=\"elementor-widget-container\">\n\t\t\t\t\t<div class=\"elementor-image-box-wrapper\"><figure class=\"elementor-image-box-img\"><img decoding=\"async\" width=\"230\" height=\"307\" src=\"https:\/\/mtglawyers.com\/wp-content\/uploads\/2025\/01\/Office-Couch.jpeg\" class=\"attachment-full size-full wp-image-2039\" alt=\"Maxwell de pie\" srcset=\"https:\/\/mtglawyers.com\/wp-content\/uploads\/2025\/01\/Office-Couch.jpeg 230w, https:\/\/mtglawyers.com\/wp-content\/uploads\/2025\/01\/Office-Couch-225x300.jpeg 225w\" sizes=\"(max-width: 230px) 100vw, 230px\" \/><\/figure><div class=\"elementor-image-box-content\"><h3 class=\"elementor-image-box-title\"><p>El comienzo: la revisi\u00f3n del <span style=\"color:#4A4A4A\">abogado<\/span> <span style=\"font-size: 1.5rem;font-style: inherit;background-color: var(--ast-global-color-4)\"><\/span><\/p><\/h3><p class=\"elementor-image-box-description\">Esta podr\u00eda ser la transacci\u00f3n financiera m\u00e1s grande de su vida y probablemente lo sea si, por ejemplo, es la primera vez que compra una vivienda. Por lo general, usted comienza con su agente de bienes ra\u00edces preparando un contrato que, seg\u00fan la ley de Nueva Jersey, debe incluir una cl\u00e1usula de \"Revisi\u00f3n del abogado\". Para proteger sus intereses, usted nos llama para revisar el Contrato y modificarlo seg\u00fan sea necesario y, lo que es m\u00e1s importante, para tratar con el abogado de la otra parte. Es crucial en este momento que nos contactes lo antes posible.<\/p><\/div><\/div>\t\t\t\t<\/div>\n\t\t\t\t<\/div>\n\t\t\t\t<div class=\"elementor-element elementor-element-0b9fe8a elementor-position-right elementor-vertical-align-middle elementor-invisible elementor-widget elementor-widget-image-box\" data-id=\"0b9fe8a\" data-element_type=\"widget\" data-e-type=\"widget\" data-settings=\"{&quot;_animation&quot;:&quot;fadeInRight&quot;}\" data-widget_type=\"image-box.default\">\n\t\t\t\t<div class=\"elementor-widget-container\">\n\t\t\t\t\t<div class=\"elementor-image-box-wrapper\"><figure class=\"elementor-image-box-img\"><img decoding=\"async\" width=\"887\" height=\"800\" src=\"https:\/\/mtglawyers.com\/wp-content\/uploads\/2025\/01\/maxwell-standing.jpg\" class=\"attachment-full size-full wp-image-2040\" alt=\"Maxwell de pie\" srcset=\"https:\/\/mtglawyers.com\/wp-content\/uploads\/2025\/01\/maxwell-standing.jpg 887w, https:\/\/mtglawyers.com\/wp-content\/uploads\/2025\/01\/maxwell-standing-300x271.jpg 300w, https:\/\/mtglawyers.com\/wp-content\/uploads\/2025\/01\/maxwell-standing-768x693.jpg 768w\" sizes=\"(max-width: 887px) 100vw, 887px\" \/><\/figure><div class=\"elementor-image-box-content\"><h3 class=\"elementor-image-box-title\"><p>El medio: <span style=\"color:#4A4A4A\">contingencias<\/span><\/p><\/h3><p class=\"elementor-image-box-description\">Por lo general, su contrato establecer\u00e1 una contingencia de inspecci\u00f3n, una contingencia de pr\u00e9stamo hipotecario si el comprador est\u00e1 financiando la transacci\u00f3n, una contingencia de t\u00edtulo y, en caso de que el comprador necesite vender una casa para financiar la transacci\u00f3n, una contingencia de cierre de la otra venta.<\/p><\/div><\/div>\t\t\t\t<\/div>\n\t\t\t\t<\/div>\n\t\t\t\t<div class=\"elementor-element elementor-element-b844afd elementor-position-left elementor-vertical-align-middle elementor-invisible elementor-widget elementor-widget-image-box\" data-id=\"b844afd\" data-element_type=\"widget\" data-e-type=\"widget\" data-settings=\"{&quot;_animation&quot;:&quot;fadeInLeft&quot;}\" data-widget_type=\"image-box.default\">\n\t\t\t\t<div class=\"elementor-widget-container\">\n\t\t\t\t\t<div class=\"elementor-image-box-wrapper\"><figure class=\"elementor-image-box-img\"><img loading=\"lazy\" decoding=\"async\" width=\"1100\" height=\"733\" src=\"https:\/\/mtglawyers.com\/wp-content\/uploads\/2025\/01\/Maxwell-I.jpg\" class=\"attachment-full size-full wp-image-2041\" alt=\"\" srcset=\"https:\/\/mtglawyers.com\/wp-content\/uploads\/2025\/01\/Maxwell-I.jpg 1100w, https:\/\/mtglawyers.com\/wp-content\/uploads\/2025\/01\/Maxwell-I-300x200.jpg 300w, https:\/\/mtglawyers.com\/wp-content\/uploads\/2025\/01\/Maxwell-I-1024x682.jpg 1024w, https:\/\/mtglawyers.com\/wp-content\/uploads\/2025\/01\/Maxwell-I-768x512.jpg 768w\" sizes=\"(max-width: 1100px) 100vw, 1100px\" \/><\/figure><div class=\"elementor-image-box-content\"><h3 class=\"elementor-image-box-title\"><p>El final: el <span style=\"color:#4A4A4A\">cierre<\/span><\/p><\/h3><p class=\"elementor-image-box-description\">El resultado final de este proceso es la compra y venta de la propiedad y el cierre del t\u00edtulo. Esto ocurre despu\u00e9s de que se han cumplido todas las contingencias del Contrato y tanto el Comprador como el Vendedor est\u00e1n listos y pueden cerrar. Por lo general, el vendedor debe estar en condiciones de entregar baldosas asegurables y el comprador, por supuesto, debe tener el dinero de la compra y la financiaci\u00f3n en orden y listos para entregar al vendedor. <\/p><\/div><\/div>\t\t\t\t<\/div>\n\t\t\t\t<\/div>\n\t\t\t\t\t<\/div>\n\t\t\t\t<\/div>\n\t\t<div class=\"elementor-element elementor-element-31745f1 e-flex e-con-boxed e-con e-parent\" data-id=\"31745f1\" data-element_type=\"container\" data-e-type=\"container\">\n\t\t\t\t\t<div class=\"e-con-inner\">\n\t\t<div class=\"elementor-element elementor-element-6cdc057 e-con-full e-flex elementor-invisible e-con e-child\" data-id=\"6cdc057\" data-element_type=\"container\" data-e-type=\"container\" data-settings=\"{&quot;background_background&quot;:&quot;classic&quot;,&quot;animation&quot;:&quot;fadeInUp&quot;}\">\n\t\t\t\t<div class=\"elementor-element elementor-element-6fc2226 elementor-invisible elementor-widget elementor-widget-heading\" data-id=\"6fc2226\" data-element_type=\"widget\" data-e-type=\"widget\" data-settings=\"{&quot;_animation&quot;:&quot;fadeInUp&quot;}\" data-widget_type=\"heading.default\">\n\t\t\t\t<div class=\"elementor-widget-container\">\n\t\t\t\t\t<h2 class=\"elementor-heading-title elementor-size-default\"> Cont\u00e1ctenos a continuaci\u00f3n con sus asuntos legales, estamos aqu\u00ed para servirle con todas sus necesidades legales. <\/h2>\t\t\t\t<\/div>\n\t\t\t\t<\/div>\n\t\t\t\t<div class=\"elementor-element elementor-element-09ddd0a elementor-align-left elementor-mobile-align-center elementor-invisible elementor-widget elementor-widget-button\" data-id=\"09ddd0a\" data-element_type=\"widget\" data-e-type=\"widget\" data-settings=\"{&quot;_animation&quot;:&quot;fadeInUp&quot;}\" data-widget_type=\"button.default\">\n\t\t\t\t<div class=\"elementor-widget-container\">\n\t\t\t\t\t\t\t\t\t<div class=\"elementor-button-wrapper\">\n\t\t\t\t\t<a class=\"elementor-button elementor-button-link elementor-size-sm elementor-animation-float\" href=\"https:\/\/tawk.to\/mtglawyersespanol\" target=\"_blank\" rel=\"noopener\">\n\t\t\t\t\t\t<span class=\"elementor-button-content-wrapper\">\n\t\t\t\t\t\t<span class=\"elementor-button-icon\">\n\t\t\t\t<i aria-hidden=\"true\" class=\"icon icon-chat\"><\/i>\t\t\t<\/span>\n\t\t\t\t\t\t\t\t\t<span class=\"elementor-button-text\">Enviar un mensaje seguro<\/span>\n\t\t\t\t\t<\/span>\n\t\t\t\t\t<\/a>\n\t\t\t\t<\/div>\n\t\t\t\t\t\t\t\t<\/div>\n\t\t\t\t<\/div>\n\t\t\t\t<\/div>\n\t\t\t\t\t<\/div>\n\t\t\t\t<\/div>\n\t\t\t\t<\/div>\n\t\t","protected":false},"excerpt":{"rendered":"<p>Maxwell, Tassini, &amp; Gardner, LLC Bienes ra\u00edces Ayudamos a nuestros clientes con todos los aspectos de las transacciones inmobiliarias, incluidos: [&hellip;]<\/p>\n","protected":false},"author":1,"featured_media":1939,"parent":2033,"menu_order":1,"comment_status":"closed","ping_status":"closed","template":"","meta":{"site-sidebar-layout":"no-sidebar","site-content-layout":"","ast-site-content-layout":"full-width-container","site-content-style":"default","site-sidebar-style":"default","ast-global-header-display":"","ast-banner-title-visibility":"","ast-main-header-display":"","ast-hfb-above-header-display":"","ast-hfb-below-header-display":"","ast-hfb-mobile-header-display":"","site-post-title":"disabled","ast-breadcrumbs-content":"","ast-featured-img":"disabled","footer-sml-layout":"","ast-disable-related-posts":"","theme-transparent-header-meta":"default","adv-header-id-meta":"","stick-header-meta":"","header-above-stick-meta":"","header-main-stick-meta":"","header-below-stick-meta":"","astra-migrate-meta-layouts":"default","ast-page-background-enabled":"default","ast-page-background-meta":{"desktop":{"background-color":"var(--ast-global-color-5)","background-image":"","background-repeat":"repeat","background-position":"center center","background-size":"auto","background-attachment":"scroll","background-type":"","background-media":"","overlay-type":"","overlay-color":"","overlay-opacity":"","overlay-gradient":""},"tablet":{"background-color":"","background-image":"","background-repeat":"repeat","background-position":"center center","background-size":"auto","background-attachment":"scroll","background-type":"","background-media":"","overlay-type":"","overlay-color":"","overlay-opacity":"","overlay-gradient":""},"mobile":{"background-color":"","background-image":"","background-repeat":"repeat","background-position":"center center","background-size":"auto","background-attachment":"scroll","background-type":"","background-media":"","overlay-type":"","overlay-color":"","overlay-opacity":"","overlay-gradient":""}},"ast-content-background-meta":{"desktop":{"background-color":"var(--ast-global-color-4)","background-image":"","background-repeat":"repeat","background-position":"center center","background-size":"auto","background-attachment":"scroll","background-type":"","background-media":"","overlay-type":"","overlay-color":"","overlay-opacity":"","overlay-gradient":""},"tablet":{"background-color":"var(--ast-global-color-4)","background-image":"","background-repeat":"repeat","background-position":"center center","background-size":"auto","background-attachment":"scroll","background-type":"","background-media":"","overlay-type":"","overlay-color":"","overlay-opacity":"","overlay-gradient":""},"mobile":{"background-color":"var(--ast-global-color-4)","background-image":"","background-repeat":"repeat","background-position":"center center","background-size":"auto","background-attachment":"scroll","background-type":"","background-media":"","overlay-type":"","overlay-color":"","overlay-opacity":"","overlay-gradient":""}},"footnotes":""},"class_list":["post-2038","page","type-page","status-publish","has-post-thumbnail","hentry"],"_links":{"self":[{"href":"https:\/\/mtglawyers.com\/es\/wp-json\/wp\/v2\/pages\/2038","targetHints":{"allow":["GET"]}}],"collection":[{"href":"https:\/\/mtglawyers.com\/es\/wp-json\/wp\/v2\/pages"}],"about":[{"href":"https:\/\/mtglawyers.com\/es\/wp-json\/wp\/v2\/types\/page"}],"author":[{"embeddable":true,"href":"https:\/\/mtglawyers.com\/es\/wp-json\/wp\/v2\/users\/1"}],"replies":[{"embeddable":true,"href":"https:\/\/mtglawyers.com\/es\/wp-json\/wp\/v2\/comments?post=2038"}],"version-history":[{"count":4,"href":"https:\/\/mtglawyers.com\/es\/wp-json\/wp\/v2\/pages\/2038\/revisions"}],"predecessor-version":[{"id":2129,"href":"https:\/\/mtglawyers.com\/es\/wp-json\/wp\/v2\/pages\/2038\/revisions\/2129"}],"up":[{"embeddable":true,"href":"https:\/\/mtglawyers.com\/es\/wp-json\/wp\/v2\/pages\/2033"}],"wp:featuredmedia":[{"embeddable":true,"href":"https:\/\/mtglawyers.com\/es\/wp-json\/wp\/v2\/media\/1939"}],"wp:attachment":[{"href":"https:\/\/mtglawyers.com\/es\/wp-json\/wp\/v2\/media?parent=2038"}],"curies":[{"name":"wp","href":"https:\/\/api.w.org\/{rel}","templated":true}]}}