 {"id":2033,"date":"2025-01-31T06:26:38","date_gmt":"2025-01-31T06:26:38","guid":{"rendered":"https:\/\/mtglawyers.com\/areas-de-practica\/bienes-raices\/"},"modified":"2025-03-06T07:20:49","modified_gmt":"2025-03-06T07:20:49","slug":"bienes-raices","status":"publish","type":"page","link":"https:\/\/mtglawyers.com\/es\/areas-de-practica\/bienes-raices\/","title":{"rendered":"Bienes ra\u00edces"},"content":{"rendered":"\t\t<div data-elementor-type=\"wp-page\" data-elementor-id=\"2033\" class=\"elementor elementor-2033 elementor-650\" data-elementor-post-type=\"page\">\n\t\t\t\t<div class=\"elementor-element elementor-element-d9e403f e-flex e-con-boxed e-con e-parent\" data-id=\"d9e403f\" data-element_type=\"container\" data-e-type=\"container\" data-settings=\"{&quot;background_background&quot;:&quot;classic&quot;}\">\n\t\t\t\t\t<div class=\"e-con-inner\">\n\t\t\t\t<div class=\"elementor-element elementor-element-04db541 elementor-widget__width-initial elementor-invisible elementor-widget elementor-widget-heading\" data-id=\"04db541\" data-element_type=\"widget\" data-e-type=\"widget\" data-settings=\"{&quot;_animation&quot;:&quot;fadeInUp&quot;}\" data-widget_type=\"heading.default\">\n\t\t\t\t<div class=\"elementor-widget-container\">\n\t\t\t\t\t<h2 class=\"elementor-heading-title elementor-size-default\">Maxwell, Tassini, &amp; Gardner, LLC<\/h2>\t\t\t\t<\/div>\n\t\t\t\t<\/div>\n\t\t\t\t<div class=\"elementor-element elementor-element-91d9f57 elementor-view-stacked elementor-shape-circle elementor-invisible elementor-widget elementor-widget-icon\" data-id=\"91d9f57\" data-element_type=\"widget\" data-e-type=\"widget\" id=\"start\" data-settings=\"{&quot;_animation&quot;:&quot;fadeInUp&quot;}\" data-widget_type=\"icon.default\">\n\t\t\t\t<div class=\"elementor-widget-container\">\n\t\t\t\t\t\t\t<div class=\"elementor-icon-wrapper\">\n\t\t\t<a class=\"elementor-icon elementor-animation-float\" href=\"#start\">\n\t\t\t<i aria-hidden=\"true\" class=\"icon icon-arrow-down\"><\/i>\t\t\t<\/a>\n\t\t<\/div>\n\t\t\t\t\t\t<\/div>\n\t\t\t\t<\/div>\n\t\t\t\t\t<\/div>\n\t\t\t\t<\/div>\n\t\t<div class=\"elementor-element elementor-element-d850ac0 e-flex e-con-boxed e-con e-parent\" data-id=\"d850ac0\" data-element_type=\"container\" data-e-type=\"container\">\n\t\t\t\t\t<div class=\"e-con-inner\">\n\t\t<div class=\"elementor-element elementor-element-76a3015 e-con-full e-flex e-con e-child\" data-id=\"76a3015\" data-element_type=\"container\" data-e-type=\"container\">\n\t\t\t\t<div class=\"elementor-element elementor-element-c147741 elementor-invisible elementor-widget elementor-widget-image\" data-id=\"c147741\" data-element_type=\"widget\" data-e-type=\"widget\" data-settings=\"{&quot;_animation&quot;:&quot;fadeInLeft&quot;}\" data-widget_type=\"image.default\">\n\t\t\t\t<div class=\"elementor-widget-container\">\n\t\t\t\t\t\t\t\t\t\t\t\t\t\t\t<img fetchpriority=\"high\" decoding=\"async\" width=\"473\" height=\"473\" src=\"https:\/\/mtglawyers.com\/wp-content\/uploads\/2025\/01\/Maxwell.jpeg\" class=\"attachment-full size-full wp-image-1928\" alt=\"\" srcset=\"https:\/\/mtglawyers.com\/wp-content\/uploads\/2025\/01\/Maxwell.jpeg 473w, https:\/\/mtglawyers.com\/wp-content\/uploads\/2025\/01\/Maxwell-300x300.jpeg 300w, https:\/\/mtglawyers.com\/wp-content\/uploads\/2025\/01\/Maxwell-150x150.jpeg 150w\" sizes=\"(max-width: 473px) 100vw, 473px\" \/>\t\t\t\t\t\t\t\t\t\t\t\t\t\t\t<\/div>\n\t\t\t\t<\/div>\n\t\t\t\t<\/div>\n\t\t<div class=\"elementor-element elementor-element-4258186 e-con-full e-flex e-con e-child\" data-id=\"4258186\" data-element_type=\"container\" data-e-type=\"container\">\n\t\t\t\t<div class=\"elementor-element elementor-element-5e2aa7a elementor-invisible elementor-widget elementor-widget-heading\" data-id=\"5e2aa7a\" data-element_type=\"widget\" data-e-type=\"widget\" data-settings=\"{&quot;_animation&quot;:&quot;fadeInRight&quot;}\" data-widget_type=\"heading.default\">\n\t\t\t\t<div class=\"elementor-widget-container\">\n\t\t\t\t\t<h2 class=\"elementor-heading-title elementor-size-default\">Bienes <span style=\"color:#4A4A4A\">ra\u00edces<\/span><\/h2>\t\t\t\t<\/div>\n\t\t\t\t<\/div>\n\t\t\t\t<div class=\"elementor-element elementor-element-f14b7fd elementor-widget__width-initial elementor-invisible elementor-widget elementor-widget-text-editor\" data-id=\"f14b7fd\" data-element_type=\"widget\" data-e-type=\"widget\" data-settings=\"{&quot;_animation&quot;:&quot;fadeInRight&quot;}\" data-widget_type=\"text-editor.default\">\n\t\t\t\t<div class=\"elementor-widget-container\">\n\t\t\t\t\t\t\t\t\t<p>Maxwell trabaja en estrecha colaboraci\u00f3n con cada uno de sus clientes para desarrollar planes patrimoniales precisos y rentables. Profundamente arraigado en la comunidad, estar\u00e1 aqu\u00ed para usted y sus seres queridos ahora y en el futuro.<\/p>\t\t\t\t\t\t\t\t<\/div>\n\t\t\t\t<\/div>\n\t\t\t\t<\/div>\n\t\t\t\t\t<\/div>\n\t\t\t\t<\/div>\n\t\t<div class=\"elementor-element elementor-element-43dfecb e-flex e-con-boxed e-con e-parent\" data-id=\"43dfecb\" data-element_type=\"container\" data-e-type=\"container\" data-settings=\"{&quot;background_background&quot;:&quot;classic&quot;}\">\n\t\t\t\t\t<div class=\"e-con-inner\">\n\t\t\t\t<div class=\"elementor-element elementor-element-0130892 elementor-invisible elementor-widget elementor-widget-heading\" data-id=\"0130892\" data-element_type=\"widget\" data-e-type=\"widget\" data-settings=\"{&quot;_animation&quot;:&quot;fadeInUp&quot;}\" data-widget_type=\"heading.default\">\n\t\t\t\t<div class=\"elementor-widget-container\">\n\t\t\t\t\t<h2 class=\"elementor-heading-title elementor-size-default\">Estamos aqu\u00ed para resolver las cosas para usted.\n<\/h2>\t\t\t\t<\/div>\n\t\t\t\t<\/div>\n\t\t\t\t\t<\/div>\n\t\t\t\t<\/div>\n\t\t<div class=\"elementor-element elementor-element-9367c37 e-flex e-con-boxed e-con e-parent\" data-id=\"9367c37\" data-element_type=\"container\" data-e-type=\"container\">\n\t\t\t\t\t<div class=\"e-con-inner\">\n\t\t\t\t<div class=\"elementor-element elementor-element-2fc7b92 elementor-position-left elementor-vertical-align-middle elementor-invisible elementor-widget elementor-widget-image-box\" data-id=\"2fc7b92\" data-element_type=\"widget\" data-e-type=\"widget\" data-settings=\"{&quot;_animation&quot;:&quot;fadeInLeft&quot;}\" data-widget_type=\"image-box.default\">\n\t\t\t\t<div class=\"elementor-widget-container\">\n\t\t\t\t\t<div class=\"elementor-image-box-wrapper\"><figure class=\"elementor-image-box-img\"><img decoding=\"async\" width=\"500\" height=\"408\" src=\"https:\/\/mtglawyers.com\/wp-content\/uploads\/2025\/01\/Real-Estate.jpg\" class=\"attachment-full size-full wp-image-1932\" alt=\"Bienes ra\u00edces\" srcset=\"https:\/\/mtglawyers.com\/wp-content\/uploads\/2025\/01\/Real-Estate.jpg 500w, https:\/\/mtglawyers.com\/wp-content\/uploads\/2025\/01\/Real-Estate-300x245.jpg 300w\" sizes=\"(max-width: 500px) 100vw, 500px\" \/><\/figure><div class=\"elementor-image-box-content\"><h3 class=\"elementor-image-box-title\"><p>Comprar o vender una <span style=\"color:#4A4A4A\">casa<\/span> <span style=\"font-size: 1.5rem;font-style: inherit;background-color: var(--ast-global-color-4)\"><\/span><\/p><\/h3><p class=\"elementor-image-box-description\">El Sr. Maxwell tiene una amplia experiencia representando a compradores y vendedores de bienes ra\u00edces residenciales. El Sr. Maxwell ha manejado cientos de transacciones. Trabajamos junto con usted y su agente inmobiliario para lograr sus objetivos. \n<\/p><\/div><\/div>\t\t\t\t<\/div>\n\t\t\t\t<\/div>\n\t\t\t\t<div class=\"elementor-element elementor-element-69d92ba elementor-position-right elementor-vertical-align-middle elementor-invisible elementor-widget elementor-widget-image-box\" data-id=\"69d92ba\" data-element_type=\"widget\" data-e-type=\"widget\" data-settings=\"{&quot;_animation&quot;:&quot;fadeInRight&quot;}\" data-widget_type=\"image-box.default\">\n\t\t\t\t<div class=\"elementor-widget-container\">\n\t\t\t\t\t<div class=\"elementor-image-box-wrapper\"><figure class=\"elementor-image-box-img\"><img decoding=\"async\" width=\"464\" height=\"418\" src=\"https:\/\/mtglawyers.com\/wp-content\/uploads\/2025\/01\/Commercial-Real-Estate.jpg\" class=\"attachment-full size-full wp-image-2035\" alt=\"Bienes ra\u00edces comerciales\" srcset=\"https:\/\/mtglawyers.com\/wp-content\/uploads\/2025\/01\/Commercial-Real-Estate.jpg 464w, https:\/\/mtglawyers.com\/wp-content\/uploads\/2025\/01\/Commercial-Real-Estate-300x270.jpg 300w\" sizes=\"(max-width: 464px) 100vw, 464px\" \/><\/figure><div class=\"elementor-image-box-content\"><h3 class=\"elementor-image-box-title\"><p>Bienes Ra\u00edces <span style=\"color:#4A4A4A\">Comerciales<\/span><span style=\"font-size: 1.5rem;font-style: inherit;background-color: var(--ast-global-color-4)\"><\/span><\/p><\/h3><p class=\"elementor-image-box-description\">El Sr. Maxwell tiene un amplio conocimiento en los asuntos relacionados con la compra y venta de bienes ra\u00edces comerciales y se asegura de que sus intereses y derechos se comprendan y protejan tanto en el contrato de venta como a medida que avanza la transacci\u00f3n. <\/p><\/div><\/div>\t\t\t\t<\/div>\n\t\t\t\t<\/div>\n\t\t\t\t<div class=\"elementor-element elementor-element-bd89e5f elementor-position-left elementor-vertical-align-middle elementor-invisible elementor-widget elementor-widget-image-box\" data-id=\"bd89e5f\" data-element_type=\"widget\" data-e-type=\"widget\" data-settings=\"{&quot;_animation&quot;:&quot;fadeInLeft&quot;}\" data-widget_type=\"image-box.default\">\n\t\t\t\t<div class=\"elementor-widget-container\">\n\t\t\t\t\t<div class=\"elementor-image-box-wrapper\"><figure class=\"elementor-image-box-img\"><img loading=\"lazy\" decoding=\"async\" width=\"600\" height=\"400\" src=\"https:\/\/mtglawyers.com\/wp-content\/uploads\/2025\/01\/Leases-of-Commercial-Buildings-and-Space.webp\" class=\"attachment-full size-full wp-image-2036\" alt=\"Arrendamientos de locales y edificios comerciales\" srcset=\"https:\/\/mtglawyers.com\/wp-content\/uploads\/2025\/01\/Leases-of-Commercial-Buildings-and-Space.webp 600w, https:\/\/mtglawyers.com\/wp-content\/uploads\/2025\/01\/Leases-of-Commercial-Buildings-and-Space-300x200.webp 300w\" sizes=\"(max-width: 600px) 100vw, 600px\" \/><\/figure><div class=\"elementor-image-box-content\"><h3 class=\"elementor-image-box-title\"><p>Arrendamientos de locales y edificios <span style=\"color:#4A4A4A\">comerciales<\/span><\/p><\/h3><p class=\"elementor-image-box-description\">Ya sea propietario o potencial inquilino de un espacio comercial, estamos aqu\u00ed para ayudarle. El arrendamiento de un espacio comercial generalmente contempla una relaci\u00f3n a largo plazo entre un propietario y un inquilino, a menudo con opciones que pueden extenderse por per\u00edodos significativos. Consideramos la creaci\u00f3n de esta relaci\u00f3n mediante la celebraci\u00f3n de un contrato de arrendamiento como algo que debe llevarse a cabo de manera eficiente y con cuidado. Nuestra experiencia en la formaci\u00f3n de empresas y litigios de disputas comerciales es fundamental para nuestro conocimiento y servicios en esta \u00e1rea. \n<\/p><\/div><\/div>\t\t\t\t<\/div>\n\t\t\t\t<\/div>\n\t\t\t\t\t<\/div>\n\t\t\t\t<\/div>\n\t\t<div class=\"elementor-element elementor-element-71d8ef7 e-flex e-con-boxed e-con e-parent\" data-id=\"71d8ef7\" data-element_type=\"container\" data-e-type=\"container\">\n\t\t\t\t\t<div class=\"e-con-inner\">\n\t\t<div class=\"elementor-element elementor-element-017542a e-con-full e-flex elementor-invisible e-con e-child\" data-id=\"017542a\" data-element_type=\"container\" data-e-type=\"container\" data-settings=\"{&quot;background_background&quot;:&quot;classic&quot;,&quot;animation&quot;:&quot;fadeInUp&quot;}\">\n\t\t\t\t<div class=\"elementor-element elementor-element-bde4d19 elementor-invisible elementor-widget elementor-widget-heading\" data-id=\"bde4d19\" data-element_type=\"widget\" data-e-type=\"widget\" data-settings=\"{&quot;_animation&quot;:&quot;fadeInUp&quot;}\" data-widget_type=\"heading.default\">\n\t\t\t\t<div class=\"elementor-widget-container\">\n\t\t\t\t\t<h2 class=\"elementor-heading-title elementor-size-default\"> Cont\u00e1ctenos a continuaci\u00f3n con sus asuntos legales, estamos aqu\u00ed para servirle con todas sus necesidades legales. <\/h2>\t\t\t\t<\/div>\n\t\t\t\t<\/div>\n\t\t\t\t<div class=\"elementor-element elementor-element-35645af elementor-align-left elementor-mobile-align-center elementor-invisible elementor-widget elementor-widget-button\" data-id=\"35645af\" data-element_type=\"widget\" data-e-type=\"widget\" data-settings=\"{&quot;_animation&quot;:&quot;fadeInUp&quot;}\" data-widget_type=\"button.default\">\n\t\t\t\t<div class=\"elementor-widget-container\">\n\t\t\t\t\t\t\t\t\t<div class=\"elementor-button-wrapper\">\n\t\t\t\t\t<a class=\"elementor-button elementor-button-link elementor-size-sm elementor-animation-float\" href=\"https:\/\/tawk.to\/mtglawyersespanol\" target=\"_blank\" rel=\"noopener\">\n\t\t\t\t\t\t<span class=\"elementor-button-content-wrapper\">\n\t\t\t\t\t\t<span class=\"elementor-button-icon\">\n\t\t\t\t<i aria-hidden=\"true\" class=\"icon icon-chat\"><\/i>\t\t\t<\/span>\n\t\t\t\t\t\t\t\t\t<span class=\"elementor-button-text\">Enviar un mensaje seguro<\/span>\n\t\t\t\t\t<\/span>\n\t\t\t\t\t<\/a>\n\t\t\t\t<\/div>\n\t\t\t\t\t\t\t\t<\/div>\n\t\t\t\t<\/div>\n\t\t\t\t<\/div>\n\t\t\t\t\t<\/div>\n\t\t\t\t<\/div>\n\t\t\t\t<\/div>\n\t\t","protected":false},"excerpt":{"rendered":"<p>Maxwell, Tassini, &amp; Gardner, LLC Bienes ra\u00edces Maxwell trabaja en estrecha colaboraci\u00f3n con cada uno de sus clientes para desarrollar [&hellip;]<\/p>\n","protected":false},"author":1,"featured_media":1939,"parent":1957,"menu_order":3,"comment_status":"closed","ping_status":"closed","template":"","meta":{"site-sidebar-layout":"no-sidebar","site-content-layout":"","ast-site-content-layout":"full-width-container","site-content-style":"default","site-sidebar-style":"default","ast-global-header-display":"","ast-banner-title-visibility":"","ast-main-header-display":"","ast-hfb-above-header-display":"","ast-hfb-below-header-display":"","ast-hfb-mobile-header-display":"","site-post-title":"disabled","ast-breadcrumbs-content":"","ast-featured-img":"disabled","footer-sml-layout":"","ast-disable-related-posts":"","theme-transparent-header-meta":"default","adv-header-id-meta":"","stick-header-meta":"","header-above-stick-meta":"","header-main-stick-meta":"","header-below-stick-meta":"","astra-migrate-meta-layouts":"default","ast-page-background-enabled":"default","ast-page-background-meta":{"desktop":{"background-color":"var(--ast-global-color-5)","background-image":"","background-repeat":"repeat","background-position":"center center","background-size":"auto","background-attachment":"scroll","background-type":"","background-media":"","overlay-type":"","overlay-color":"","overlay-opacity":"","overlay-gradient":""},"tablet":{"background-color":"","background-image":"","background-repeat":"repeat","background-position":"center center","background-size":"auto","background-attachment":"scroll","background-type":"","background-media":"","overlay-type":"","overlay-color":"","overlay-opacity":"","overlay-gradient":""},"mobile":{"background-color":"","background-image":"","background-repeat":"repeat","background-position":"center center","background-size":"auto","background-attachment":"scroll","background-type":"","background-media":"","overlay-type":"","overlay-color":"","overlay-opacity":"","overlay-gradient":""}},"ast-content-background-meta":{"desktop":{"background-color":"var(--ast-global-color-4)","background-image":"","background-repeat":"repeat","background-position":"center center","background-size":"auto","background-attachment":"scroll","background-type":"","background-media":"","overlay-type":"","overlay-color":"","overlay-opacity":"","overlay-gradient":""},"tablet":{"background-color":"var(--ast-global-color-4)","background-image":"","background-repeat":"repeat","background-position":"center center","background-size":"auto","background-attachment":"scroll","background-type":"","background-media":"","overlay-type":"","overlay-color":"","overlay-opacity":"","overlay-gradient":""},"mobile":{"background-color":"var(--ast-global-color-4)","background-image":"","background-repeat":"repeat","background-position":"center center","background-size":"auto","background-attachment":"scroll","background-type":"","background-media":"","overlay-type":"","overlay-color":"","overlay-opacity":"","overlay-gradient":""}},"footnotes":""},"class_list":["post-2033","page","type-page","status-publish","has-post-thumbnail","hentry"],"_links":{"self":[{"href":"https:\/\/mtglawyers.com\/es\/wp-json\/wp\/v2\/pages\/2033","targetHints":{"allow":["GET"]}}],"collection":[{"href":"https:\/\/mtglawyers.com\/es\/wp-json\/wp\/v2\/pages"}],"about":[{"href":"https:\/\/mtglawyers.com\/es\/wp-json\/wp\/v2\/types\/page"}],"author":[{"embeddable":true,"href":"https:\/\/mtglawyers.com\/es\/wp-json\/wp\/v2\/users\/1"}],"replies":[{"embeddable":true,"href":"https:\/\/mtglawyers.com\/es\/wp-json\/wp\/v2\/comments?post=2033"}],"version-history":[{"count":4,"href":"https:\/\/mtglawyers.com\/es\/wp-json\/wp\/v2\/pages\/2033\/revisions"}],"predecessor-version":[{"id":2126,"href":"https:\/\/mtglawyers.com\/es\/wp-json\/wp\/v2\/pages\/2033\/revisions\/2126"}],"up":[{"embeddable":true,"href":"https:\/\/mtglawyers.com\/es\/wp-json\/wp\/v2\/pages\/1957"}],"wp:featuredmedia":[{"embeddable":true,"href":"https:\/\/mtglawyers.com\/es\/wp-json\/wp\/v2\/media\/1939"}],"wp:attachment":[{"href":"https:\/\/mtglawyers.com\/es\/wp-json\/wp\/v2\/media?parent=2033"}],"curies":[{"name":"wp","href":"https:\/\/api.w.org\/{rel}","templated":true}]}}