 {"id":2022,"date":"2025-01-31T06:25:47","date_gmt":"2025-01-31T06:25:47","guid":{"rendered":"https:\/\/mtglawyers.com\/areas-de-practica\/planificacion-de-patrimonios-y-fideicomisos\/"},"modified":"2025-03-06T07:18:44","modified_gmt":"2025-03-06T07:18:44","slug":"planificacion-de-patrimonios-y-fideicomisos","status":"publish","type":"page","link":"https:\/\/mtglawyers.com\/es\/areas-de-practica\/planificacion-de-patrimonios-y-fideicomisos\/","title":{"rendered":"Planificaci\u00f3n de patrimonios y fideicomisos"},"content":{"rendered":"\t\t<div data-elementor-type=\"wp-page\" data-elementor-id=\"2022\" class=\"elementor elementor-2022 elementor-646\" data-elementor-post-type=\"page\">\n\t\t\t\t<div class=\"elementor-element elementor-element-d500b4b e-flex e-con-boxed e-con e-parent\" data-id=\"d500b4b\" data-element_type=\"container\" data-e-type=\"container\" data-settings=\"{&quot;background_background&quot;:&quot;classic&quot;}\">\n\t\t\t\t\t<div class=\"e-con-inner\">\n\t\t\t\t<div class=\"elementor-element elementor-element-a768f95 elementor-widget__width-initial elementor-widget elementor-widget-heading\" data-id=\"a768f95\" data-element_type=\"widget\" data-e-type=\"widget\" data-widget_type=\"heading.default\">\n\t\t\t\t<div class=\"elementor-widget-container\">\n\t\t\t\t\t<h2 class=\"elementor-heading-title elementor-size-default\">Maxwell, Tassini, &amp; Gardner, LLC<\/h2>\t\t\t\t<\/div>\n\t\t\t\t<\/div>\n\t\t\t\t<div class=\"elementor-element elementor-element-39b4917 elementor-view-stacked elementor-shape-circle elementor-invisible elementor-widget elementor-widget-icon\" data-id=\"39b4917\" data-element_type=\"widget\" data-e-type=\"widget\" id=\"start\" data-settings=\"{&quot;_animation&quot;:&quot;fadeInUp&quot;}\" data-widget_type=\"icon.default\">\n\t\t\t\t<div class=\"elementor-widget-container\">\n\t\t\t\t\t\t\t<div class=\"elementor-icon-wrapper\">\n\t\t\t<a class=\"elementor-icon elementor-animation-float\" href=\"#start\">\n\t\t\t<i aria-hidden=\"true\" class=\"icon icon-arrow-down\"><\/i>\t\t\t<\/a>\n\t\t<\/div>\n\t\t\t\t\t\t<\/div>\n\t\t\t\t<\/div>\n\t\t\t\t\t<\/div>\n\t\t\t\t<\/div>\n\t\t<div class=\"elementor-element elementor-element-73f368c e-flex e-con-boxed e-con e-parent\" data-id=\"73f368c\" data-element_type=\"container\" data-e-type=\"container\">\n\t\t\t\t\t<div class=\"e-con-inner\">\n\t\t<div class=\"elementor-element elementor-element-eac6296 e-con-full e-flex e-con e-child\" data-id=\"eac6296\" data-element_type=\"container\" data-e-type=\"container\">\n\t\t\t\t<div class=\"elementor-element elementor-element-57a1327 elementor-invisible elementor-widget elementor-widget-image\" data-id=\"57a1327\" data-element_type=\"widget\" data-e-type=\"widget\" data-settings=\"{&quot;_animation&quot;:&quot;fadeInLeft&quot;}\" data-widget_type=\"image.default\">\n\t\t\t\t<div class=\"elementor-widget-container\">\n\t\t\t\t\t\t\t\t\t\t\t\t\t\t\t<img fetchpriority=\"high\" decoding=\"async\" width=\"355\" height=\"444\" src=\"https:\/\/mtglawyers.com\/wp-content\/uploads\/2025\/01\/Tassini-I.jpg\" class=\"attachment-full size-full wp-image-2020\" alt=\"\" srcset=\"https:\/\/mtglawyers.com\/wp-content\/uploads\/2025\/01\/Tassini-I.jpg 355w, https:\/\/mtglawyers.com\/wp-content\/uploads\/2025\/01\/Tassini-I-240x300.jpg 240w\" sizes=\"(max-width: 355px) 100vw, 355px\" \/>\t\t\t\t\t\t\t\t\t\t\t\t\t\t\t<\/div>\n\t\t\t\t<\/div>\n\t\t\t\t<\/div>\n\t\t<div class=\"elementor-element elementor-element-8e36c2b e-con-full e-flex e-con e-child\" data-id=\"8e36c2b\" data-element_type=\"container\" data-e-type=\"container\">\n\t\t\t\t<div class=\"elementor-element elementor-element-e5742fb elementor-invisible elementor-widget elementor-widget-heading\" data-id=\"e5742fb\" data-element_type=\"widget\" data-e-type=\"widget\" data-settings=\"{&quot;_animation&quot;:&quot;fadeInRight&quot;}\" data-widget_type=\"heading.default\">\n\t\t\t\t<div class=\"elementor-widget-container\">\n\t\t\t\t\t<h2 class=\"elementor-heading-title elementor-size-default\">El plan patrimonial adecuado <span style=\"color:#4A4A4A\">para usted<\/span><\/h2>\t\t\t\t<\/div>\n\t\t\t\t<\/div>\n\t\t\t\t<div class=\"elementor-element elementor-element-c196df7 elementor-widget__width-initial elementor-invisible elementor-widget elementor-widget-text-editor\" data-id=\"c196df7\" data-element_type=\"widget\" data-e-type=\"widget\" data-settings=\"{&quot;_animation&quot;:&quot;fadeInRight&quot;}\" data-widget_type=\"text-editor.default\">\n\t\t\t\t<div class=\"elementor-widget-container\">\n\t\t\t\t\t\t\t\t\t<p>Muchos clientes potenciales no est\u00e1n seguros de si necesitan un plan patrimonial. Quiz\u00e1s piensen que sus activos son demasiado insignificantes como para requerir alguna planificaci\u00f3n, o que su c\u00f3nyuge o sus hijos pueden solucionar todo. Otros clientes reconocen la necesidad de un plan patrimonial, pero temen que elaborarlo requiera m\u00e1s complicaciones o gastos de los que pueden manejar. Estos conceptos err\u00f3neos, aunque comprensibles, pueden crear costos y tensiones importantes e innecesarios.<\/p><p>Consultar con un abogado experto y tener sus documentos preparados y ejecutados de acuerdo con la ley de Nueva Jersey le brinda verdadera tranquilidad. Con un plan s\u00f3lido, usted sabe que sus deseos se cumplir\u00e1n, tanto en caso de discapacidad o enfermedad como despu\u00e9s de su muerte. Cualquiera que sean sus circunstancias personales o financieras, el plan patrimonial adecuado garantiza que sus activos llegar\u00e1n a los beneficiarios de su elecci\u00f3n, lo m\u00e1s r\u00e1pido y eficientemente posible.<\/p><p>John Tassini trabaja en estrecha colaboraci\u00f3n con cada uno de sus clientes para desarrollar planes patrimoniales precisos y rentables. Profundamente arraigado en la comunidad, estar\u00e1 aqu\u00ed para usted y sus seres queridos ahora y en el futuro.<\/p>\t\t\t\t\t\t\t\t<\/div>\n\t\t\t\t<\/div>\n\t\t\t\t<\/div>\n\t\t\t\t\t<\/div>\n\t\t\t\t<\/div>\n\t\t<div class=\"elementor-element elementor-element-12d3303 e-flex e-con-boxed e-con e-parent\" data-id=\"12d3303\" data-element_type=\"container\" data-e-type=\"container\" data-settings=\"{&quot;background_background&quot;:&quot;classic&quot;}\">\n\t\t\t\t\t<div class=\"e-con-inner\">\n\t\t\t\t<div class=\"elementor-element elementor-element-d0f5687 elementor-invisible elementor-widget elementor-widget-heading\" data-id=\"d0f5687\" data-element_type=\"widget\" data-e-type=\"widget\" data-settings=\"{&quot;_animation&quot;:&quot;fadeInUp&quot;}\" data-widget_type=\"heading.default\">\n\t\t\t\t<div class=\"elementor-widget-container\">\n\t\t\t\t\t<h2 class=\"elementor-heading-title elementor-size-default\">\u00bfQu\u00e9 pasa con los impuestos? \u00bfCuidados a largo plazo y gastos m\u00e9dicos? <br><span style=\"color:\"> \u00bfNecesito un fideicomiso?<\/span><\/h2>\t\t\t\t<\/div>\n\t\t\t\t<\/div>\n\t\t\t\t<div class=\"elementor-element elementor-element-12e2e19 elementor-widget__width-initial elementor-invisible elementor-widget elementor-widget-text-editor\" data-id=\"12e2e19\" data-element_type=\"widget\" data-e-type=\"widget\" data-settings=\"{&quot;_animation&quot;:&quot;fadeInUp&quot;}\" data-widget_type=\"text-editor.default\">\n\t\t\t\t<div class=\"elementor-widget-container\">\n\t\t\t\t\t\t\t\t\t<p>El Sr. Tassini ofrece servicios integrales de planificaci\u00f3n patrimonial. En su primera reuni\u00f3n y durante todo el proceso, le brindar\u00e1 asesoramiento especializado sobre estos y otros temas de planificaci\u00f3n patrimonial y elaborar\u00e1 un plan adaptado a sus necesidades.<\/p>\t\t\t\t\t\t\t\t<\/div>\n\t\t\t\t<\/div>\n\t\t\t\t\t<\/div>\n\t\t\t\t<\/div>\n\t\t<div class=\"elementor-element elementor-element-a8d1e36 e-flex e-con-boxed e-con e-parent\" data-id=\"a8d1e36\" data-element_type=\"container\" data-e-type=\"container\">\n\t\t\t\t\t<div class=\"e-con-inner\">\n\t\t\t\t<div class=\"elementor-element elementor-element-c54af5a elementor-position-left elementor-vertical-align-middle elementor-invisible elementor-widget elementor-widget-image-box\" data-id=\"c54af5a\" data-element_type=\"widget\" data-e-type=\"widget\" data-settings=\"{&quot;_animation&quot;:&quot;fadeInLeft&quot;}\" data-widget_type=\"image-box.default\">\n\t\t\t\t<div class=\"elementor-widget-container\">\n\t\t\t\t\t<div class=\"elementor-image-box-wrapper\"><figure class=\"elementor-image-box-img\"><img decoding=\"async\" width=\"740\" height=\"493\" src=\"https:\/\/mtglawyers.com\/wp-content\/uploads\/2025\/01\/real-estate-agent-calculating-tax-interest-with-calculator.jpg\" class=\"attachment-full size-full wp-image-2025\" alt=\"agente inmobiliario calculando intereses fiscales con calculadora\" srcset=\"https:\/\/mtglawyers.com\/wp-content\/uploads\/2025\/01\/real-estate-agent-calculating-tax-interest-with-calculator.jpg 740w, https:\/\/mtglawyers.com\/wp-content\/uploads\/2025\/01\/real-estate-agent-calculating-tax-interest-with-calculator-300x200.jpg 300w\" sizes=\"(max-width: 740px) 100vw, 740px\" \/><\/figure><div class=\"elementor-image-box-content\"><h3 class=\"elementor-image-box-title\"><p>Administraci\u00f3n de patrimonios y <span style=\"color:#4A4A4A\">fideicomisos<\/span><\/p><\/h3><p class=\"elementor-image-box-description\">\u00bfHa sido usted designado albacea de un patrimonio? \u00bfUn familiar falleci\u00f3 sin testamento y no est\u00e1 seguro de qu\u00e9 hacer? El Sr. Tassini le guiar\u00e1 en la legalizaci\u00f3n del testamento o en su nombramiento como administrador de un patrimonio intestado. En la administraci\u00f3n de un fideicomiso o patrimonio, le asesorar\u00e1 sobre impuestos, contabilidad y distribuciones a los beneficiarios.\n<\/p><\/div><\/div>\t\t\t\t<\/div>\n\t\t\t\t<\/div>\n\t\t\t\t<div class=\"elementor-element elementor-element-3e79c4b elementor-position-right elementor-vertical-align-middle elementor-invisible elementor-widget elementor-widget-image-box\" data-id=\"3e79c4b\" data-element_type=\"widget\" data-e-type=\"widget\" data-settings=\"{&quot;_animation&quot;:&quot;fadeInRight&quot;}\" data-widget_type=\"image-box.default\">\n\t\t\t\t<div class=\"elementor-widget-container\">\n\t\t\t\t\t<div class=\"elementor-image-box-wrapper\"><figure class=\"elementor-image-box-img\"><img decoding=\"async\" width=\"740\" height=\"494\" src=\"https:\/\/mtglawyers.com\/wp-content\/uploads\/2025\/01\/Estate-Tax-Plan.jpg\" class=\"attachment-full size-full wp-image-2024\" alt=\"Plan de Impuestos sobre el Patrimonio\" srcset=\"https:\/\/mtglawyers.com\/wp-content\/uploads\/2025\/01\/Estate-Tax-Plan.jpg 740w, https:\/\/mtglawyers.com\/wp-content\/uploads\/2025\/01\/Estate-Tax-Plan-300x200.jpg 300w\" sizes=\"(max-width: 740px) 100vw, 740px\" \/><\/figure><div class=\"elementor-image-box-content\"><h3 class=\"elementor-image-box-title\"><p>Actualizaci\u00f3n de su plan <span style=\"color:#4A4A4A\">patrimonial<\/span><\/p><\/h3><p class=\"elementor-image-box-description\">Si hizo un plan patrimonial hace diez a\u00f1os o m\u00e1s, es hora de revisarlo. De la misma manera, cambios importantes en la vida, como el comienzo o el final de un matrimonio, o el nacimiento o la llegada a la edad adulta de un hijo o un nieto, pueden requerir cambios en su plan. Los nuevos desarrollos legales tambi\u00e9n pueden dictar cambios en su plan patrimonial, para maximizar la herencia de sus beneficiarios.\n<\/p><\/div><\/div>\t\t\t\t<\/div>\n\t\t\t\t<\/div>\n\t\t\t\t\t<\/div>\n\t\t\t\t<\/div>\n\t\t<div class=\"elementor-element elementor-element-c606713 e-flex e-con-boxed e-con e-parent\" data-id=\"c606713\" data-element_type=\"container\" data-e-type=\"container\">\n\t\t\t\t\t<div class=\"e-con-inner\">\n\t\t<div class=\"elementor-element elementor-element-2419212 e-con-full e-flex elementor-invisible e-con e-child\" data-id=\"2419212\" data-element_type=\"container\" data-e-type=\"container\" data-settings=\"{&quot;background_background&quot;:&quot;classic&quot;,&quot;animation&quot;:&quot;fadeInUp&quot;}\">\n\t\t\t\t<div class=\"elementor-element elementor-element-f01d8c2 elementor-invisible elementor-widget elementor-widget-heading\" data-id=\"f01d8c2\" data-element_type=\"widget\" data-e-type=\"widget\" data-settings=\"{&quot;_animation&quot;:&quot;fadeInUp&quot;}\" data-widget_type=\"heading.default\">\n\t\t\t\t<div class=\"elementor-widget-container\">\n\t\t\t\t\t<h2 class=\"elementor-heading-title elementor-size-default\"> Cont\u00e1ctenos a continuaci\u00f3n con sus asuntos legales, estamos aqu\u00ed para servirle con todas sus necesidades legales. <\/h2>\t\t\t\t<\/div>\n\t\t\t\t<\/div>\n\t\t\t\t<div class=\"elementor-element elementor-element-e1a2e46 elementor-align-left elementor-mobile-align-center elementor-invisible elementor-widget elementor-widget-button\" data-id=\"e1a2e46\" data-element_type=\"widget\" data-e-type=\"widget\" data-settings=\"{&quot;_animation&quot;:&quot;fadeInUp&quot;}\" data-widget_type=\"button.default\">\n\t\t\t\t<div class=\"elementor-widget-container\">\n\t\t\t\t\t\t\t\t\t<div class=\"elementor-button-wrapper\">\n\t\t\t\t\t<a class=\"elementor-button elementor-button-link elementor-size-sm elementor-animation-float\" href=\"https:\/\/tawk.to\/mtglawyersespanol\" target=\"_blank\" rel=\"noopener\">\n\t\t\t\t\t\t<span class=\"elementor-button-content-wrapper\">\n\t\t\t\t\t\t<span class=\"elementor-button-icon\">\n\t\t\t\t<i aria-hidden=\"true\" class=\"icon icon-chat\"><\/i>\t\t\t<\/span>\n\t\t\t\t\t\t\t\t\t<span class=\"elementor-button-text\">Enviar un mensaje seguro<\/span>\n\t\t\t\t\t<\/span>\n\t\t\t\t\t<\/a>\n\t\t\t\t<\/div>\n\t\t\t\t\t\t\t\t<\/div>\n\t\t\t\t<\/div>\n\t\t\t\t<\/div>\n\t\t\t\t\t<\/div>\n\t\t\t\t<\/div>\n\t\t\t\t<\/div>\n\t\t","protected":false},"excerpt":{"rendered":"<p>Maxwell, Tassini, &amp; Gardner, LLC El plan patrimonial adecuado para usted Muchos clientes potenciales no est\u00e1n seguros de si necesitan [&hellip;]<\/p>\n","protected":false},"author":1,"featured_media":1939,"parent":1957,"menu_order":1,"comment_status":"closed","ping_status":"closed","template":"","meta":{"site-sidebar-layout":"no-sidebar","site-content-layout":"","ast-site-content-layout":"full-width-container","site-content-style":"default","site-sidebar-style":"default","ast-global-header-display":"","ast-banner-title-visibility":"","ast-main-header-display":"","ast-hfb-above-header-display":"","ast-hfb-below-header-display":"","ast-hfb-mobile-header-display":"","site-post-title":"disabled","ast-breadcrumbs-content":"","ast-featured-img":"disabled","footer-sml-layout":"","ast-disable-related-posts":"","theme-transparent-header-meta":"default","adv-header-id-meta":"","stick-header-meta":"","header-above-stick-meta":"","header-main-stick-meta":"","header-below-stick-meta":"","astra-migrate-meta-layouts":"default","ast-page-background-enabled":"default","ast-page-background-meta":{"desktop":{"background-color":"var(--ast-global-color-5)","background-image":"","background-repeat":"repeat","background-position":"center center","background-size":"auto","background-attachment":"scroll","background-type":"","background-media":"","overlay-type":"","overlay-color":"","overlay-opacity":"","overlay-gradient":""},"tablet":{"background-color":"","background-image":"","background-repeat":"repeat","background-position":"center center","background-size":"auto","background-attachment":"scroll","background-type":"","background-media":"","overlay-type":"","overlay-color":"","overlay-opacity":"","overlay-gradient":""},"mobile":{"background-color":"","background-image":"","background-repeat":"repeat","background-position":"center center","background-size":"auto","background-attachment":"scroll","background-type":"","background-media":"","overlay-type":"","overlay-color":"","overlay-opacity":"","overlay-gradient":""}},"ast-content-background-meta":{"desktop":{"background-color":"var(--ast-global-color-4)","background-image":"","background-repeat":"repeat","background-position":"center center","background-size":"auto","background-attachment":"scroll","background-type":"","background-media":"","overlay-type":"","overlay-color":"","overlay-opacity":"","overlay-gradient":""},"tablet":{"background-color":"var(--ast-global-color-4)","background-image":"","background-repeat":"repeat","background-position":"center center","background-size":"auto","background-attachment":"scroll","background-type":"","background-media":"","overlay-type":"","overlay-color":"","overlay-opacity":"","overlay-gradient":""},"mobile":{"background-color":"var(--ast-global-color-4)","background-image":"","background-repeat":"repeat","background-position":"center center","background-size":"auto","background-attachment":"scroll","background-type":"","background-media":"","overlay-type":"","overlay-color":"","overlay-opacity":"","overlay-gradient":""}},"footnotes":""},"class_list":["post-2022","page","type-page","status-publish","has-post-thumbnail","hentry"],"_links":{"self":[{"href":"https:\/\/mtglawyers.com\/es\/wp-json\/wp\/v2\/pages\/2022","targetHints":{"allow":["GET"]}}],"collection":[{"href":"https:\/\/mtglawyers.com\/es\/wp-json\/wp\/v2\/pages"}],"about":[{"href":"https:\/\/mtglawyers.com\/es\/wp-json\/wp\/v2\/types\/page"}],"author":[{"embeddable":true,"href":"https:\/\/mtglawyers.com\/es\/wp-json\/wp\/v2\/users\/1"}],"replies":[{"embeddable":true,"href":"https:\/\/mtglawyers.com\/es\/wp-json\/wp\/v2\/comments?post=2022"}],"version-history":[{"count":4,"href":"https:\/\/mtglawyers.com\/es\/wp-json\/wp\/v2\/pages\/2022\/revisions"}],"predecessor-version":[{"id":2120,"href":"https:\/\/mtglawyers.com\/es\/wp-json\/wp\/v2\/pages\/2022\/revisions\/2120"}],"up":[{"embeddable":true,"href":"https:\/\/mtglawyers.com\/es\/wp-json\/wp\/v2\/pages\/1957"}],"wp:featuredmedia":[{"embeddable":true,"href":"https:\/\/mtglawyers.com\/es\/wp-json\/wp\/v2\/media\/1939"}],"wp:attachment":[{"href":"https:\/\/mtglawyers.com\/es\/wp-json\/wp\/v2\/media?parent=2022"}],"curies":[{"name":"wp","href":"https:\/\/api.w.org\/{rel}","templated":true}]}}