 {"id":2019,"date":"2025-01-30T09:27:36","date_gmt":"2025-01-30T09:27:36","guid":{"rendered":"https:\/\/mtglawyers.com\/perfiles-de-abogados\/john-c-tassini\/"},"modified":"2025-03-06T07:48:37","modified_gmt":"2025-03-06T07:48:37","slug":"john-c-tassini","status":"publish","type":"page","link":"https:\/\/mtglawyers.com\/es\/perfiles-de-abogados\/john-c-tassini\/","title":{"rendered":"John C. Tassini"},"content":{"rendered":"\t\t<div data-elementor-type=\"wp-page\" data-elementor-id=\"2019\" class=\"elementor elementor-2019 elementor-509\" data-elementor-post-type=\"page\">\n\t\t\t\t<div class=\"elementor-element elementor-element-444c3a6 e-flex e-con-boxed e-con e-parent\" data-id=\"444c3a6\" data-element_type=\"container\" data-e-type=\"container\" data-settings=\"{&quot;background_background&quot;:&quot;classic&quot;}\">\n\t\t\t\t\t<div class=\"e-con-inner\">\n\t\t\t\t<div class=\"elementor-element elementor-element-27705ba elementor-widget__width-initial elementor-invisible elementor-widget elementor-widget-heading\" data-id=\"27705ba\" data-element_type=\"widget\" data-e-type=\"widget\" data-settings=\"{&quot;_animation&quot;:&quot;fadeInUp&quot;}\" data-widget_type=\"heading.default\">\n\t\t\t\t<div class=\"elementor-widget-container\">\n\t\t\t\t\t<h2 class=\"elementor-heading-title elementor-size-default\">Maxwell, Tassini, &amp; Gardner, LLC<\/h2>\t\t\t\t<\/div>\n\t\t\t\t<\/div>\n\t\t\t\t<div class=\"elementor-element elementor-element-fd4c821 elementor-view-stacked elementor-shape-circle elementor-invisible elementor-widget elementor-widget-icon\" data-id=\"fd4c821\" data-element_type=\"widget\" data-e-type=\"widget\" id=\"start\" data-settings=\"{&quot;_animation&quot;:&quot;fadeInUp&quot;}\" data-widget_type=\"icon.default\">\n\t\t\t\t<div class=\"elementor-widget-container\">\n\t\t\t\t\t\t\t<div class=\"elementor-icon-wrapper\">\n\t\t\t<a class=\"elementor-icon elementor-animation-float\" href=\"#start\">\n\t\t\t<i aria-hidden=\"true\" class=\"icon icon-arrow-down\"><\/i>\t\t\t<\/a>\n\t\t<\/div>\n\t\t\t\t\t\t<\/div>\n\t\t\t\t<\/div>\n\t\t\t\t\t<\/div>\n\t\t\t\t<\/div>\n\t\t<div class=\"elementor-element elementor-element-526375f e-flex e-con-boxed e-con e-parent\" data-id=\"526375f\" data-element_type=\"container\" data-e-type=\"container\" data-settings=\"{&quot;background_background&quot;:&quot;classic&quot;}\">\n\t\t\t\t\t<div class=\"e-con-inner\">\n\t\t<div class=\"elementor-element elementor-element-8e07c6d e-con-full e-flex e-con e-child\" data-id=\"8e07c6d\" data-element_type=\"container\" data-e-type=\"container\">\n\t\t\t\t<div class=\"elementor-element elementor-element-4e1b332 elementor-invisible elementor-widget elementor-widget-image\" data-id=\"4e1b332\" data-element_type=\"widget\" data-e-type=\"widget\" data-settings=\"{&quot;_animation&quot;:&quot;fadeInLeft&quot;}\" data-widget_type=\"image.default\">\n\t\t\t\t<div class=\"elementor-widget-container\">\n\t\t\t\t\t\t\t\t\t\t\t\t\t\t\t<img fetchpriority=\"high\" decoding=\"async\" width=\"533\" height=\"800\" src=\"https:\/\/mtglawyers.com\/wp-content\/uploads\/2025\/01\/Gardner-I.jpeg\" class=\"attachment-full size-full wp-image-1930\" alt=\"\" srcset=\"https:\/\/mtglawyers.com\/wp-content\/uploads\/2025\/01\/Gardner-I.jpeg 533w, https:\/\/mtglawyers.com\/wp-content\/uploads\/2025\/01\/Gardner-I-200x300.jpeg 200w\" sizes=\"(max-width: 533px) 100vw, 533px\" \/>\t\t\t\t\t\t\t\t\t\t\t\t\t\t\t<\/div>\n\t\t\t\t<\/div>\n\t\t\t\t<\/div>\n\t\t<div class=\"elementor-element elementor-element-62c8b54 e-con-full e-flex e-con e-child\" data-id=\"62c8b54\" data-element_type=\"container\" data-e-type=\"container\">\n\t\t\t\t<div class=\"elementor-element elementor-element-2e604c0 elementor-invisible elementor-widget elementor-widget-heading\" data-id=\"2e604c0\" data-element_type=\"widget\" data-e-type=\"widget\" data-settings=\"{&quot;_animation&quot;:&quot;fadeInRight&quot;}\" data-widget_type=\"heading.default\">\n\t\t\t\t<div class=\"elementor-widget-container\">\n\t\t\t\t\t<h2 class=\"elementor-heading-title elementor-size-default\">John C. <span style=\"color:#4A4A4A\">Tassini<\/span><\/h2>\t\t\t\t<\/div>\n\t\t\t\t<\/div>\n\t\t\t\t<div class=\"elementor-element elementor-element-bb6f6de elementor-invisible elementor-widget elementor-widget-text-editor\" data-id=\"bb6f6de\" data-element_type=\"widget\" data-e-type=\"widget\" data-settings=\"{&quot;_animation&quot;:&quot;fadeInRight&quot;}\" data-widget_type=\"text-editor.default\">\n\t\t\t\t<div class=\"elementor-widget-container\">\n\t\t\t\t\t\t\t\t\t<p>La pr\u00e1ctica de John Tassini se centra en la planificaci\u00f3n y administraci\u00f3n de patrimonios y fideicomisos. Prepara documentos de planificaci\u00f3n patrimonial, como testamentos, instrumentos fiduciarios, poderes notariales y directivas m\u00e9dicas anticipadas (&#8220;testamentos en vida&#8221;) para una amplia gama de clientes. Cuando un cliente es designado albacea o fiduciario, el Sr. Tassini proporciona una gu\u00eda meticulosa pero eficiente en el proceso de administraci\u00f3n. Con experiencia en litigios sucesorios, tambi\u00e9n ayuda a los clientes a resolver disputas sobre patrimonios, como impugnaciones de testamentos.   <br><br>Al igual que sus padres y abuelos, el Sr. Tassini creci\u00f3 en el sureste del condado de Monmouth. Se gradu\u00f3 de la escuela primaria Brielle y de la escuela secundaria Manasquan. \u00c9l y su esposa, Kate, padres de tres ni\u00f1os en edad escolar y un goldendoodle, viven en Manasquan. El Sr. Tassini es fideicomisario de la biblioteca p\u00fablica de Manasquan, miembro designado del Comit\u00e9 Asesor de Ciudadanos del Consejo del Distrito y voluntario de la Liga Infantil de Manasquan-Brielle. En 2024, el Consejo del Distrito de Manasquan lo nombr\u00f3 miembro suplente de la Junta de Planificaci\u00f3n. Es miembro de la Primera Iglesia Presbiteriana de Manasquan, donde fue ordenado anciano y anteriormente presidi\u00f3 el comit\u00e9 de finanzas.     <\/p>\t\t\t\t\t\t\t\t<\/div>\n\t\t\t\t<\/div>\n\t\t\t\t<div class=\"elementor-element elementor-element-e81eb8f elementor-invisible elementor-widget elementor-widget-n-accordion\" data-id=\"e81eb8f\" data-element_type=\"widget\" data-e-type=\"widget\" data-settings=\"{&quot;default_state&quot;:&quot;all_collapsed&quot;,&quot;_animation&quot;:&quot;fadeInRight&quot;,&quot;max_items_expended&quot;:&quot;one&quot;,&quot;n_accordion_animation_duration&quot;:{&quot;unit&quot;:&quot;ms&quot;,&quot;size&quot;:400,&quot;sizes&quot;:[]}}\" data-widget_type=\"nested-accordion.default\">\n\t\t\t\t<div class=\"elementor-widget-container\">\n\t\t\t\t\t\t\t<div class=\"e-n-accordion\" aria-label=\"Accordion. Open links with Enter or Space, close with Escape, and navigate with Arrow Keys\">\n\t\t\t\t\t\t<details id=\"e-n-accordion-item-2430\" class=\"e-n-accordion-item\" >\n\t\t\t\t<summary class=\"e-n-accordion-item-title\" data-accordion-index=\"1\" tabindex=\"0\" aria-expanded=\"false\" aria-controls=\"e-n-accordion-item-2430\" >\n\t\t\t\t\t<span class='e-n-accordion-item-title-header'><div class=\"e-n-accordion-item-title-text\"> Filosof\u00eda <\/div><\/span>\n\t\t\t\t\t\t\t<span class='e-n-accordion-item-title-icon'>\n\t\t\t<span class='e-opened' ><svg aria-hidden=\"true\" class=\"e-font-icon-svg e-fas-minus\" viewBox=\"0 0 448 512\" xmlns=\"http:\/\/www.w3.org\/2000\/svg\"><path d=\"M416 208H32c-17.67 0-32 14.33-32 32v32c0 17.67 14.33 32 32 32h384c17.67 0 32-14.33 32-32v-32c0-17.67-14.33-32-32-32z\"><\/path><\/svg><\/span>\n\t\t\t<span class='e-closed'><svg aria-hidden=\"true\" class=\"e-font-icon-svg e-fas-plus\" viewBox=\"0 0 448 512\" xmlns=\"http:\/\/www.w3.org\/2000\/svg\"><path d=\"M416 208H272V64c0-17.67-14.33-32-32-32h-32c-17.67 0-32 14.33-32 32v144H32c-17.67 0-32 14.33-32 32v32c0 17.67 14.33 32 32 32h144v144c0 17.67 14.33 32 32 32h32c17.67 0 32-14.33 32-32V304h144c17.67 0 32-14.33 32-32v-32c0-17.67-14.33-32-32-32z\"><\/path><\/svg><\/span>\n\t\t<\/span>\n\n\t\t\t\t\t\t<\/summary>\n\t\t\t\t<div role=\"region\" aria-labelledby=\"e-n-accordion-item-2430\" class=\"elementor-element elementor-element-d954af1 e-con-full e-flex e-con e-child\" data-id=\"d954af1\" data-element_type=\"container\" data-e-type=\"container\">\n\t\t\t\t<div class=\"elementor-element elementor-element-c4bc85e elementor-widget elementor-widget-text-editor\" data-id=\"c4bc85e\" data-element_type=\"widget\" data-e-type=\"widget\" data-widget_type=\"text-editor.default\">\n\t\t\t\t<div class=\"elementor-widget-container\">\n\t\t\t\t\t\t\t\t\t<p>El Sr. Tassini conoce a cada cliente y dise\u00f1a e implementa cada plan patrimonial para satisfacer las necesidades espec\u00edficas del cliente y sus seres queridos, ahora y en el futuro.<\/p>\t\t\t\t\t\t\t\t<\/div>\n\t\t\t\t<\/div>\n\t\t\t\t<\/div>\n\t\t\t\t\t<\/details>\n\t\t\t\t\t\t<details id=\"e-n-accordion-item-2431\" class=\"e-n-accordion-item\" >\n\t\t\t\t<summary class=\"e-n-accordion-item-title\" data-accordion-index=\"2\" tabindex=\"-1\" aria-expanded=\"false\" aria-controls=\"e-n-accordion-item-2431\" >\n\t\t\t\t\t<span class='e-n-accordion-item-title-header'><div class=\"e-n-accordion-item-title-text\"> Biograf\u00eda profesional <\/div><\/span>\n\t\t\t\t\t\t\t<span class='e-n-accordion-item-title-icon'>\n\t\t\t<span class='e-opened' ><svg aria-hidden=\"true\" class=\"e-font-icon-svg e-fas-minus\" viewBox=\"0 0 448 512\" xmlns=\"http:\/\/www.w3.org\/2000\/svg\"><path d=\"M416 208H32c-17.67 0-32 14.33-32 32v32c0 17.67 14.33 32 32 32h384c17.67 0 32-14.33 32-32v-32c0-17.67-14.33-32-32-32z\"><\/path><\/svg><\/span>\n\t\t\t<span class='e-closed'><svg aria-hidden=\"true\" class=\"e-font-icon-svg e-fas-plus\" viewBox=\"0 0 448 512\" xmlns=\"http:\/\/www.w3.org\/2000\/svg\"><path d=\"M416 208H272V64c0-17.67-14.33-32-32-32h-32c-17.67 0-32 14.33-32 32v144H32c-17.67 0-32 14.33-32 32v32c0 17.67 14.33 32 32 32h144v144c0 17.67 14.33 32 32 32h32c17.67 0 32-14.33 32-32V304h144c17.67 0 32-14.33 32-32v-32c0-17.67-14.33-32-32-32z\"><\/path><\/svg><\/span>\n\t\t<\/span>\n\n\t\t\t\t\t\t<\/summary>\n\t\t\t\t<div role=\"region\" aria-labelledby=\"e-n-accordion-item-2431\" class=\"elementor-element elementor-element-87aee33 e-con-full e-flex e-con e-child\" data-id=\"87aee33\" data-element_type=\"container\" data-e-type=\"container\">\n\t\t\t\t<div class=\"elementor-element elementor-element-f2fd0b6 elementor-widget elementor-widget-text-editor\" data-id=\"f2fd0b6\" data-element_type=\"widget\" data-e-type=\"widget\" data-widget_type=\"text-editor.default\">\n\t\t\t\t<div class=\"elementor-widget-container\">\n\t\t\t\t\t\t\t\t\tEn 2004, el Sr. Tassini se licenci\u00f3 en Literatura Inglesa, <em>magna cum laude<\/em>, en la Universidad de Georgetown, donde fue elegido miembro de Phi Beta Kappa. En 2006, obtuvo una Maestr\u00eda en Educaci\u00f3n en el Teachers College de la Universidad de Columbia. Antes de ejercer la abogac\u00eda, ense\u00f1\u00f3 ingl\u00e9s en escuelas p\u00fablicas de Nueva Jersey, Nueva York y Connecticut.  \n<br><br>En 2009, el Sr. Tassini recibi\u00f3 su t\u00edtulo de Juris Doctor del Centro de Derecho de la <a style=\"text-decoration:none; color:black;\" href=\"https:\/\/flexllm.gmu.edu\/\" target=\"_blank\" rel=\"noopener\">Universidad de Georgetown<\/a>. Como estudiante de derecho, realiz\u00f3 pr\u00e1cticas en la Oficina del Fiscal General del Distrito de Columbia, donde interpuso demandas en nombre de inquilinos de bajos ingresos para la reparaci\u00f3n de condiciones de vivienda deficientes, y en el despacho de la Honorable Marie E. Lihotz, J.A.D. (ahora jubilada). En la graduaci\u00f3n, los compa\u00f1eros de clase del Sr. Tassini lo eligieron como orador de la ceremonia de graduaci\u00f3n. En la actualidad, el Sr. Tassini participa en el programa de Admisiones de Antiguos Alumnos, donde entrevista a futuros estudiantes de Derecho de Georgetown.    \n<br><br>El Sr. Tassini est\u00e1 habilitado para ejercer en los tribunales estatales y federales de Nueva Jersey. Comenz\u00f3 su carrera en McCarter &amp; English, Newark, se desempe\u00f1\u00f3 como fiscal adjunto del condado de Ocean y estuvo asociado con Campbell, Foley, Delano &amp; Adams, Asbury Park, y Foss, San Filippo &amp; Milne, Red Bank. Como miembro de los profesores adjuntos de Georgian Court y Monmouth Universities, el Sr. Tassini ha impartido cursos de pregrado y posgrado en Gobierno estadounidense y Derecho escolar.  \t\t\t\t\t\t\t\t<\/div>\n\t\t\t\t<\/div>\n\t\t\t\t<\/div>\n\t\t\t\t\t<\/details>\n\t\t\t\t\t<\/div>\n\t\t\t\t\t\t<\/div>\n\t\t\t\t<\/div>\n\t\t\t\t<\/div>\n\t\t\t\t\t<\/div>\n\t\t\t\t<\/div>\n\t\t<div class=\"elementor-element elementor-element-70741a6 e-flex e-con-boxed e-con e-parent\" data-id=\"70741a6\" data-element_type=\"container\" data-e-type=\"container\">\n\t\t\t\t\t<div class=\"e-con-inner\">\n\t\t<div class=\"elementor-element elementor-element-58a0f86 e-con-full e-flex elementor-invisible e-con e-child\" data-id=\"58a0f86\" data-element_type=\"container\" data-e-type=\"container\" data-settings=\"{&quot;background_background&quot;:&quot;classic&quot;,&quot;animation&quot;:&quot;fadeInUp&quot;}\">\n\t\t\t\t<div class=\"elementor-element elementor-element-4e4b68c elementor-invisible elementor-widget elementor-widget-heading\" data-id=\"4e4b68c\" data-element_type=\"widget\" data-e-type=\"widget\" data-settings=\"{&quot;_animation&quot;:&quot;fadeInUp&quot;}\" data-widget_type=\"heading.default\">\n\t\t\t\t<div class=\"elementor-widget-container\">\n\t\t\t\t\t<h2 class=\"elementor-heading-title elementor-size-default\"> Cont\u00e1ctenos a continuaci\u00f3n con sus asuntos legales, estamos aqu\u00ed para servirle con todas sus necesidades legales. <\/h2>\t\t\t\t<\/div>\n\t\t\t\t<\/div>\n\t\t\t\t<div class=\"elementor-element elementor-element-bc732b5 elementor-align-left elementor-mobile-align-center elementor-invisible elementor-widget elementor-widget-button\" data-id=\"bc732b5\" data-element_type=\"widget\" data-e-type=\"widget\" data-settings=\"{&quot;_animation&quot;:&quot;fadeInUp&quot;}\" data-widget_type=\"button.default\">\n\t\t\t\t<div class=\"elementor-widget-container\">\n\t\t\t\t\t\t\t\t\t<div class=\"elementor-button-wrapper\">\n\t\t\t\t\t<a class=\"elementor-button elementor-button-link elementor-size-sm elementor-animation-float\" href=\"https:\/\/tawk.to\/mtglawyersespanol\" target=\"_blank\" rel=\"noopener\">\n\t\t\t\t\t\t<span class=\"elementor-button-content-wrapper\">\n\t\t\t\t\t\t<span class=\"elementor-button-icon\">\n\t\t\t\t<i aria-hidden=\"true\" class=\"icon icon-chat\"><\/i>\t\t\t<\/span>\n\t\t\t\t\t\t\t\t\t<span class=\"elementor-button-text\">Enviar un mensaje seguro<\/span>\n\t\t\t\t\t<\/span>\n\t\t\t\t\t<\/a>\n\t\t\t\t<\/div>\n\t\t\t\t\t\t\t\t<\/div>\n\t\t\t\t<\/div>\n\t\t\t\t<\/div>\n\t\t\t\t\t<\/div>\n\t\t\t\t<\/div>\n\t\t\t\t<\/div>\n\t\t","protected":false},"excerpt":{"rendered":"<p>Maxwell, Tassini, &amp; Gardner, LLC John C. Tassini La pr\u00e1ctica de John Tassini se centra en la planificaci\u00f3n y administraci\u00f3n [&hellip;]<\/p>\n","protected":false},"author":1,"featured_media":1939,"parent":1951,"menu_order":3,"comment_status":"closed","ping_status":"closed","template":"","meta":{"site-sidebar-layout":"no-sidebar","site-content-layout":"","ast-site-content-layout":"full-width-container","site-content-style":"default","site-sidebar-style":"default","ast-global-header-display":"","ast-banner-title-visibility":"","ast-main-header-display":"","ast-hfb-above-header-display":"","ast-hfb-below-header-display":"","ast-hfb-mobile-header-display":"","site-post-title":"disabled","ast-breadcrumbs-content":"","ast-featured-img":"disabled","footer-sml-layout":"","ast-disable-related-posts":"","theme-transparent-header-meta":"default","adv-header-id-meta":"","stick-header-meta":"","header-above-stick-meta":"","header-main-stick-meta":"","header-below-stick-meta":"","astra-migrate-meta-layouts":"default","ast-page-background-enabled":"default","ast-page-background-meta":{"desktop":{"background-color":"var(--ast-global-color-5)","background-image":"","background-repeat":"repeat","background-position":"center center","background-size":"auto","background-attachment":"scroll","background-type":"","background-media":"","overlay-type":"","overlay-color":"","overlay-opacity":"","overlay-gradient":""},"tablet":{"background-color":"","background-image":"","background-repeat":"repeat","background-position":"center center","background-size":"auto","background-attachment":"scroll","background-type":"","background-media":"","overlay-type":"","overlay-color":"","overlay-opacity":"","overlay-gradient":""},"mobile":{"background-color":"","background-image":"","background-repeat":"repeat","background-position":"center center","background-size":"auto","background-attachment":"scroll","background-type":"","background-media":"","overlay-type":"","overlay-color":"","overlay-opacity":"","overlay-gradient":""}},"ast-content-background-meta":{"desktop":{"background-color":"var(--ast-global-color-4)","background-image":"","background-repeat":"repeat","background-position":"center center","background-size":"auto","background-attachment":"scroll","background-type":"","background-media":"","overlay-type":"","overlay-color":"","overlay-opacity":"","overlay-gradient":""},"tablet":{"background-color":"var(--ast-global-color-4)","background-image":"","background-repeat":"repeat","background-position":"center center","background-size":"auto","background-attachment":"scroll","background-type":"","background-media":"","overlay-type":"","overlay-color":"","overlay-opacity":"","overlay-gradient":""},"mobile":{"background-color":"var(--ast-global-color-4)","background-image":"","background-repeat":"repeat","background-position":"center center","background-size":"auto","background-attachment":"scroll","background-type":"","background-media":"","overlay-type":"","overlay-color":"","overlay-opacity":"","overlay-gradient":""}},"footnotes":""},"class_list":["post-2019","page","type-page","status-publish","has-post-thumbnail","hentry"],"_links":{"self":[{"href":"https:\/\/mtglawyers.com\/es\/wp-json\/wp\/v2\/pages\/2019","targetHints":{"allow":["GET"]}}],"collection":[{"href":"https:\/\/mtglawyers.com\/es\/wp-json\/wp\/v2\/pages"}],"about":[{"href":"https:\/\/mtglawyers.com\/es\/wp-json\/wp\/v2\/types\/page"}],"author":[{"embeddable":true,"href":"https:\/\/mtglawyers.com\/es\/wp-json\/wp\/v2\/users\/1"}],"replies":[{"embeddable":true,"href":"https:\/\/mtglawyers.com\/es\/wp-json\/wp\/v2\/comments?post=2019"}],"version-history":[{"count":7,"href":"https:\/\/mtglawyers.com\/es\/wp-json\/wp\/v2\/pages\/2019\/revisions"}],"predecessor-version":[{"id":2186,"href":"https:\/\/mtglawyers.com\/es\/wp-json\/wp\/v2\/pages\/2019\/revisions\/2186"}],"up":[{"embeddable":true,"href":"https:\/\/mtglawyers.com\/es\/wp-json\/wp\/v2\/pages\/1951"}],"wp:featuredmedia":[{"embeddable":true,"href":"https:\/\/mtglawyers.com\/es\/wp-json\/wp\/v2\/media\/1939"}],"wp:attachment":[{"href":"https:\/\/mtglawyers.com\/es\/wp-json\/wp\/v2\/media?parent=2019"}],"curies":[{"name":"wp","href":"https:\/\/api.w.org\/{rel}","templated":true}]}}